{"id":111,"date":"2025-02-25T09:35:18","date_gmt":"2025-02-25T09:35:18","guid":{"rendered":"https:\/\/alemvtc.idee-ad-prod.fr\/?page_id=111"},"modified":"2026-01-22T23:26:49","modified_gmt":"2026-01-22T23:26:49","slug":"mentions-legales","status":"publish","type":"page","link":"https:\/\/quentin-chauffeur-prive.fr\/ar\/\u0627\u0644\u0625\u0634\u0639\u0627\u0631\u0627\u062a-\u0627\u0644\u0642\u0627\u0646\u0648\u0646\u064a\u0629\/","title":{"rendered":"\u0627\u0644\u0625\u0634\u0639\u0627\u0631\u0627\u062a \u0627\u0644\u0642\u0627\u0646\u0648\u0646\u064a\u0629"},"content":{"rendered":"<div data-elementor-type=\"wp-page\" data-elementor-id=\"111\" class=\"elementor elementor-111\" data-elementor-post-type=\"page\">\n\t\t\t\t<div class=\"elementor-element elementor-element-93c75e1 e-flex e-con-boxed e-con e-parent\" data-id=\"93c75e1\" data-element_type=\"container\" data-e-type=\"container\" data-settings=\"{&quot;background_background&quot;:&quot;classic&quot;}\">\n\t\t\t\t\t<div class=\"e-con-inner\">\n\t\t\t\t<div class=\"elementor-element elementor-element-81d49ca elementor-widget elementor-widget-text-editor\" data-id=\"81d49ca\" data-element_type=\"widget\" data-e-type=\"widget\" data-widget_type=\"text-editor.default\">\n\t\t\t\t<div class=\"elementor-widget-container\">\n\t\t\t\t\t\t\t\t\t<h2>1. \u0645\u0639\u0644\u0648\u0645\u0627\u062a \u0639\u0627\u0645\u0629<\/h2><p>\u0648\u0641\u0642\u064b\u0627 \u0644\u0644\u0645\u0627\u062f\u062a\u064a\u0646 6-3 \u064819 \u0645\u0646 \u0627\u0644\u0642\u0627\u0646\u0648\u0646 \u0631\u0642\u0645 2004-575 \u0627\u0644\u0635\u0627\u062f\u0631 \u0641\u064a 21 \u064a\u0648\u0646\u064a\u0648 2004 \u0644\u0640<br \/>\u0627\u0644\u062b\u0642\u0629 \u0641\u064a \u0627\u0644\u0627\u0642\u062a\u0635\u0627\u062f \u0627\u0644\u0631\u0642\u0645\u064a (LCEN)\u060c \u0628\u0627\u0644\u0625\u0636\u0627\u0641\u0629 \u0625\u0644\u0649 \u0627\u0644\u0644\u0627\u0626\u062d\u0629 \u0627\u0644\u0639\u0627\u0645\u0629 \u0628\u0634\u0623\u0646<br \/>\u062d\u0645\u0627\u064a\u0629 \u0627\u0644\u0628\u064a\u0627\u0646\u0627\u062a (\u0627\u0644\u0644\u0627\u0626\u062d\u0629 \u0627\u0644\u0639\u0627\u0645\u0629 \u0644\u062d\u0645\u0627\u064a\u0629 \u0627\u0644\u0628\u064a\u0627\u0646\u0627\u062a - \u0627\u0644\u0627\u062a\u062d\u0627\u062f \u0627\u0644\u0623\u0648\u0631\u0648\u0628\u064a 2016\/679)\u060c \u0627\u0644\u0645\u0639\u0644\u0648\u0645\u0627\u062a \u0627\u0644\u062a\u0627\u0644\u064a\u0629 \u0647\u064a<br \/>\u062a\u0645 \u0644\u0641\u062a \u0627\u0646\u062a\u0628\u0627\u0647 \u0645\u0633\u062a\u062e\u062f\u0645\u064a \u0627\u0644\u0645\u0648\u0642\u0639 <strong>quentin-chauffeur-prive.fr<\/strong>.<br \/>\u0646\u0627\u0634\u0631 \u0627\u0644\u0645\u0648\u0642\u0639 \u0627\u0644\u0625\u0644\u0643\u062a\u0631\u0648\u0646\u064a:<br \/><strong>\u2013 \u0627\u0633\u0645 \u0627\u0644\u0634\u0631\u0643\u0629:<\/strong> \u0623\u0644\u064a\u0645 \u0643\u0648\u064a\u0646\u062a\u064a\u0646 \u0633\u0627\u0633<br \/><strong>\u2013 \u0627\u0644\u0648\u0636\u0639 \u0627\u0644\u0642\u0627\u0646\u0648\u0646\u064a:<\/strong> \u062c\u0627\u0645\u0639\u0629 \u0648\u0644\u0627\u064a\u0629 \u0633\u0627\u0633\u0648<br \/><strong>\u2013 SIRET:<\/strong> 93519598200019<br \/><strong>\u2013 \u0627\u0644\u0645\u0643\u062a\u0628 \u0627\u0644\u0631\u0626\u064a\u0633\u064a:<\/strong> 5 \u0634\u0627\u0631\u0639 \u062f\u064a \u0643\u0631\u0648\u0646\u0633\u062a\u0627\u062f 54000 \u0646\u0627\u0646\u0633\u064a<br \/><strong>\u2013 \u0631\u0645\u0632 APE:<\/strong> 49.32Z<br \/><strong>\u2013 \u0631\u0642\u0645 \u0636\u0631\u064a\u0628\u0629 \u0627\u0644\u0642\u064a\u0645\u0629 \u0627\u0644\u0645\u0636\u0627\u0641\u0629 \u062f\u0627\u062e\u0644 \u0627\u0644\u0627\u062a\u062d\u0627\u062f \u0627\u0644\u0623\u0648\u0631\u0648\u0628\u064a:<\/strong> FR19935195982<br \/><strong>- \u0645\u0633\u0624\u0648\u0644 \u0639\u0646 \u0627\u0644\u0646\u0634\u0631:<\/strong> \u0643\u0648\u064a\u0646\u062a\u064a\u0646 \u0623\u0644\u064a\u0645\u060c \u0628\u0635\u0641\u062a\u0647 \u0645\u062f\u064a\u0631\u064b\u0627<br \/><strong>- \u0627\u062a\u0635\u0627\u0644 :<\/strong> <a href=\"mailto:quentinalem@outlook.com\">quentinalem@outlook.com<\/a><\/p><p><strong>\u0645\u064f\u0633\u062a\u0636\u064a\u0641 \u0627\u0644\u0645\u0648\u0642\u0639 \u0627\u0644\u0625\u0644\u0643\u062a\u0631\u0648\u0646\u064a:<\/strong><\/p><p><strong>\u2013 \u0627\u0633\u0645 \u0627\u0644\u0634\u0631\u0643\u0629:<\/strong> \u0645\u0641\u062a\u0627\u062d \u0627\u0644\u0623\u0643\u0633\u062c\u064a\u0646<br \/><strong>- \u0627\u0644\u0648\u0636\u0639 \u0627\u0644\u0642\u0627\u0646\u0648\u0646\u064a:<\/strong> \u062c\u0627\u0645\u0639\u0629 \u0648\u0644\u0627\u064a\u0629 \u0633\u0627\u0633\u0648<br \/><strong>- \u0639\u0646\u0648\u0627\u0646 :<\/strong> Chemin des Pardioaux\u060c 63000 \u0643\u0644\u064a\u0631\u0645\u0648\u0646 \u0641\u064a\u0631\u0627\u0646\u060c \u0641\u0631\u0646\u0633\u0627<br \/><strong>- \u0647\u0627\u062a\u0641 :<\/strong> 04 44 44 60 40<br \/><strong>- \u0628\u0631\u064a\u062f \u0625\u0644\u0643\u062a\u0631\u0648\u0646\u064a:<\/strong> <a href=\"mailto:support@o2switch.fr\">support@o2switch.fr<\/a><\/p><h2>2. \u0627\u0644\u0645\u0644\u0643\u064a\u0629 \u0627\u0644\u0641\u0643\u0631\u064a\u0629<\/h2><p>\u0627\u0644\u0645\u0648\u0642\u0639 <strong>quentin-chauffeur-prive.fr<\/strong> \u0628\u0627\u0644\u0625\u0636\u0627\u0641\u0629 \u0625\u0644\u0649 \u062c\u0645\u064a\u0639 \u0645\u062d\u062a\u0648\u064a\u0627\u062a\u0647 (\u0627\u0644\u0646\u0635\u0648\u0635 \u0648\u0627\u0644\u0635\u0648\u0631\u060c,<br \/>\u0627\u0644\u0631\u0633\u0648\u0645\u0627\u062a \u0648\u0627\u0644\u0634\u0639\u0627\u0631\u0627\u062a \u0648\u0627\u0644\u0641\u064a\u062f\u064a\u0648\u0647\u0627\u062a \u0648\u0627\u0644\u0647\u0646\u062f\u0633\u0629 \u0627\u0644\u0645\u0639\u0645\u0627\u0631\u064a\u0629 \u0648\u0642\u0648\u0627\u0639\u062f \u0627\u0644\u0628\u064a\u0627\u0646\u0627\u062a \u0648\u0645\u0627 \u0625\u0644\u0649 \u0630\u0644\u0643 \u0645\u062d\u0645\u064a\u0629 \u0628\u0645\u0648\u062c\u0628<br \/>\u0642\u0648\u0627\u0646\u064a\u0646 \u062d\u0642\u0648\u0642 \u0627\u0644\u0646\u0634\u0631 \u0648\u0627\u0644\u0645\u0644\u0643\u064a\u0629 \u0627\u0644\u0641\u0643\u0631\u064a\u0629 \u0627\u0644\u0633\u0627\u0631\u064a\u0629 \u0641\u064a \u0641\u0631\u0646\u0633\u0627 \u0648\u0641\u064a<br \/>\u0627\u0644\u0627\u062a\u062d\u0627\u062f \u0627\u0644\u0623\u0648\u0631\u0648\u0628\u064a.<br \/>\u0623\u064a \u0646\u0633\u062e \u0623\u0648 \u062a\u0645\u062b\u064a\u0644 \u0623\u0648 \u062a\u0639\u062f\u064a\u0644 \u0623\u0648 \u0646\u0634\u0631 \u0623\u0648 \u0646\u0642\u0644\u060c,<br \/>\u062a\u0634\u0648\u064a\u0647 \u0627\u0644\u0645\u0648\u0642\u0639 \u0623\u0648 \u0645\u062d\u062a\u0648\u0627\u0647\u060c \u0643\u0644\u064a\u0627\u064b \u0623\u0648 \u062c\u0632\u0626\u064a\u0627\u064b\u060c \u0628\u0623\u064a \u0648\u0633\u064a\u0644\u0629 \u0643\u0627\u0646\u062a.<br \/>\u0647\u0630\u0627\u060c \u062f\u0648\u0646 \u0627\u0644\u062d\u0635\u0648\u0644 \u0639\u0644\u0649 \u0625\u0630\u0646 \u0643\u062a\u0627\u0628\u064a \u0645\u0633\u0628\u0642 \u0645\u0646 <strong>\u0643\u0648\u064a\u0646\u062a\u0646 \u0627\u0644\u0633\u0627\u0626\u0642 \u0627\u0644\u062e\u0627\u0635<\/strong>, \u0645\u0645\u0646\u0648\u0639 \u0645\u0646\u0639\u0627\u064b \u0628\u0627\u062a\u0627\u064b<br \/>\u0648\u064a\u0634\u0643\u0644 \u0630\u0644\u0643 \u0627\u0646\u062a\u0647\u0627\u0643\u0627\u064b \u064a\u0639\u0627\u0642\u0628 \u0639\u0644\u064a\u0647 \u0628\u0645\u0648\u062c\u0628 \u0627\u0644\u0645\u0648\u0627\u062f L.335-2 \u0648\u0645\u0627 \u064a\u0644\u064a\u0647\u0627 \u0645\u0646 \u0627\u0644\u0642\u0627\u0646\u0648\u0646.<br \/>\u0627\u0644\u0645\u0644\u0643\u064a\u0629 \u0627\u0644\u0641\u0643\u0631\u064a\u0629.<\/p><h2>3. \u062d\u0645\u0627\u064a\u0629 \u0627\u0644\u0628\u064a\u0627\u0646\u0627\u062a \u0627\u0644\u0634\u062e\u0635\u064a\u0629<\/h2><p>\u0648\u0641\u0642\u064b\u0627 \u0644\u0644\u0627\u0626\u062d\u0629 \u0627\u0644\u0639\u0627\u0645\u0629 \u0644\u062d\u0645\u0627\u064a\u0629 \u0627\u0644\u0628\u064a\u0627\u0646\u0627\u062a (GDPR) \u0648\u0642\u0627\u0646\u0648\u0646 \u062d\u0645\u0627\u064a\u0629 \u0627\u0644\u0628\u064a\u0627\u0646\u0627\u062a \u0627\u0644\u0641\u0631\u0646\u0633\u064a \u0627\u0644\u0645\u0639\u062f\u0644\u060c, <strong>\u0643\u0648\u064a\u0646\u062a\u0646 \u0627\u0644\u0633\u0627\u0626\u0642 \u0627\u0644\u062e\u0627\u0635<\/strong><br \/>\u062a\u0644\u062a\u0632\u0645 \u0628\u0636\u0645\u0627\u0646 \u062d\u0645\u0627\u064a\u0629 \u0627\u0644\u0628\u064a\u0627\u0646\u0627\u062a \u0627\u0644\u0634\u062e\u0635\u064a\u0629 \u0644\u0644\u0645\u0633\u062a\u062e\u062f\u0645\u064a\u0646.<\/p><p><strong>\u0627\u0644\u0628\u064a\u0627\u0646\u0627\u062a \u0627\u0644\u062a\u064a \u062a\u0645 \u062c\u0645\u0639\u0647\u0627 \u0648\u0623\u063a\u0631\u0627\u0636 \u0627\u0644\u0645\u0639\u0627\u0644\u062c\u0629<br \/><\/strong><br \/>\u0627\u0644\u0628\u064a\u0627\u0646\u0627\u062a \u0627\u0644\u0634\u062e\u0635\u064a\u0629 \u0627\u0644\u062a\u064a \u064a\u062a\u0645 \u062c\u0645\u0639\u0647\u0627 \u0639\u0628\u0631 \u0627\u0644\u0645\u0648\u0642\u0639 \u0627\u0644\u0625\u0644\u0643\u062a\u0631\u0648\u0646\u064a <strong>quentin-chauffeur-prive.fr<\/strong>\u00a0\u062a\u064f\u0633\u062a\u062e\u062f\u0645<br \/>\u062d\u0635\u0631\u064a\u0627\u064b \u0641\u064a \u0625\u0637\u0627\u0631 \u0627\u0644\u062e\u062f\u0645\u0627\u062a \u0627\u0644\u0645\u0642\u062f\u0645\u0629\u060c \u0645\u062b\u0644:<br \/>\u2013 \u0625\u062f\u0627\u0631\u0629 \u0627\u0644\u0637\u0644\u0628\u0627\u062a \u0639\u0628\u0631 \u0646\u0645\u0648\u0630\u062c \u0627\u0644\u0627\u062a\u0635\u0627\u0644<br \/>\u2013 \u0625\u0631\u0633\u0627\u0644 \u0627\u0644\u0645\u0639\u0644\u0648\u0645\u0627\u062a \u0627\u0644\u062a\u062c\u0627\u0631\u064a\u0629 (\u0641\u064a \u062d\u0627\u0644 \u0627\u0644\u062d\u0635\u0648\u0644 \u0639\u0644\u0649 \u0645\u0648\u0627\u0641\u0642\u0629 \u0645\u0633\u0628\u0642\u0629)<br \/>\u2013 \u062a\u062d\u0633\u064a\u0646 \u0627\u0644\u0645\u0648\u0642\u0639 \u0648\u0627\u0644\u062e\u062f\u0645\u0627\u062a \u0627\u0644\u0645\u0642\u062f\u0645\u0629<\/p><p><strong>\u0627\u0644\u0623\u0633\u0627\u0633 \u0627\u0644\u0642\u0627\u0646\u0648\u0646\u064a \u0644\u0644\u0645\u0639\u0627\u0644\u062c\u0629<br \/><\/strong><br \/>\u062a\u0639\u062a\u0645\u062f \u0645\u0639\u0627\u0644\u062c\u0629 \u0627\u0644\u0628\u064a\u0627\u0646\u0627\u062a \u0639\u0644\u0649 \u062a\u0646\u0641\u064a\u0630 \u0639\u0642\u062f\u060c \u0648\u0645\u0648\u0627\u0641\u0642\u0629<br \/>\u0627\u0644\u0645\u0633\u062a\u062e\u062f\u0645 \u0623\u0648 \u0627\u0644\u0645\u0635\u0644\u062d\u0629 \u0627\u0644\u0645\u0634\u0631\u0648\u0639\u0629 \u0644\u0640 <strong>\u0643\u0648\u064a\u0646\u062a\u0646 \u0627\u0644\u0633\u0627\u0626\u0642 \u0627\u0644\u062e\u0627\u0635<\/strong><strong>.<br \/><\/strong><br \/><strong>\u0645\u062f\u0629 \u0627\u0644\u0635\u0644\u0627\u062d\u064a\u0629<\/strong><\/p><p>\u064a\u062a\u0645 \u0627\u0644\u0627\u062d\u062a\u0641\u0627\u0638 \u0628\u0627\u0644\u0628\u064a\u0627\u0646\u0627\u062a \u0644\u0645\u062f\u0629 \u0623\u0642\u0635\u0627\u0647\u0627 24 \u0634\u0647\u0631\u064b\u0627 \u0645\u0646 \u062a\u0627\u0631\u064a\u062e<br \/>\u0622\u062e\u0631 \u0627\u062a\u0635\u0627\u0644 \u0623\u0648 \u0646\u0647\u0627\u064a\u0629 \u0627\u0644\u0639\u0644\u0627\u0642\u0629 \u0627\u0644\u062a\u062c\u0627\u0631\u064a\u0629.<\/p><p><strong>\u062d\u0642\u0648\u0642 \u0627\u0644\u0645\u0633\u062a\u062e\u062f\u0645<\/strong><\/p><p>\u0648\u0641\u0642\u064b\u0627 \u0644\u0644\u0627\u0626\u062d\u0629 \u0627\u0644\u0639\u0627\u0645\u0629 \u0644\u062d\u0645\u0627\u064a\u0629 \u0627\u0644\u0628\u064a\u0627\u0646\u0627\u062a (GDPR)\u060c \u0644\u062f\u064a\u0643 \u0627\u0644\u062d\u0642\u0648\u0642 \u0627\u0644\u062a\u0627\u0644\u064a\u0629 \u0641\u064a\u0645\u0627 \u064a\u062a\u0639\u0644\u0642 \u0628\u0628\u064a\u0627\u0646\u0627\u062a\u0643:<br \/><strong>\u2013 \u062d\u0642 \u0627\u0644\u0648\u0635\u0648\u0644<\/strong> (\u0627\u0644\u0645\u0627\u062f\u0629 15 \u0645\u0646 \u0627\u0644\u0644\u0627\u0626\u062d\u0629 \u0627\u0644\u0639\u0627\u0645\u0629 \u0644\u062d\u0645\u0627\u064a\u0629 \u0627\u0644\u0628\u064a\u0627\u0646\u0627\u062a)<br \/><strong>\u2013 \u062d\u0642 \u0627\u0644\u062a\u0635\u062d\u064a\u062d<\/strong> (\u0627\u0644\u0645\u0627\u062f\u0629 16 \u0645\u0646 \u0627\u0644\u0644\u0627\u0626\u062d\u0629 \u0627\u0644\u0639\u0627\u0645\u0629 \u0644\u062d\u0645\u0627\u064a\u0629 \u0627\u0644\u0628\u064a\u0627\u0646\u0627\u062a)<br \/><strong>\u2013 \u0627\u0644\u062d\u0642 \u0641\u064a \u0627\u0644\u0645\u062d\u0648<\/strong> (\u0627\u0644\u062d\u0642 \u0641\u064a \u0627\u0644\u0646\u0633\u064a\u0627\u0646) (\u0627\u0644\u0645\u0627\u062f\u0629 17 \u0645\u0646 \u0627\u0644\u0644\u0627\u0626\u062d\u0629 \u0627\u0644\u0639\u0627\u0645\u0629 \u0644\u062d\u0645\u0627\u064a\u0629 \u0627\u0644\u0628\u064a\u0627\u0646\u0627\u062a)<br \/><strong>\u2013 \u0627\u0644\u062d\u0642 \u0641\u064a \u062a\u0642\u064a\u064a\u062f \u0627\u0644\u0645\u0639\u0627\u0644\u062c\u0629<\/strong> (\u0627\u0644\u0645\u0627\u062f\u0629 18 \u0645\u0646 \u0627\u0644\u0644\u0627\u0626\u062d\u0629 \u0627\u0644\u0639\u0627\u0645\u0629 \u0644\u062d\u0645\u0627\u064a\u0629 \u0627\u0644\u0628\u064a\u0627\u0646\u0627\u062a)<br \/><strong>\u2013 \u0627\u0644\u062d\u0642 \u0641\u064a \u0627\u0644\u0627\u0639\u062a\u0631\u0627\u0636<\/strong> (\u0627\u0644\u0645\u0627\u062f\u0629 21 \u0645\u0646 \u0627\u0644\u0644\u0627\u0626\u062d\u0629 \u0627\u0644\u0639\u0627\u0645\u0629 \u0644\u062d\u0645\u0627\u064a\u0629 \u0627\u0644\u0628\u064a\u0627\u0646\u0627\u062a)<br \/><strong>\u2013 \u0627\u0644\u062d\u0642 \u0641\u064a \u0646\u0642\u0644 \u0627\u0644\u0628\u064a\u0627\u0646\u0627\u062a<\/strong> (\u0627\u0644\u0645\u0627\u062f\u0629 20 \u0645\u0646 \u0627\u0644\u0644\u0627\u0626\u062d\u0629 \u0627\u0644\u0639\u0627\u0645\u0629 \u0644\u062d\u0645\u0627\u064a\u0629 \u0627\u0644\u0628\u064a\u0627\u0646\u0627\u062a)<\/p><p>\u064a\u0645\u0643\u0646\u0643 \u0645\u0645\u0627\u0631\u0633\u0629 \u062d\u0642\u0648\u0642\u0643 \u0639\u0646 \u0637\u0631\u064a\u0642 \u0627\u0644\u0627\u062a\u0635\u0627\u0644 \u0628\u0640 <strong>\u0643\u0648\u064a\u0646\u062a\u0646 \u0627\u0644\u0633\u0627\u0626\u0642 \u0627\u0644\u062e\u0627\u0635<\/strong> \u0639\u0644\u0649 \u0627\u0644\u0639\u0646\u0648\u0627\u0646 \u0627\u0644\u062a\u0627\u0644\u064a:<br \/><a href=\"mailto:quentinalem@outlook.com\">quentinalem@outlook.com<\/a><br \/>\u0625\u0630\u0627 \u0644\u0645 \u062a\u062a\u0644\u0642 \u0631\u062f\u0627\u064b \u062e\u0644\u0627\u0644 \u0634\u0647\u0631 \u0648\u0627\u062d\u062f\u060c \u0641\u0644\u0643 \u0627\u0644\u062d\u0642 \u0641\u064a \u062a\u0642\u062f\u064a\u0645 \u0634\u0643\u0648\u0649.<br \/>\u062a\u0642\u062f\u064a\u0645 \u0634\u0643\u0648\u0649 \u0625\u0644\u0649 \u0627\u0644\u0644\u062c\u0646\u0629 \u0627\u0644\u0648\u0637\u0646\u064a\u0629 \u0644\u062a\u0643\u0646\u0648\u0644\u0648\u062c\u064a\u0627 \u0627\u0644\u0645\u0639\u0644\u0648\u0645\u0627\u062a \u0648\u0627\u0644\u062d\u0631\u064a\u0627\u062a \u0627\u0644\u0645\u062f\u0646\u064a\u0629 (CNIL)<br \/>\u0627\u0644\u062d\u0631\u064a\u0627\u062a) \u0639\u0628\u0631 \u0645\u0648\u0642\u0639\u0647\u0627 \u0627\u0644\u0631\u0633\u0645\u064a \u0639\u0644\u0649 \u0627\u0644\u0625\u0646\u062a\u0631\u0646\u062a: <a href=\"http:\/\/www.cnil.fr\">www.cnil.fr<\/a>.<\/p><h2>4. \u0627\u0644\u0645\u0633\u0624\u0648\u0644\u064a\u0629 \u0648\u0627\u0644\u0642\u064a\u0648\u062f<\/h2><p><strong>\u0643\u0648\u064a\u0646\u062a\u0646 \u0627\u0644\u0633\u0627\u0626\u0642 \u0627\u0644\u062e\u0627\u0635<\/strong> \u062a\u0633\u0639\u0649 \u062c\u0627\u0647\u062f\u0629 \u0644\u0636\u0645\u0627\u0646 \u062f\u0642\u0629 \u0627\u0644\u0645\u0639\u0644\u0648\u0645\u0627\u062a \u0648\u062a\u062d\u062f\u064a\u062b\u0647\u0627<br \/>\u0627\u0644\u0645\u0646\u0634\u0648\u0631 \u0639\u0644\u0649 \u0647\u0630\u0627 \u0627\u0644\u0645\u0648\u0642\u0639. \u0648\u0645\u0639 \u0630\u0644\u0643\u060c \u0644\u0627 \u064a\u062a\u062d\u0645\u0644 \u0627\u0644\u0646\u0627\u0634\u0631 \u0645\u0633\u0624\u0648\u0644\u064a\u0629 \u0627\u0644\u0623\u062e\u0637\u0627\u0621 \u0623\u0648<br \/>\u0627\u0644\u0625\u063a\u0641\u0627\u0644\u0627\u062a\u060c \u0628\u0627\u0644\u0625\u0636\u0627\u0641\u0629 \u0625\u0644\u0649 \u0623\u064a \u0623\u0636\u0631\u0627\u0631 \u0645\u0628\u0627\u0634\u0631\u0629 \u0623\u0648 \u063a\u064a\u0631 \u0645\u0628\u0627\u0634\u0631\u0629 \u0646\u0627\u062a\u062c\u0629 \u0639\u0646<br \/>\u0627\u0633\u062a\u062e\u062f\u0627\u0645 \u0627\u0644\u0645\u0648\u0642\u0639.<\/p><p>\u064a\u062a\u062d\u0645\u0644 \u0627\u0644\u0645\u0633\u062a\u062e\u062f\u0645 \u0645\u0633\u0624\u0648\u0644\u064a\u0629 \u0627\u0644\u062d\u0641\u0627\u0638 \u0639\u0644\u0649 \u0633\u0631\u064a\u0629 \u0628\u064a\u0627\u0646\u0627\u062a \u0627\u0639\u062a\u0645\u0627\u062f \u062a\u0633\u062c\u064a\u0644 \u0627\u0644\u062f\u062e\u0648\u0644 \u0627\u0644\u062e\u0627\u0635\u0629 \u0628\u0647 \u0648<br \/>\u064a\u0642\u0631\u0651 \u0627\u0644\u0645\u0633\u062a\u062e\u062f\u0645\u0648\u0646 \u0628\u0627\u0633\u062a\u062e\u062f\u0627\u0645 \u0627\u0644\u0645\u0648\u0642\u0639 \u062a\u062d\u062a \u0645\u0633\u0624\u0648\u0644\u064a\u062a\u0647\u0645 \u0627\u0644\u0643\u0627\u0645\u0644\u0629.<\/p><h2>5. \u0625\u062f\u0627\u0631\u0629 \u0645\u0644\u0641\u0627\u062a \u062a\u0639\u0631\u064a\u0641 \u0627\u0644\u0627\u0631\u062a\u0628\u0627\u0637<\/h2><p>\u062e\u0644\u0627\u0644 \u0632\u064a\u0627\u0631\u062a\u0643 \u0625\u0644\u0649 <strong>quentin-chauffeur-prive.fr<\/strong>, \u0642\u062f \u064a\u062a\u0645 \u062a\u062b\u0628\u064a\u062a \u0645\u0644\u0641\u0627\u062a \u062a\u0639\u0631\u064a\u0641 \u0627\u0644\u0627\u0631\u062a\u0628\u0627\u0637 (\u0623\u062f\u0648\u0627\u062a \u0627\u0644\u062a\u062a\u0628\u0639).<br \/>\u0639\u0644\u0649 \u062c\u0647\u0627\u0632\u0643.<\/p><p><strong>\u0623\u0646\u0648\u0627\u0639 \u0645\u0644\u0641\u0627\u062a \u062a\u0639\u0631\u064a\u0641 \u0627\u0644\u0627\u0631\u062a\u0628\u0627\u0637 \u0627\u0644\u0645\u0633\u062a\u062e\u062f\u0645\u0629<\/strong><\/p><p><strong>\u2013 \u0645\u0644\u0641\u0627\u062a \u062a\u0639\u0631\u064a\u0641 \u0627\u0644\u0627\u0631\u062a\u0628\u0627\u0637 \u0627\u0644\u0636\u0631\u0648\u0631\u064a\u0629 \u0644\u0644\u063a\u0627\u064a\u0629:<\/strong> \u0636\u0631\u0648\u0631\u064a \u0644\u0644\u062a\u0634\u063a\u064a\u0644 \u0627\u0644\u0633\u0644\u064a\u0645<br \/>\u0645\u0646 \u0627\u0644\u0645\u0648\u0642\u0639<br \/><strong>\u2013 \u0645\u0644\u0641\u0627\u062a \u062a\u0639\u0631\u064a\u0641 \u0627\u0644\u0627\u0631\u062a\u0628\u0627\u0637 \u0644\u0642\u064a\u0627\u0633 \u0627\u0644\u062c\u0645\u0647\u0648\u0631:<\/strong> \u0644\u062a\u062d\u0633\u064a\u0646 \u0627\u0644\u062a\u0646\u0642\u0644 \u0648\u0627\u0644\u0645\u062d\u062a\u0648\u0649<br \/><strong>\u2013 \u0645\u0644\u0641\u0627\u062a \u062a\u0639\u0631\u064a\u0641 \u0627\u0644\u0627\u0631\u062a\u0628\u0627\u0637 \u0644\u0644\u062a\u062e\u0635\u064a\u0635:<\/strong> \u0644\u062d\u0641\u0638 \u062a\u0641\u0636\u064a\u0644\u0627\u062a\u0643<br \/><strong>\u2013 \u0645\u0644\u0641\u0627\u062a \u062a\u0639\u0631\u064a\u0641 \u0627\u0644\u0627\u0631\u062a\u0628\u0627\u0637 \u0627\u0644\u062e\u0627\u0635\u0629 \u0628\u0623\u0637\u0631\u0627\u0641 \u062b\u0627\u0644\u062b\u0629:<\/strong> \u064a\u0633\u062a\u062e\u062f\u0645\u0647 \u0634\u0631\u0643\u0627\u0621 \u062e\u0627\u0631\u062c\u064a\u0648\u0646 (\u062c\u0648\u062c\u0644\u060c \u0634\u0628\u0643\u0627\u062a)<br \/>\u0627\u062c\u062a\u0645\u0627\u0639\u064a\u060c \u0625\u0644\u062e.)<\/p><p><strong>\u0625\u062f\u0627\u0631\u0629 \u0645\u0644\u0641\u0627\u062a \u062a\u0639\u0631\u064a\u0641 \u0627\u0644\u0627\u0631\u062a\u0628\u0627\u0637 \u0648\u0631\u0641\u0636\u0647\u0627<\/strong><\/p><p>\u064a\u0645\u0643\u0646\u0643 \u0625\u062f\u0627\u0631\u0629 \u062a\u0641\u0636\u064a\u0644\u0627\u062a\u0643 \u0639\u0628\u0631 \u0625\u0639\u062f\u0627\u062f\u0627\u062a \u0645\u062a\u0635\u0641\u062d\u0643 \u0623\u0648 \u0639\u0628\u0631<br \/>\u0645\u062f\u064a\u0631 \u0627\u0644\u0645\u0648\u0627\u0641\u0642\u0629 \u0645\u062a\u0627\u062d \u0639\u0644\u0649 \u0627\u0644\u0645\u0648\u0642\u0639 \u0627\u0644\u0625\u0644\u0643\u062a\u0631\u0648\u0646\u064a.<br \/>\u064a\u0645\u0643\u0646\u0643\u0645 \u0623\u064a\u0636\u0627\u064b \u0645\u0631\u0627\u062c\u0639\u0629 \u0645\u0648\u0642\u0639 CNIL \u0627\u0644\u0625\u0644\u0643\u062a\u0631\u0648\u0646\u064a \u0644\u0645\u0632\u064a\u062f \u0645\u0646 \u0627\u0644\u0645\u0639\u0644\u0648\u0645\u0627\u062a:<br \/><a href=\"http:\/\/www.cnil.fr\/fr\/cookies-les-outils-pour-les-maitriser\">www.cnil.fr\/fr\/cookies-les-outils-pour-les-maitriser<\/a>.<\/p><h2>6. \u0627\u0644\u0642\u0627\u0646\u0648\u0646 \u0627\u0644\u0648\u0627\u062c\u0628 \u0627\u0644\u062a\u0637\u0628\u064a\u0642 \u0648\u0627\u0644\u0627\u062e\u062a\u0635\u0627\u0635 \u0627\u0644\u0642\u0636\u0627\u0626\u064a<\/h2><p>\u062a\u062e\u0636\u0639 \u0647\u0630\u0647 \u0627\u0644\u0625\u0634\u0639\u0627\u0631\u0627\u062a \u0627\u0644\u0642\u0627\u0646\u0648\u0646\u064a\u0629 \u0644\u0644\u0642\u0627\u0646\u0648\u0646 \u0627\u0644\u0641\u0631\u0646\u0633\u064a. \u0641\u064a \u062d\u0627\u0644\u0629 \u0648\u062c\u0648\u062f \u0646\u0632\u0627\u0639\u060c \u0648<br \/>\u0628\u0639\u062f \u0645\u062d\u0627\u0648\u0644\u0629 \u0627\u0644\u062a\u0648\u0635\u0644 \u0625\u0644\u0649 \u062d\u0644 \u0648\u062f\u064a\u060c \u0633\u062a\u0643\u0648\u0646 \u0627\u0644\u0645\u062d\u0627\u0643\u0645 \u0627\u0644\u0645\u062e\u062a\u0635\u0629 \u0647\u064a \u0645\u062d\u0627\u0643\u0645<br \/>\u0627\u062e\u062a\u0635\u0627\u0635 \u0627\u0644\u0645\u0643\u062a\u0628 \u0627\u0644\u0631\u0626\u064a\u0633\u064a \u0644\u0640 <strong>\u0643\u0648\u064a\u0646\u062a\u0646 \u0627\u0644\u0633\u0627\u0626\u0642 \u0627\u0644\u062e\u0627\u0635<\/strong>, \u0645\u0627 \u0644\u0645 \u064a\u0646\u0635 \u0627\u0644\u0642\u0627\u0646\u0648\u0646 \u0639\u0644\u0649 \u062e\u0644\u0627\u0641 \u0630\u0644\u0643.<\/p><h2>7. \u062a\u0639\u062f\u064a\u0644 \u0627\u0644\u0625\u0634\u0639\u0627\u0631\u0627\u062a \u0627\u0644\u0642\u0627\u0646\u0648\u0646\u064a\u0629<\/h2><p><strong>\u0643\u0648\u064a\u0646\u062a\u0646 \u0627\u0644\u0633\u0627\u0626\u0642 \u0627\u0644\u062e\u0627\u0635<\/strong> \u062a\u062d\u062a\u0641\u0638 \u0627\u0644\u0634\u0631\u0643\u0629 \u0628\u0627\u0644\u062d\u0642 \u0641\u064a \u062a\u0639\u062f\u064a\u0644 \u0647\u0630\u0647 \u0627\u0644\u0625\u0634\u0639\u0627\u0631\u0627\u062a \u0627\u0644\u0642\u0627\u0646\u0648\u0646\u064a\u0629 \u0641\u064a \u0623\u064a \u0648\u0642\u062a<br \/>\u0641\u064a \u0647\u0630\u0627 \u0627\u0644\u0648\u0642\u062a \u0644\u0636\u0645\u0627\u0646 \u0627\u0645\u062a\u062b\u0627\u0644\u0647\u0645 \u0644\u0644\u062a\u0634\u0631\u064a\u0639\u0627\u062a \u0627\u0644\u062d\u0627\u0644\u064a\u0629.<\/p>\t\t\t\t\t\t\t\t<\/div>\n\t\t\t\t<\/div>\n\t\t\t\t\t<\/div>\n\t\t\t\t<\/div>\n\t\t\t\t<\/div>","protected":false},"excerpt":{"rendered":"<p>1. Informations g\u00e9n\u00e9rales Conform\u00e9ment aux articles 6-III et 19 de la Loi n\u00b02004-575 du 21 juin 2004 pour laConfiance dans l\u2019\u00c9conomie Num\u00e9rique (LCEN), ainsi qu\u2019au R\u00e8glement G\u00e9n\u00e9ral surla Protection des Donn\u00e9es (RGPD \u2013 UE 2016\/679), les informations suivantes sontport\u00e9es \u00e0 la connaissance des utilisateurs du site quentin-chauffeur-prive.fr.\u00c9diteur du site :&#8211; D\u00e9nomination sociale : ALEM QUENTIN [&hellip;]<\/p>\n","protected":false},"author":4,"featured_media":0,"parent":0,"menu_order":0,"comment_status":"closed","ping_status":"closed","template":"","meta":{"footnotes":""},"class_list":["post-111","page","type-page","status-publish","hentry"],"aioseo_notices":[],"_links":{"self":[{"href":"https:\/\/quentin-chauffeur-prive.fr\/ar\/wp-json\/wp\/v2\/pages\/111","targetHints":{"allow":["GET"]}}],"collection":[{"href":"https:\/\/quentin-chauffeur-prive.fr\/ar\/wp-json\/wp\/v2\/pages"}],"about":[{"href":"https:\/\/quentin-chauffeur-prive.fr\/ar\/wp-json\/wp\/v2\/types\/page"}],"author":[{"embeddable":true,"href":"https:\/\/quentin-chauffeur-prive.fr\/ar\/wp-json\/wp\/v2\/users\/4"}],"replies":[{"embeddable":true,"href":"https:\/\/quentin-chauffeur-prive.fr\/ar\/wp-json\/wp\/v2\/comments?post=111"}],"version-history":[{"count":22,"href":"https:\/\/quentin-chauffeur-prive.fr\/ar\/wp-json\/wp\/v2\/pages\/111\/revisions"}],"predecessor-version":[{"id":389,"href":"https:\/\/quentin-chauffeur-prive.fr\/ar\/wp-json\/wp\/v2\/pages\/111\/revisions\/389"}],"wp:attachment":[{"href":"https:\/\/quentin-chauffeur-prive.fr\/ar\/wp-json\/wp\/v2\/media?parent=111"}],"curies":[{"name":"wp","href":"https:\/\/api.w.org\/{rel}","templated":true}]}}