{"id":673,"date":"2026-02-01T05:43:32","date_gmt":"2026-02-01T05:43:32","guid":{"rendered":"https:\/\/quentin-chauffeur-prive.fr\/?page_id=673"},"modified":"2026-02-01T23:51:26","modified_gmt":"2026-02-01T23:51:26","slug":"conditions-generales-de-vente","status":"publish","type":"page","link":"https:\/\/quentin-chauffeur-prive.fr\/ar\/\u0627\u0644\u0634\u0631\u0648\u0637-\u0648\u0627\u0644\u0623\u062d\u0643\u0627\u0645-\u0627\u0644\u0639\u0627\u0645\u0629-\u0644\u0644\u0628\u064a\u0639\/","title":{"rendered":"\u0627\u0644\u0634\u0631\u0648\u0637 \u0648\u0627\u0644\u0623\u062d\u0643\u0627\u0645 \u0627\u0644\u0639\u0627\u0645\u0629 \u0644\u0644\u0628\u064a\u0639"},"content":{"rendered":"<div data-elementor-type=\"wp-page\" data-elementor-id=\"673\" class=\"elementor elementor-673\" data-elementor-post-type=\"page\">\n\t\t\t\t<div class=\"elementor-element elementor-element-7a2e831 e-flex e-con-boxed e-con e-parent\" data-id=\"7a2e831\" data-element_type=\"container\" data-e-type=\"container\">\n\t\t\t\t\t<div class=\"e-con-inner\">\n\t\t\t\t<div class=\"elementor-element elementor-element-00fec76 elementor-widget elementor-widget-html\" data-id=\"00fec76\" data-element_type=\"widget\" data-e-type=\"widget\" data-widget_type=\"html.default\">\n\t\t\t\t<div class=\"elementor-widget-container\">\n\t\t\t\t\t<section id=\"cgv\" class=\"cgv\">\n  <h1>\u0627\u0644\u0634\u0631\u0648\u0637 \u0648\u0627\u0644\u0623\u062d\u0643\u0627\u0645 \u0627\u0644\u0639\u0627\u0645\u0629 \u0644\u0644\u0628\u064a\u0639<\/h1>\n  <p><strong>\u0643\u0648\u064a\u0646\u062a\u0646 \u0627\u0644\u0633\u0627\u0626\u0642 \u0627\u0644\u062e\u0627\u0635<\/strong><\/p>\n\n  <h2>\u0627\u0644\u0645\u0627\u062f\u0629 1 - \u062a\u0639\u0631\u064a\u0641 \u0627\u0644\u0634\u0631\u0643\u0629<\/h2>\n  <p>\n    \u0627\u0644\u0645\u0648\u0642\u0639 <strong>quentin-chauffeur-prive.fr<\/strong> \u064a\u062a\u0645 \u062a\u0634\u063a\u064a\u0644\u0647\u0627 \u0628\u0648\u0627\u0633\u0637\u0629:\n  <\/p>\n  <p>\n    <strong>\u0623\u0644\u064a\u0645 \u0643\u0648\u064a\u0646\u062a\u064a\u0646<\/strong><br>\n    \u0634\u0631\u0643\u0629 \u0645\u0633\u0627\u0647\u0645\u0629 \u0645\u0628\u0633\u0637\u0629 \u0630\u0627\u062a \u0645\u0633\u0627\u0647\u0645 \u0648\u0627\u062d\u062f (SASU)<br>\n    \u0631\u0623\u0633 \u0627\u0644\u0645\u0627\u0644 \u0627\u0644\u0645\u062f\u0641\u0648\u0639: 3500 \u064a\u0648\u0631\u0648<br>\n    \u0627\u0644\u0645\u0643\u062a\u0628 \u0627\u0644\u0645\u0633\u062c\u0644: 5 \u0634\u0627\u0631\u0639 \u0643\u0631\u0648\u0646\u0633\u062a\u0627\u062f\u062a\u060c 54000 \u0646\u0627\u0646\u0633\u064a \u2013 \u0641\u0631\u0646\u0633\u0627<br>\n    RCS \u0646\u0627\u0646\u0633\u064a: 935 195 982<br>\n    \u0627\u0644\u0646\u0634\u0627\u0637: \u062a\u0634\u063a\u064a\u0644 \u0627\u0644\u0645\u0631\u0643\u0628\u0627\u062a \u0627\u0644\u062a\u064a \u064a\u0642\u0648\u062f\u0647\u0627 \u0633\u0627\u0626\u0642 (VTC)\n  <\/p>\n\n  <h2>\u0627\u0644\u0645\u0627\u062f\u0629 2 - \u0627\u0644\u063a\u0631\u0636<\/h2>\n  <p>\n    \u0627\u0644\u063a\u0631\u0636 \u0645\u0646 \u0647\u0630\u0647 \u0627\u0644\u0634\u0631\u0648\u0637 \u0648\u0627\u0644\u0623\u062d\u0643\u0627\u0645 \u0627\u0644\u0639\u0627\u0645\u0629 \u0644\u0644\u0628\u064a\u0639 \u0647\u0648 \u062a\u062d\u062f\u064a\u062f \u0627\u0644\u0634\u0631\u0648\u0637 \u0627\u0644\u062a\u064a \u0628\u0645\u0648\u062c\u0628\u0647\u0627 \u062a\u0642\u0648\u0645 \u0634\u0631\u0643\u0629 ALEM QUENTIN \u0628\u062a\u0633\u0648\u064a\u0642 \u062e\u062f\u0645\u0627\u062a \u0627\u0644\u0646\u0642\u0644 \u0645\u0639 \u0627\u0644\u0633\u0627\u0626\u0642 \u0648\u0627\u0644\u062e\u062f\u0645\u0627\u062a \u0627\u0644\u0645\u0631\u062a\u0628\u0637\u0629 \u0628\u0647\u0627 \u0639\u0628\u0631 \u0645\u0648\u0642\u0639\u0647\u0627 \u0627\u0644\u0625\u0644\u0643\u062a\u0631\u0648\u0646\u064a.\n  <\/p>\n\n  <h2>\u0627\u0644\u0645\u0627\u062f\u0629 3 - \u0646\u0637\u0627\u0642 \u0627\u0644\u062a\u0637\u0628\u064a\u0642<\/h2>\n  <p>\n    \u062a\u0646\u0637\u0628\u0642 \u0647\u0630\u0647 \u0627\u0644\u0634\u0631\u0648\u0637 \u0648\u0627\u0644\u0623\u062d\u0643\u0627\u0645 \u0639\u0644\u0649 \u062c\u0645\u064a\u0639 \u0627\u0644\u062d\u062c\u0648\u0632\u0627\u062a \u0627\u0644\u062a\u064a \u062a\u062a\u0645 \u0639\u0628\u0631 \u0627\u0644\u0645\u0648\u0642\u0639 \u0627\u0644\u0625\u0644\u0643\u062a\u0631\u0648\u0646\u064a\u060c \u0633\u0648\u0627\u0621 \u0645\u0646 \u0642\u0628\u0644 \u0639\u0645\u0644\u0627\u0621 \u0623\u0641\u0631\u0627\u062f \u0623\u0648 \u0645\u062d\u062a\u0631\u0641\u064a\u0646.\n  <\/p>\n  <p>\n    \u0644\u0627 \u062a\u0646\u0637\u0628\u0642 \u0647\u0630\u0647 \u0627\u0644\u0634\u0631\u0648\u0637 \u0639\u0644\u0649 \u0627\u0644\u062d\u062c\u0648\u0632\u0627\u062a \u0627\u0644\u062a\u064a \u062a\u062a\u0645 \u0639\u0628\u0631 \u0645\u0646\u0635\u0627\u062a \u0627\u0644\u0637\u0631\u0641 \u0627\u0644\u062b\u0627\u0644\u062b \u0623\u0648 \u062a\u0637\u0628\u064a\u0642\u0627\u062a \u0627\u0644\u0634\u0631\u0643\u0627\u0621\u060c \u0648\u0627\u0644\u062a\u064a \u0644\u0647\u0627 \u0634\u0631\u0648\u0637\u0647\u0627 \u0627\u0644\u062a\u0639\u0627\u0642\u062f\u064a\u0629 \u0627\u0644\u062e\u0627\u0635\u0629.\n  <\/p>\n\n  <h2>\u0627\u0644\u0645\u0627\u062f\u0629 4 - \u0627\u0644\u062e\u062f\u0645\u0627\u062a \u0627\u0644\u0645\u0642\u062f\u0645\u0629<\/h2>\n  <p>\u062a\u0634\u0645\u0644 \u0627\u0644\u062e\u062f\u0645\u0627\u062a \u0627\u0644\u0645\u0642\u062f\u0645\u0629 \u0639\u0644\u0649 \u0627\u0644\u0645\u0648\u0642\u0639\u060c \u0639\u0644\u0649 \u0633\u0628\u064a\u0644 \u0627\u0644\u0645\u062b\u0627\u0644 \u0644\u0627 \u0627\u0644\u062d\u0635\u0631:<\/p>\n  <ul>\n    <li>\u062a\u0648\u0641\u064a\u0631 \u0645\u0631\u0643\u0628\u0629 \u0645\u0639 \u0633\u0627\u0626\u0642 (\u062e\u062f\u0645\u0629 \u0628\u0627\u0644\u0633\u0627\u0639\u0629)<\/li>\n    <li>\u0645\u0633\u0627\u0631\u0627\u062a \u0633\u064a\u0627\u062d\u064a\u0629 \u0645\u0646\u0638\u0645\u0629<\/li>\n    <li>\u062e\u062f\u0645\u0627\u062a \u062a\u0646\u0638\u064a\u0645 \u0627\u0644\u0645\u0646\u0627\u0633\u0628\u0627\u062a (\u062d\u0641\u0644\u0627\u062a \u0627\u0644\u0632\u0641\u0627\u0641\u060c \u0627\u0644\u0645\u0646\u0627\u0633\u0628\u0627\u062a \u0627\u0644\u0639\u0627\u0626\u0644\u064a\u0629 \u0623\u0648 \u0627\u0644\u062e\u0627\u0635\u0629)<\/li>\n    <li>\u062e\u062f\u0645\u0627\u062a \u0625\u0636\u0627\u0641\u064a\u0629 \u0627\u062e\u062a\u064a\u0627\u0631\u064a\u0629 (\u062a\u0632\u064a\u064a\u0646 \u0627\u0644\u0633\u064a\u0627\u0631\u0629\u060c \u062a\u0648\u0641\u064a\u0631 \u0632\u062c\u0627\u062c\u0629 \u0634\u0645\u0628\u0627\u0646\u064a\u0627\u060c \u062e\u064a\u0627\u0631\u0627\u062a \u0645\u062d\u062f\u062f\u0629)<\/li>\n    <li>\u062e\u062f\u0645\u0627\u062a \u0627\u0644\u0634\u0631\u0627\u0643\u0629 \u0627\u0644\u0642\u0627\u0626\u0645\u0629 \u0639\u0644\u0649 \u0627\u0644\u0627\u0634\u062a\u0631\u0627\u0643<\/li>\n  <\/ul>\n  <p>\n    \u064a\u062a\u0645 \u0639\u0631\u0636 \u0627\u0644\u062e\u0635\u0627\u0626\u0635 \u0627\u0644\u0623\u0633\u0627\u0633\u064a\u0629 \u0644\u0643\u0644 \u062e\u062f\u0645\u0629 \u0639\u0644\u0649 \u0627\u0644\u0645\u0648\u0642\u0639 \u0627\u0644\u0625\u0644\u0643\u062a\u0631\u0648\u0646\u064a.\n  <\/p>\n\n  <h2>\u0627\u0644\u0645\u0627\u062f\u0629 5 \u2013 \u0627\u0644\u062a\u062d\u0641\u0638<\/h2>\n  <p>\n    \u062a\u062a\u0645 \u0627\u0644\u062d\u062c\u0648\u0632\u0627\u062a \u062d\u0635\u0631\u0627\u064b \u0639\u0628\u0631 \u0627\u0644\u0645\u0648\u0642\u0639 \u0627\u0644\u0625\u0644\u0643\u062a\u0631\u0648\u0646\u064a. \u062c\u0645\u064a\u0639 \u0627\u0644\u062d\u062c\u0648\u0632\u0627\u062a \u062a\u0639\u0646\u064a \u0642\u0628\u0648\u0644\u0627\u064b \u063a\u064a\u0631 \u0645\u0634\u0631\u0648\u0637 \u0644\u0647\u0630\u0647 \u0627\u0644\u0634\u0631\u0648\u0637 \u0648\u0627\u0644\u0623\u062d\u0643\u0627\u0645.\n  <\/p>\n  <p>\n    \u062a\u062d\u062a\u0641\u0638 \u0627\u0644\u0634\u0631\u0643\u0629 \u0628\u0627\u0644\u062d\u0642 \u0641\u064a \u0631\u0641\u0636 \u0623\u064a \u062d\u062c\u0632 \u064a\u062a\u0639\u0627\u0631\u0636 \u0628\u0634\u0643\u0644 \u0648\u0627\u0636\u062d \u0645\u0639 \u0627\u0644\u0644\u0648\u0627\u0626\u062d \u0627\u0644\u062d\u0627\u0644\u064a\u0629 \u0623\u0648 \u064a\u062e\u0627\u0644\u0641\u0647\u0627.\n  <\/p>\n\n  <h2>\u0627\u0644\u0645\u0627\u062f\u0629 6 - \u0627\u0644\u0623\u0633\u0639\u0627\u0631<\/h2>\n  <p>\n    \u0627\u0644\u0623\u0633\u0639\u0627\u0631 \u0645\u0639\u0631\u0648\u0636\u0629 \u0628\u0627\u0644\u064a\u0648\u0631\u0648\u060c \u0634\u0627\u0645\u0644\u0629 \u062c\u0645\u064a\u0639 \u0627\u0644\u0636\u0631\u0627\u0626\u0628 (TTC).\n  <\/p>\n  <p>\n    \u0627\u0644\u0623\u0633\u0639\u0627\u0631 \u0627\u0644\u0645\u0637\u0628\u0642\u0629 \u0647\u064a \u0627\u0644\u0623\u0633\u0639\u0627\u0631 \u0627\u0644\u0633\u0627\u0631\u064a\u0629 \u0648\u0642\u062a \u0627\u0644\u062d\u062c\u0632. \u062a\u062e\u0636\u0639 \u0627\u0644\u062e\u062f\u0645\u0627\u062a \u0623\u0648 \u0627\u0644\u062e\u064a\u0627\u0631\u0627\u062a \u0627\u0644\u0625\u0636\u0627\u0641\u064a\u0629 \u0644\u0631\u0633\u0648\u0645 \u0625\u0636\u0627\u0641\u064a\u0629\u060c \u0648\u0633\u064a\u062a\u0645 \u062a\u0648\u0636\u064a\u062d\u0647\u0627 \u0628\u0648\u0636\u0648\u062d \u0642\u0628\u0644 \u0627\u0644\u062a\u0623\u0643\u064a\u062f.\n  <\/p>\n\n  <h2>\u0627\u0644\u0645\u0627\u062f\u0629 7 \u2013 \u0634\u0631\u0648\u0637 \u0627\u0644\u062f\u0641\u0639<\/h2>\n  <p>\u062a\u0645 \u0627\u0644\u062f\u0641\u0639:<\/p>\n  <ul>\n    <li><strong>\u0645\u062a\u0635\u0644<\/strong> \u0639\u0646\u062f \u0627\u0644\u062d\u062c\u0632 \u0644\u0640:\n      <ul>\n        <li>\u0627\u0644\u0645\u0633\u0627\u0631\u0627\u062a \u0627\u0644\u0633\u064a\u0627\u062d\u064a\u0629<\/li>\n        <li>\u0627\u0644\u0628\u0646\u062f<\/li>\n        <li>\u0627\u0634\u062a\u0631\u0627\u0643\u0627\u062a \u0627\u0644\u0634\u0631\u0627\u0643\u0629<\/li>\n      <\/ul>\n    <\/li>\n    <li><strong>\u0639\u0644\u0649 \u0645\u062a\u0646 \u0627\u0644\u0645\u0631\u0643\u0628\u0629<\/strong>, \u0639\u0646\u062f\u0645\u0627 \u064a\u062a\u0645 \u062a\u0642\u062f\u064a\u0645 \u0647\u0630\u0627 \u0627\u0644\u062e\u064a\u0627\u0631<\/li>\n  <\/ul>\n  <p>\u0637\u0631\u0642 \u0627\u0644\u062f\u0641\u0639 \u0627\u0644\u0645\u0642\u0628\u0648\u0644\u0629:<\/p>\n  <ul>\n    <li>\u0628\u0637\u0627\u0642\u0629 \u0645\u0635\u0631\u0641\u064a\u0629<\/li>\n    <li>\u0635\u0650\u0646\u0641<\/li>\n  <\/ul>\n  <p>\n    \u064a\u062c\u0628 \u062f\u0641\u0639 \u062b\u0645\u0646 \u062c\u0645\u064a\u0639 \u0627\u0644\u062e\u062f\u0645\u0627\u062a \u0628\u0627\u0644\u0643\u0627\u0645\u0644.\n  <\/p>\n\n  <h2>\u0627\u0644\u0645\u0627\u062f\u0629 8 \u2013 \u062d\u0642 \u0627\u0644\u0627\u0646\u0633\u062d\u0627\u0628<\/h2>\n  <p>\n    \u0648\u0641\u0642\u064b\u0627 \u0644\u0644\u0645\u0627\u062f\u0629 L221-28 \u0645\u0646 \u0642\u0627\u0646\u0648\u0646 \u0627\u0644\u0645\u0633\u062a\u0647\u0644\u0643\u060c \u0641\u0625\u0646 \u062d\u0642 \u0627\u0644\u0627\u0646\u0633\u062d\u0627\u0628 \u0644\u0627 \u064a\u0646\u0637\u0628\u0642 \u0639\u0644\u0649 \u062e\u062f\u0645\u0627\u062a \u0646\u0642\u0644 \u0627\u0644\u0631\u0643\u0627\u0628 \u0627\u0644\u0645\u0642\u062f\u0645\u0629 \u0641\u064a \u062a\u0627\u0631\u064a\u062e \u0645\u062d\u062f\u062f \u0623\u0648 \u0639\u0644\u0649 \u0641\u062a\u0631\u0627\u062a \u0632\u0645\u0646\u064a\u0629 \u0645\u062d\u062f\u062f\u0629.\n  <\/p>\n\n  <h2>\u0627\u0644\u0645\u0627\u062f\u0629 9 - \u0627\u0644\u0625\u0644\u063a\u0627\u0621 \u0648\u063a\u064a\u0627\u0628 \u0627\u0644\u0639\u0645\u064a\u0644<\/h2>\n  <h3>9.1 \u0627\u0644\u0625\u0644\u063a\u0627\u0621<\/h3>\n  <p>\n    \u0627\u0644\u0625\u0644\u063a\u0627\u0621\u0627\u062a \u0647\u064a <strong>\u062d\u0631<\/strong>, \u0628\u063a\u0636 \u0627\u0644\u0646\u0638\u0631 \u0639\u0646 \u0627\u0644\u062a\u0623\u062e\u064a\u0631\u060c \u0637\u0627\u0644\u0645\u0627 \u0623\u0646 \u0627\u0644\u0639\u0645\u064a\u0644 \u064a\u062a\u0635\u0644 \u0642\u0628\u0644 \u0627\u0644\u0645\u0648\u0639\u062f \u0627\u0644\u0645\u062d\u062f\u062f \u0644\u0644\u062e\u062f\u0645\u0629.\n  <\/p>\n\n  <h3>9.2 \u063a\u064a\u0627\u0628 \u0627\u0644\u0639\u0645\u064a\u0644 (\u0639\u062f\u0645 \u0627\u0644\u062d\u0636\u0648\u0631)<\/h3>\n  <p>\n    \u0641\u064a \u062d\u0627\u0644 \u063a\u064a\u0627\u0628 \u0627\u0644\u0639\u0645\u064a\u0644 \u0641\u064a \u0627\u0644\u0645\u0643\u0627\u0646 \u0648\u0627\u0644\u0632\u0645\u0627\u0646 \u0627\u0644\u0645\u062a\u0641\u0642 \u0639\u0644\u064a\u0647\u0645\u0627\u060c, <strong>\u0644\u0646 \u064a\u062a\u0645 \u0627\u0633\u062a\u0631\u062f\u0627\u062f \u0627\u0644\u0645\u0628\u0644\u063a \u0627\u0644\u0645\u062f\u0641\u0648\u0639.<\/strong>,\u0627\u0644\u062e\u062f\u0645\u0629 \u0642\u064a\u062f \u0627\u0644\u0646\u0638\u0631 \u0628\u0627\u0639\u062a\u0628\u0627\u0631\u0647\u0627 \u0645\u0633\u062a\u062d\u0642\u0629.\n  <\/p>\n\n  <h2>\u0627\u0644\u0645\u0627\u062f\u0629 10 \u2013 \u0627\u0644\u0646\u0637\u0627\u0642 \u0627\u0644\u062c\u063a\u0631\u0627\u0641\u064a \u0644\u0644\u062e\u062f\u0645\u0627\u062a<\/h2>\n  <ul>\n    <li>\u0627\u0644\u0645\u0633\u0627\u0631\u0627\u062a \u0627\u0644\u0633\u064a\u0627\u062d\u064a\u0629: \u0644\u0648\u0631\u064a\u0646 \u0648\u0623\u0644\u0632\u0627\u0633<\/li>\n    <li>\u0645\u062a\u0648\u0641\u0631 \u0641\u064a: \u0646\u0627\u0646\u0633\u064a \u0648\u0627\u0644\u0645\u0646\u0627\u0637\u0642 \u0627\u0644\u0645\u062d\u064a\u0637\u0629 \u0628\u0647\u0627<\/li>\n    <li>\u062e\u062f\u0645\u0627\u062a \u0623\u062e\u0631\u0649: \u062a\u062e\u0636\u0639 \u0644\u0644\u0634\u0631\u0648\u0637 \u0627\u0644\u0645\u062d\u062f\u062f\u0629 \u0648\u0642\u062a \u0627\u0644\u062d\u062c\u0632<\/li>\n  <\/ul>\n\n  <h2>\u0627\u0644\u0645\u0627\u062f\u0629 11 \u2013 \u0627\u0644\u0645\u0633\u0624\u0648\u0644\u064a\u0629<\/h2>\n  <p>\n    \u062a\u062e\u0636\u0639 \u0634\u0631\u0643\u0629 ALEM QUENTIN \u0644\u0627\u0644\u062a\u0632\u0627\u0645 \u0628\u0628\u0630\u0644 \u0627\u0644\u0639\u0646\u0627\u064a\u0629 \u0627\u0644\u0644\u0627\u0632\u0645\u0629.\n  <\/p>\n  <p>\n    \u0644\u0627 \u064a\u0645\u0643\u0646 \u062a\u062d\u0645\u064a\u0644\u0647\u0627 \u0627\u0644\u0645\u0633\u0624\u0648\u0644\u064a\u0629 \u0639\u0646 \u0627\u0644\u062a\u0623\u062e\u064a\u0631\u0627\u062a \u0623\u0648 \u0639\u062f\u0645 \u0627\u0644\u0623\u062f\u0627\u0621 \u0628\u0633\u0628\u0628 \u0638\u0631\u0648\u0641 \u062e\u0627\u0631\u062c\u0629 \u0639\u0646 \u0633\u064a\u0637\u0631\u062a\u0647\u0627 (\u0627\u0644\u0623\u062d\u0648\u0627\u0644 \u0627\u0644\u062c\u0648\u064a\u0629\u060c \u062d\u0631\u0643\u0629 \u0627\u0644\u0645\u0631\u0648\u0631\u060c \u0627\u0644\u0623\u062d\u062f\u0627\u062b \u0627\u0644\u0627\u0633\u062a\u062b\u0646\u0627\u0626\u064a\u0629\u060c \u0627\u0644\u0642\u0648\u0629 \u0627\u0644\u0642\u0627\u0647\u0631\u0629).\n  <\/p>\n\n  <h2>\u0627\u0644\u0645\u0627\u062f\u0629 12 - \u0633\u0644\u0648\u0643 \u0627\u0644\u0645\u0633\u062a\u0647\u0644\u0643<\/h2>\n  <p>\n    \u0623\u064a \u0633\u0644\u0648\u0643 \u062e\u0637\u064a\u0631 \u0623\u0648 \u0639\u062f\u0648\u0627\u0646\u064a \u0623\u0648 \u063a\u064a\u0631 \u0642\u0627\u0646\u0648\u0646\u064a \u0642\u062f \u064a\u0624\u062f\u064a \u0625\u0644\u0649 \u0627\u0644\u0625\u0646\u0647\u0627\u0621 \u0627\u0644\u0641\u0648\u0631\u064a \u0644\u0644\u062e\u062f\u0645\u0629 \u062f\u0648\u0646 \u0627\u0633\u062a\u0631\u062f\u0627\u062f \u0627\u0644\u0645\u0628\u0644\u063a \u0627\u0644\u0645\u062f\u0641\u0648\u0639.\n  <\/p>\n\n  <h2>\u0627\u0644\u0645\u0627\u062f\u0629 13 \u2013 \u0627\u0644\u0628\u064a\u0627\u0646\u0627\u062a \u0627\u0644\u0634\u062e\u0635\u064a\u0629<\/h2>\n  <p>\n    \u062a\u064f\u0633\u062a\u062e\u062f\u0645 \u0627\u0644\u0628\u064a\u0627\u0646\u0627\u062a \u0627\u0644\u0634\u062e\u0635\u064a\u0629 \u0627\u0644\u062a\u064a \u064a\u062a\u0645 \u062c\u0645\u0639\u0647\u0627 \u0641\u0642\u0637 \u0644\u063a\u0631\u0636 \u0625\u062f\u0627\u0631\u0629 \u0627\u0644\u062d\u062c\u0648\u0632\u0627\u062a \u0648\u0648\u0641\u0642\u064b\u0627 \u0644\u0644\u0648\u0627\u0626\u062d \u062d\u0645\u0627\u064a\u0629 \u0627\u0644\u0628\u064a\u0627\u0646\u0627\u062a \u0627\u0644\u0645\u0639\u0645\u0648\u0644 \u0628\u0647\u0627.\n  <\/p>\n\n  <h2>\u0627\u0644\u0645\u0627\u062f\u0629 14 \u2013 \u0627\u0644\u0645\u0646\u0627\u0632\u0639\u0627\u062a \u0648\u0627\u0644\u0642\u0627\u0646\u0648\u0646 \u0627\u0644\u0648\u0627\u062c\u0628 \u0627\u0644\u062a\u0637\u0628\u064a\u0642<\/h2>\n  <p>\n    \u062a\u062e\u0636\u0639 \u0647\u0630\u0647 \u0627\u0644\u0634\u0631\u0648\u0637 \u0648\u0627\u0644\u0623\u062d\u0643\u0627\u0645 \u0644\u0644\u0642\u0627\u0646\u0648\u0646 \u0627\u0644\u0641\u0631\u0646\u0633\u064a.\n  <\/p>\n  <p>\n    \u0641\u064a \u062d\u0627\u0644 \u0646\u0634\u0648\u0628 \u0646\u0632\u0627\u0639\u060c \u0633\u064a\u062a\u0645 \u0627\u0644\u0633\u0639\u064a \u0625\u0644\u0649 \u062d\u0644 \u0648\u062f\u064a \u0642\u0628\u0644 \u0627\u062a\u062e\u0627\u0630 \u0623\u064a \u0625\u062c\u0631\u0627\u0621 \u0642\u0627\u0646\u0648\u0646\u064a. \u0648\u0641\u064a \u062d\u0627\u0644 \u062a\u0639\u0630\u0631 \u0630\u0644\u0643\u060c \u0633\u062a\u0643\u0648\u0646 \u0627\u0644\u0645\u062d\u0627\u0643\u0645 \u0627\u0644\u0645\u062e\u062a\u0635\u0629 \u0647\u064a \u0645\u062d\u0627\u0643\u0645 \u0627\u0644\u0648\u0644\u0627\u064a\u0629 \u0627\u0644\u0642\u0636\u0627\u0626\u064a\u0629 \u0627\u0644\u062a\u064a \u064a\u0642\u0639 \u0641\u064a\u0647\u0627 \u0627\u0644\u0645\u0643\u062a\u0628 \u0627\u0644\u0645\u0633\u062c\u0644 \u0644\u0644\u0634\u0631\u0643\u0629.\n  <\/p>\n\n  <h2>\u0627\u0644\u0645\u0627\u062f\u0629 15 \u2013 \u0642\u0628\u0648\u0644 \u0627\u0644\u0634\u0631\u0648\u0637 \u0648\u0627\u0644\u0623\u062d\u0643\u0627\u0645 \u0627\u0644\u0639\u0627\u0645\u0629<\/h2>\n  <p>\n    \u0623\u064a \u062d\u062c\u0632 \u064a\u062a\u0645 \u0625\u062c\u0631\u0627\u0624\u0647 \u0639\u0644\u0649 \u0627\u0644\u0645\u0648\u0642\u0639 \u064a\u0639\u0646\u064a \u0642\u0628\u0648\u0644\u0627\u064b \u0643\u0627\u0645\u0644\u0627\u064b \u0648\u0646\u0647\u0627\u0626\u064a\u0627\u064b \u0644\u0647\u0630\u0647 \u0627\u0644\u0634\u0631\u0648\u0637 \u0648\u0627\u0644\u0623\u062d\u0643\u0627\u0645 \u0627\u0644\u0639\u0627\u0645\u0629 \u0644\u0644\u0628\u064a\u0639.\n  <\/p>\n<\/section>\t\t\t\t<\/div>\n\t\t\t\t<\/div>\n\t\t\t\t\t<\/div>\n\t\t\t\t<\/div>\n\t\t\t\t<\/div>","protected":false},"excerpt":{"rendered":"<p>Conditions G\u00e9n\u00e9rales de Vente (CGV) Quentin Chauffeur Priv\u00e9 Article 1 \u2013 Identification de la soci\u00e9t\u00e9 Le site quentin-chauffeur-prive.fr est exploit\u00e9 par : ALEM QUENTIN Soci\u00e9t\u00e9 par actions simplifi\u00e9e \u00e0 associ\u00e9 unique (SASU) Capital social : 3 500 \u20ac Si\u00e8ge social : 5 rue de Cronstadt, 54000 Nancy \u2013 France RCS Nancy : 935 195 982 [&hellip;]<\/p>\n","protected":false},"author":4,"featured_media":0,"parent":0,"menu_order":0,"comment_status":"closed","ping_status":"closed","template":"","meta":{"footnotes":""},"class_list":["post-673","page","type-page","status-publish","hentry"],"aioseo_notices":[],"_links":{"self":[{"href":"https:\/\/quentin-chauffeur-prive.fr\/ar\/wp-json\/wp\/v2\/pages\/673","targetHints":{"allow":["GET"]}}],"collection":[{"href":"https:\/\/quentin-chauffeur-prive.fr\/ar\/wp-json\/wp\/v2\/pages"}],"about":[{"href":"https:\/\/quentin-chauffeur-prive.fr\/ar\/wp-json\/wp\/v2\/types\/page"}],"author":[{"embeddable":true,"href":"https:\/\/quentin-chauffeur-prive.fr\/ar\/wp-json\/wp\/v2\/users\/4"}],"replies":[{"embeddable":true,"href":"https:\/\/quentin-chauffeur-prive.fr\/ar\/wp-json\/wp\/v2\/comments?post=673"}],"version-history":[{"count":4,"href":"https:\/\/quentin-chauffeur-prive.fr\/ar\/wp-json\/wp\/v2\/pages\/673\/revisions"}],"predecessor-version":[{"id":679,"href":"https:\/\/quentin-chauffeur-prive.fr\/ar\/wp-json\/wp\/v2\/pages\/673\/revisions\/679"}],"wp:attachment":[{"href":"https:\/\/quentin-chauffeur-prive.fr\/ar\/wp-json\/wp\/v2\/media?parent=673"}],"curies":[{"name":"wp","href":"https:\/\/api.w.org\/{rel}","templated":true}]}}