{"id":111,"date":"2025-02-25T09:35:18","date_gmt":"2025-02-25T09:35:18","guid":{"rendered":"https:\/\/alemvtc.idee-ad-prod.fr\/?page_id=111"},"modified":"2026-01-22T23:26:49","modified_gmt":"2026-01-22T23:26:49","slug":"mentions-legales","status":"publish","type":"page","link":"https:\/\/quentin-chauffeur-prive.fr\/de\/rechtshinweise\/","title":{"rendered":"Rechtliche Hinweise"},"content":{"rendered":"<div data-elementor-type=\"wp-page\" data-elementor-id=\"111\" class=\"elementor elementor-111\" data-elementor-post-type=\"page\">\n\t\t\t\t<div class=\"elementor-element elementor-element-93c75e1 e-flex e-con-boxed e-con e-parent\" data-id=\"93c75e1\" data-element_type=\"container\" data-e-type=\"container\" data-settings=\"{&quot;background_background&quot;:&quot;classic&quot;}\">\n\t\t\t\t\t<div class=\"e-con-inner\">\n\t\t\t\t<div class=\"elementor-element elementor-element-81d49ca elementor-widget elementor-widget-text-editor\" data-id=\"81d49ca\" data-element_type=\"widget\" data-e-type=\"widget\" data-widget_type=\"text-editor.default\">\n\t\t\t\t<div class=\"elementor-widget-container\">\n\t\t\t\t\t\t\t\t\t<h2>1. Allgemeine Informationen<\/h2><p>Gem\u00e4\u00df Artikel 6-III und 19 des Gesetzes Nr. 2004-575 vom 21. Juni 2004 f\u00fcr die<br \/>Vertrauen in die digitale Wirtschaft (LCEN) sowie die Allgemeine Verordnung \u00fcber<br \/>Datenschutz (DSGVO \u2013 EU 2016\/679), die folgenden Informationen sind<br \/>den Nutzern der Website zur Kenntnis gebracht <strong>quentin-chauffeur-prive.fr<\/strong>.<br \/>Webseitenherausgeber:<br \/><strong>- Name der Firma:<\/strong> ALEM QUENTIN SAS<br \/><strong>\u2013 Rechtsstatus:<\/strong> SASU<br \/><strong>\u2013 SIRET:<\/strong> 93519598200019<br \/><strong>- Hauptsitz:<\/strong> 5 RUE DE CRONSTADT 54000 NANCY<br \/><strong>\u2013 APE-Code:<\/strong> 49.32Z<br \/><strong>\u2013 Innergemeinschaftliche Umsatzsteuer-Identifikationsnummer:<\/strong> FR19935195982<br \/><strong>\u2013 Verantwortlich f\u00fcr die Ver\u00f6ffentlichung:<\/strong> Quentin Alem, in seiner Funktion als Manager<br \/><strong>- Kontakt:<\/strong> <a href=\"mailto:quentinalem@outlook.com\">quentinalem@outlook.com<\/a><\/p><p><strong>Website-Host:<\/strong><\/p><p><strong>- Name der Firma:<\/strong> O2SWITCH<br \/><strong>- Rechtsstatus:<\/strong> SASU<br \/><strong>- Adresse :<\/strong> Chemin des Pardiaux, 63000 Clermont-Ferrand, Frankreich<br \/><strong>- Telefon :<\/strong> 04 44 44 60 40<br \/><strong>\u2013 E-Mail:<\/strong> <a href=\"mailto:support@o2switch.fr\">support@o2switch.fr<\/a><\/p><h2>2. Geistiges Eigentum<\/h2><p>Die Website <strong>quentin-chauffeur-prive.fr<\/strong> sowie alle seine Inhalte (Texte, Bilder,<br \/>Grafiken, Logos, Videos, Architektur, Datenbanken usw.) sind durch das Urheberrecht gesch\u00fctzt.<br \/>Urheberrechts- und geistige Eigentumsgesetze, die in Frankreich und in<br \/>die Europ\u00e4ische Union.<br \/>Jegliche Vervielf\u00e4ltigung, Darstellung, \u00c4nderung, Ver\u00f6ffentlichung, \u00dcbertragung,<br \/>Verf\u00e4lschung, sei es vollst\u00e4ndig oder teilweise, der Website oder ihres Inhalts, durch jegliche Mittel<br \/>dies ohne vorherige schriftliche Genehmigung von <strong>Quentin Privater Chauffeur<\/strong>, ist strengstens verboten<br \/>und stellt einen Versto\u00df dar, der gem\u00e4\u00df Artikel L.335-2 ff. des Gesetzes strafbar ist.<br \/>Geistiges Eigentum.<\/p><h2>3. Schutz personenbezogener Daten<\/h2><p>In \u00dcbereinstimmung mit der DSGVO und dem ge\u00e4nderten franz\u00f6sischen Datenschutzgesetz, <strong>Quentin Privater Chauffeur<\/strong><br \/>verpflichtet sich, den Schutz der personenbezogenen Daten der Nutzer zu gew\u00e4hrleisten.<\/p><p><strong>erhobene Daten und Zwecke der Verarbeitung<br \/><\/strong><br \/>Die \u00fcber die Website erfassten personenbezogenen Daten <strong>quentin-chauffeur-prive.fr<\/strong>\u00a0werden verwendet<br \/>ausschlie\u00dflich im Rahmen der angebotenen Dienstleistungen, wie zum Beispiel:<br \/>\u2013 Anfragen \u00fcber das Kontaktformular bearbeiten<br \/>\u2013 Versand von kommerziellen Informationen (sofern vorherige Einwilligung vorliegt)<br \/>\u2013 Verbesserung der Website und der angebotenen Dienstleistungen<\/p><p><strong>Rechtsgrundlage f\u00fcr die Verarbeitung<br \/><\/strong><br \/>Die Datenverarbeitung basiert auf der Erf\u00fcllung eines Vertrags und der Einwilligung von<br \/>der Nutzer oder das berechtigte Interesse von <strong>Quentin Privater Chauffeur<\/strong><strong>.<br \/><\/strong><br \/><strong>Haltbarkeit<\/strong><\/p><p>Die Daten werden maximal 24 Monate ab dem Datum aufbewahrt.<br \/>letzter Kontakt oder Ende der Gesch\u00e4ftsbeziehung.<\/p><p><strong>Nutzerrechte<\/strong><\/p><p>Gem\u00e4\u00df der DSGVO haben Sie folgende Rechte hinsichtlich Ihrer Daten:<br \/><strong>\u2013 Zugangsrecht<\/strong> (Artikel 15 DSGVO)<br \/><strong>\u2013 Recht auf Berichtigung<\/strong> (Artikel 16 DSGVO)<br \/><strong>\u2013 Recht auf L\u00f6schung<\/strong> (Recht auf Vergessenwerden) (Artikel 17 DSGVO)<br \/><strong>\u2013 Recht auf Einschr\u00e4nkung der Verarbeitung<\/strong> (Artikel 18 DSGVO)<br \/><strong>\u2013 Widerspruchsrecht<\/strong> (Artikel 21 DSGVO)<br \/><strong>\u2013 Recht auf Daten\u00fcbertragbarkeit<\/strong> (Artikel 20 DSGVO)<\/p><p>Sie k\u00f6nnen Ihre Rechte aus\u00fcben, indem Sie sich an [Name der Organisation] wenden. <strong>Quentin Privater Chauffeur<\/strong> unter folgender Adresse:<br \/><a href=\"mailto:quentinalem@outlook.com\">quentinalem@outlook.com<\/a><br \/>Wenn Sie innerhalb eines Monats keine Antwort erhalten, haben Sie das Recht, eine Beschwerde einzureichen.<br \/>Beschwerde bei der CNIL (Nationale Kommission f\u00fcr Informationstechnologie und b\u00fcrgerliche Freiheiten)<br \/>Freedoms) \u00fcber seine offizielle Website: <a href=\"http:\/\/www.cnil.fr\">www.cnil.fr<\/a>.<\/p><h2>4. Verantwortung und Haftungsbeschr\u00e4nkungen<\/h2><p><strong>Quentin Privater Chauffeur<\/strong> ist bestrebt, die Richtigkeit und Aktualit\u00e4t der Informationen zu gew\u00e4hrleisten.<br \/>Auf dieser Website ver\u00f6ffentlicht. Der Herausgeber kann jedoch nicht f\u00fcr Fehler oder<br \/>Unterlassungen sowie alle direkten oder indirekten Sch\u00e4den, die sich daraus ergeben<br \/>Nutzung der Website.<\/p><p>Der Benutzer ist f\u00fcr die Wahrung der Vertraulichkeit seiner Anmeldedaten verantwortlich und<br \/>Die Nutzer best\u00e4tigen, die Website auf eigene Verantwortung zu nutzen.<\/p><h2>5. Cookie-Verwaltung<\/h2><p>W\u00e4hrend Ihres Besuchs bei <strong>quentin-chauffeur-prive.fr<\/strong>, Es k\u00f6nnen Cookies (Tracker) installiert werden<br \/>auf Ihrem Ger\u00e4t.<\/p><p><strong>Verwendete Cookie-Arten<\/strong><\/p><p><strong>\u2013 Unbedingt notwendige Cookies:<\/strong> unerl\u00e4sslich f\u00fcr das ordnungsgem\u00e4\u00dfe Funktionieren<br \/>der Website<br \/><strong>\u2013 Cookies zur Reichweitenmessung:<\/strong> zur Verbesserung der Navigation und der Inhalte<br \/><strong>\u2013 Personalisierungs-Cookies:<\/strong> Ihre Einstellungen speichern<br \/><strong>\u2013 Cookies von Drittanbietern:<\/strong> wird von externen Partnern (Google, Netzwerke) genutzt<br \/>soziale usw.)<\/p><p><strong>Cookies verwalten und ablehnen<\/strong><\/p><p>Sie k\u00f6nnen Ihre Pr\u00e4ferenzen \u00fcber Ihre Browsereinstellungen oder \u00fcber einen Browser verwalten.<br \/>Der Einwilligungsmanager ist auf der Website zug\u00e4nglich.<br \/>Weitere Informationen finden Sie auch auf der Website der CNIL:<br \/><a href=\"http:\/\/www.cnil.fr\/fr\/cookies-les-outils-pour-les-maitriser\">www.cnil.fr\/fr\/cookies-les-outils-pour-les-maitriser<\/a>.<\/p><h2>6. Anwendbares Recht und Gerichtsstand<\/h2><p>Diese rechtlichen Hinweise unterliegen franz\u00f6sischem Recht. Im Falle einer Streitigkeit und<br \/>Nach dem Versuch einer g\u00fctlichen Einigung sind die zust\u00e4ndigen Gerichte diejenigen von<br \/>Zust\u00e4ndigkeit des Hauptsitzes <strong>Quentin Privater Chauffeur<\/strong>, Sofern gesetzlich nichts anderes bestimmt ist.<\/p><h2>7. \u00c4nderung von Bekanntmachungen<\/h2><p><strong>Quentin Privater Chauffeur<\/strong> beh\u00e4lt sich das Recht vor, diese rechtlichen Hinweise jederzeit zu \u00e4ndern.<br \/>um sicherzustellen, dass sie die geltenden Gesetze einhalten.<\/p>\t\t\t\t\t\t\t\t<\/div>\n\t\t\t\t<\/div>\n\t\t\t\t\t<\/div>\n\t\t\t\t<\/div>\n\t\t\t\t<\/div>","protected":false},"excerpt":{"rendered":"<p>1. Informations g\u00e9n\u00e9rales Conform\u00e9ment aux articles 6-III et 19 de la Loi n\u00b02004-575 du 21 juin 2004 pour laConfiance dans l\u2019\u00c9conomie Num\u00e9rique (LCEN), ainsi qu\u2019au R\u00e8glement G\u00e9n\u00e9ral surla Protection des Donn\u00e9es (RGPD \u2013 UE 2016\/679), les informations suivantes sontport\u00e9es \u00e0 la connaissance des utilisateurs du site quentin-chauffeur-prive.fr.\u00c9diteur du site :&#8211; D\u00e9nomination sociale : ALEM QUENTIN [&hellip;]<\/p>\n","protected":false},"author":4,"featured_media":0,"parent":0,"menu_order":0,"comment_status":"closed","ping_status":"closed","template":"","meta":{"footnotes":""},"class_list":["post-111","page","type-page","status-publish","hentry"],"aioseo_notices":[],"_links":{"self":[{"href":"https:\/\/quentin-chauffeur-prive.fr\/de\/wp-json\/wp\/v2\/pages\/111","targetHints":{"allow":["GET"]}}],"collection":[{"href":"https:\/\/quentin-chauffeur-prive.fr\/de\/wp-json\/wp\/v2\/pages"}],"about":[{"href":"https:\/\/quentin-chauffeur-prive.fr\/de\/wp-json\/wp\/v2\/types\/page"}],"author":[{"embeddable":true,"href":"https:\/\/quentin-chauffeur-prive.fr\/de\/wp-json\/wp\/v2\/users\/4"}],"replies":[{"embeddable":true,"href":"https:\/\/quentin-chauffeur-prive.fr\/de\/wp-json\/wp\/v2\/comments?post=111"}],"version-history":[{"count":22,"href":"https:\/\/quentin-chauffeur-prive.fr\/de\/wp-json\/wp\/v2\/pages\/111\/revisions"}],"predecessor-version":[{"id":389,"href":"https:\/\/quentin-chauffeur-prive.fr\/de\/wp-json\/wp\/v2\/pages\/111\/revisions\/389"}],"wp:attachment":[{"href":"https:\/\/quentin-chauffeur-prive.fr\/de\/wp-json\/wp\/v2\/media?parent=111"}],"curies":[{"name":"wp","href":"https:\/\/api.w.org\/{rel}","templated":true}]}}