{"id":111,"date":"2025-02-25T09:35:18","date_gmt":"2025-02-25T09:35:18","guid":{"rendered":"https:\/\/alemvtc.idee-ad-prod.fr\/?page_id=111"},"modified":"2026-01-22T23:26:49","modified_gmt":"2026-01-22T23:26:49","slug":"mentions-legales","status":"publish","type":"page","link":"https:\/\/quentin-chauffeur-prive.fr\/en\/legal-notices\/","title":{"rendered":"Legal Notice"},"content":{"rendered":"<div data-elementor-type=\"wp-page\" data-elementor-id=\"111\" class=\"elementor elementor-111\" data-elementor-post-type=\"page\">\n\t\t\t\t<div class=\"elementor-element elementor-element-93c75e1 e-flex e-con-boxed e-con e-parent\" data-id=\"93c75e1\" data-element_type=\"container\" data-e-type=\"container\" data-settings=\"{&quot;background_background&quot;:&quot;classic&quot;}\">\n\t\t\t\t\t<div class=\"e-con-inner\">\n\t\t\t\t<div class=\"elementor-element elementor-element-81d49ca elementor-widget elementor-widget-text-editor\" data-id=\"81d49ca\" data-element_type=\"widget\" data-e-type=\"widget\" data-widget_type=\"text-editor.default\">\n\t\t\t\t<div class=\"elementor-widget-container\">\n\t\t\t\t\t\t\t\t\t<h2>1. General information<\/h2><p>In accordance with articles 6-III and 19 of Law n\u00b02004-575 of June 21, 2004 for the<br \/>Confiance dans l'\u00c9conomie Num\u00e9rique (LCEN), as well as the General Regulation on the<br \/>Data Protection (RGPD - EU 2016\/679), the following information is.<br \/>brought to the attention of site users <strong>quentin-chauffeur-prive.fr<\/strong>.<br \/>Site editor :<br \/><strong>- Company name :<\/strong> ALEM QUENTIN SAS<br \/><strong>- Legal status :<\/strong> SASU<br \/><strong>- SIRET :<\/strong> 93519598200019<br \/><strong>- Head office :<\/strong> 5 RUE DE CRONSTADT 54000 NANCY<br \/><strong>- APE code :<\/strong> 49.32Z<br \/><strong>- VAT number :<\/strong> FR19935195982<br \/><strong>- Responsible for publication :<\/strong> Quentin Alem, as Managing Director<br \/><strong>- Contact:<\/strong> <a href=\"mailto:quentinalem@outlook.com\">quentinalem@outlook.com<\/a><\/p><p><strong>Site host :<\/strong><\/p><p><strong>- Company name :<\/strong> O2SWITCH<br \/><strong>- Legal form :<\/strong> SASU<br \/><strong>- Address:<\/strong> Chemin des Pardiaux, 63000 Clermont-Ferrand, France<br \/><strong>- Phone :<\/strong> 04 44 44 60 40<br \/><strong>- E-mail :<\/strong> <a href=\"mailto:support@o2switch.fr\">support@o2switch.fr<\/a><\/p><h2>2. Intellectual property<\/h2><p>Le site <strong>quentin-chauffeur-prive.fr<\/strong> as well as all of its content (text, images, etc.),<br \/>graphics, logos, videos, architecture, databases, etc.) are protected by copyright.<br \/>and intellectual property laws in force in France and other countries.<br \/>the European Union.<br \/>Any reproduction, representation, modification, publication, transmission,<br \/>total or partial distortion of the site or its content, by any means whatsoever.<br \/>without the prior written consent of <strong>Quentin Chauffeur Priv\u00e9<\/strong>, is strictly forbidden<br \/>and constitutes an infringement punishable under articles L.335-2 et seq. of the French Intellectual Property Code.<br \/>of Intellectual Property.<\/p><h2>3. Personal data protection<\/h2><p>In accordance with the RGPD and the amended Data Protection Act, <strong>Quentin Chauffeur Priv\u00e9<\/strong><br \/>is committed to protecting users' personal data.<\/p><p><strong>Data collected and purpose of processing<br \/><\/strong><br \/>Personal data collected via the site <strong>quentin-chauffeur-prive.fr<\/strong>\u00a0are used<br \/>exclusively within the framework of the services offered, such as :<br \/>- Managing requests via the contact form<br \/>- Sending commercial information (with prior consent)<br \/>- Improving the site and the services provided<\/p><p><strong>Legal basis for processing<br \/><\/strong><br \/>The processing of data is based on the performance of a contract, the consent of<br \/>the user or the legitimate interest of <strong>Quentin Chauffeur Priv\u00e9<\/strong><strong>.<br \/><\/strong><br \/><strong>Shelf life<\/strong><\/p><p>Data is kept for a maximum of 24 months from the date of collection.<br \/>last contact or the end of the commercial relationship.<\/p><p><strong>User rights<\/strong><\/p><p>In accordance with the RGPD, you have the following rights to your data:<br \/><strong>- Right of access<\/strong> (Article 15 RGPD)<br \/><strong>- Right of rectification<\/strong> (Article 16 RGPD)<br \/><strong>- Right to erasure<\/strong> (\u00abright to be forgotten\u00bb) (Article 17 RGPD)<br \/><strong>- Right to restrict processing<\/strong> (Article 18 RGPD)<br \/><strong>- Right to object<\/strong> (Article 21 RGPD)<br \/><strong>- Right to data portability<\/strong> (Article 20 RGPD)<\/p><p>You can exercise your rights by contacting <strong>Quentin Chauffeur Priv\u00e9<\/strong> to the following address<br \/><a href=\"mailto:quentinalem@outlook.com\">quentinalem@outlook.com<\/a><br \/>If you do not receive a reply within one month, you have the right to lodge a complaint.<br \/>complaint to the CNIL (Commission Nationale de l'Informatique et des<br \/>Libert\u00e9s) via its official website: <a href=\"http:\/\/www.cnil.fr\">www.cnil.fr<\/a>.<\/p><h2>4. Liability and limitations<\/h2><p><strong>Quentin Chauffeur Priv\u00e9<\/strong> strives to ensure that the information provided is accurate and up-to-date.<br \/>published on this site. However, the publisher cannot be held responsible for any errors or omissions in the content of this site.<br \/>omissions, as well as any direct or indirect damage resulting from<br \/>use of the site.<\/p><p>The user is responsible for the confidentiality of his login and password.<br \/>acknowledges that it uses the site under its sole responsibility.<\/p><h2>5. Cookie management<\/h2><p>When you visit <strong>quentin-chauffeur-prive.fr<\/strong>, cookies may be installed.<br \/>on your terminal.<\/p><p><strong>Types of cookies used<\/strong><\/p><p><strong>- Strictly necessary cookies :<\/strong> essential to the proper functioning<br \/>of the<br \/><strong>- Audience measurement cookies :<\/strong> to improve navigation and content<br \/><strong>- Personalization cookies :<\/strong> to save your preferences<br \/><strong>- Third-party cookies :<\/strong> used by external partners (Google, networks<br \/>etc.)<\/p><p><strong>Cookie management and refusal<\/strong><\/p><p>You can manage your preferences via your browser settings or via a<br \/>consent manager accessible on the site.<br \/>You can also consult the CNIL website for more information:<br \/><a href=\"http:\/\/www.cnil.fr\/fr\/cookies-les-outils-pour-les-maitriser\">www.cnil.fr\/fr\/cookies-les-outils-pour-les-maitriser<\/a>.<\/p><h2>6. Applicable law and jurisdiction<\/h2><p>This legal notice is governed by French law. In the event of a dispute, and<br \/>after an attempt at amicable resolution, the competent courts will be those of the<br \/>of the head office of <strong>Quentin Chauffeur Priv\u00e9<\/strong>, unless otherwise provided by law.<\/p><h2>7. Modification of legal information<\/h2><p><strong>Quentin Chauffeur Priv\u00e9<\/strong> reserves the right to modify this legal notice at any time.<br \/>to ensure their compliance with current legislation.<\/p>\t\t\t\t\t\t\t\t<\/div>\n\t\t\t\t<\/div>\n\t\t\t\t\t<\/div>\n\t\t\t\t<\/div>\n\t\t\t\t<\/div>","protected":false},"excerpt":{"rendered":"<p>1. Informations g\u00e9n\u00e9rales Conform\u00e9ment aux articles 6-III et 19 de la Loi n\u00b02004-575 du 21 juin 2004 pour laConfiance dans l\u2019\u00c9conomie Num\u00e9rique (LCEN), ainsi qu\u2019au R\u00e8glement G\u00e9n\u00e9ral surla Protection des Donn\u00e9es (RGPD \u2013 UE 2016\/679), les informations suivantes sontport\u00e9es \u00e0 la connaissance des utilisateurs du site quentin-chauffeur-prive.fr.\u00c9diteur du site :&#8211; D\u00e9nomination sociale : ALEM QUENTIN [&hellip;]<\/p>\n","protected":false},"author":4,"featured_media":0,"parent":0,"menu_order":0,"comment_status":"closed","ping_status":"closed","template":"","meta":{"footnotes":""},"class_list":["post-111","page","type-page","status-publish","hentry"],"aioseo_notices":[],"_links":{"self":[{"href":"https:\/\/quentin-chauffeur-prive.fr\/en\/wp-json\/wp\/v2\/pages\/111","targetHints":{"allow":["GET"]}}],"collection":[{"href":"https:\/\/quentin-chauffeur-prive.fr\/en\/wp-json\/wp\/v2\/pages"}],"about":[{"href":"https:\/\/quentin-chauffeur-prive.fr\/en\/wp-json\/wp\/v2\/types\/page"}],"author":[{"embeddable":true,"href":"https:\/\/quentin-chauffeur-prive.fr\/en\/wp-json\/wp\/v2\/users\/4"}],"replies":[{"embeddable":true,"href":"https:\/\/quentin-chauffeur-prive.fr\/en\/wp-json\/wp\/v2\/comments?post=111"}],"version-history":[{"count":22,"href":"https:\/\/quentin-chauffeur-prive.fr\/en\/wp-json\/wp\/v2\/pages\/111\/revisions"}],"predecessor-version":[{"id":389,"href":"https:\/\/quentin-chauffeur-prive.fr\/en\/wp-json\/wp\/v2\/pages\/111\/revisions\/389"}],"wp:attachment":[{"href":"https:\/\/quentin-chauffeur-prive.fr\/en\/wp-json\/wp\/v2\/media?parent=111"}],"curies":[{"name":"wp","href":"https:\/\/api.w.org\/{rel}","templated":true}]}}