{"id":111,"date":"2025-02-25T09:35:18","date_gmt":"2025-02-25T09:35:18","guid":{"rendered":"https:\/\/alemvtc.idee-ad-prod.fr\/?page_id=111"},"modified":"2026-01-22T23:26:49","modified_gmt":"2026-01-22T23:26:49","slug":"mentions-legales","status":"publish","type":"page","link":"https:\/\/quentin-chauffeur-prive.fr\/es\/avisos-legales\/","title":{"rendered":"Avisos legales"},"content":{"rendered":"<div data-elementor-type=\"wp-page\" data-elementor-id=\"111\" class=\"elementor elementor-111\" data-elementor-post-type=\"page\">\n\t\t\t\t<div class=\"elementor-element elementor-element-93c75e1 e-flex e-con-boxed e-con e-parent\" data-id=\"93c75e1\" data-element_type=\"container\" data-e-type=\"container\" data-settings=\"{&quot;background_background&quot;:&quot;classic&quot;}\">\n\t\t\t\t\t<div class=\"e-con-inner\">\n\t\t\t\t<div class=\"elementor-element elementor-element-81d49ca elementor-widget elementor-widget-text-editor\" data-id=\"81d49ca\" data-element_type=\"widget\" data-e-type=\"widget\" data-widget_type=\"text-editor.default\">\n\t\t\t\t<div class=\"elementor-widget-container\">\n\t\t\t\t\t\t\t\t\t<h2>1. Informaci\u00f3n general<\/h2><p>De conformidad con los art\u00edculos 6-III y 19 de la Ley N\u00b0 2004-575 de 21 de junio de 2004 para la<br \/>Confianza en la Econom\u00eda Digital (LCEN), as\u00ed como el Reglamento General sobre la<br \/>Protecci\u00f3n de datos (RGPD \u2013 UE 2016\/679), la siguiente informaci\u00f3n es<br \/>llamado a la atenci\u00f3n de los usuarios del sitio <strong>quentin-chauffeur-prive.fr<\/strong>.<br \/>Editor del sitio web:<br \/><strong>- Nombre de empresa:<\/strong> ALEM QUENTIN SAS<br \/><strong>\u2013 Situaci\u00f3n jur\u00eddica:<\/strong> SASU<br \/><strong>\u2013 SIRET:<\/strong> 93519598200019<br \/><strong>- Oficina central:<\/strong> 5 RUE DE CRONSTADT 54000 NANCY<br \/><strong>\u2013 C\u00f3digo APE:<\/strong> 49.32Z<br \/><strong>\u2013 N\u00famero de IVA intracomunitario:<\/strong> FR19935195982<br \/><strong>\u2013 Responsable de la publicaci\u00f3n:<\/strong> Quentin Alem, en su calidad de gerente<br \/><strong>- Contacto :<\/strong> <a href=\"mailto:quentinalem@outlook.com\">quentinalem@outlook.com<\/a><\/p><p><strong>Proveedor de alojamiento web:<\/strong><\/p><p><strong>- Nombre de empresa:<\/strong> INTERRUPTOR DE O2<br \/><strong>- Estatus legal:<\/strong> SASU<br \/><strong>- DIRECCI\u00d3N :<\/strong> Chemin des Pardiaux, 63000 Clermont-Ferrand, Francia<br \/><strong>- Tel\u00e9fono :<\/strong> 04 44 44 60 40<br \/><strong>- Correo electr\u00f3nico:<\/strong> <a href=\"mailto:support@o2switch.fr\">support@o2switch.fr<\/a><\/p><h2>2. Propiedad intelectual<\/h2><p>El sitio <strong>quentin-chauffeur-prive.fr<\/strong> as\u00ed como todo su contenido (textos, im\u00e1genes,<br \/>gr\u00e1ficos, logotipos, v\u00eddeos, arquitectura, bases de datos, etc.) est\u00e1n protegidos por la<br \/>leyes de derechos de autor y propiedad intelectual vigentes en Francia y en<br \/>la Uni\u00f3n Europea.<br \/>Cualquier reproducci\u00f3n, representaci\u00f3n, modificaci\u00f3n, publicaci\u00f3n, transmisi\u00f3n,<br \/>distorsi\u00f3n, total o parcial, del sitio o de su contenido, por cualquier medio que sea<br \/>esto, sin autorizaci\u00f3n previa por escrito de <strong>Quentin Chofer Privado<\/strong>, Est\u00e1 estrictamente prohibido<br \/>y constituye una infracci\u00f3n sancionable en virtud de los art\u00edculos L.335-2 y siguientes del C\u00f3digo.<br \/>Propiedad intelectual.<\/p><h2>3. Protecci\u00f3n de datos personales<\/h2><p>De conformidad con el RGPD y la Ley de Protecci\u00f3n de Datos francesa modificada, <strong>Quentin Chofer Privado<\/strong><br \/>Se compromete a garantizar la protecci\u00f3n de los datos personales de los usuarios.<\/p><p><strong>Datos recopilados y fines del tratamiento<br \/><\/strong><br \/>Los datos personales recopilados a trav\u00e9s del sitio web <strong>quentin-chauffeur-prive.fr<\/strong>\u00a0se utilizan<br \/>exclusivamente en el marco de los servicios ofrecidos, tales como:<br \/>\u2013 Gestionar las solicitudes a trav\u00e9s del formulario de contacto<br \/>\u2013 Env\u00edo de informaci\u00f3n comercial (si se ha dado el consentimiento previo)<br \/>\u2013 Mejorar el sitio y los servicios prestados<\/p><p><strong>Base jur\u00eddica para el tratamiento<br \/><\/strong><br \/>El procesamiento de datos se basa en la ejecuci\u00f3n de un contrato, el consentimiento de<br \/>el usuario o el inter\u00e9s leg\u00edtimo de <strong>Quentin Chofer Privado<\/strong><strong>.<br \/><\/strong><br \/><strong>Duraci\u00f3n<\/strong><\/p><p>Los datos se conservan durante un m\u00e1ximo de 24 meses a partir de la fecha.<br \/>\u00faltimo contacto o fin de la relaci\u00f3n comercial.<\/p><p><strong>Derechos de usuario<\/strong><\/p><p>De conformidad con el RGPD, usted tiene los siguientes derechos con respecto a sus datos:<br \/><strong>\u2013 Derecho de acceso<\/strong> (Art\u00edculo 15 del RGPD)<br \/><strong>\u2013 Derecho de rectificaci\u00f3n<\/strong> (Art\u00edculo 16 del RGPD)<br \/><strong>\u2013 Derecho de supresi\u00f3n<\/strong> (Derecho al olvido) (Art\u00edculo 17 del RGPD)<br \/><strong>\u2013 Derecho a restringir el tratamiento<\/strong> (Art\u00edculo 18 del RGPD)<br \/><strong>\u2013 Derecho a oponerse<\/strong> (Art\u00edculo 21 del RGPD)<br \/><strong>\u2013 Derecho a la portabilidad de los datos<\/strong> (Art\u00edculo 20 del RGPD)<\/p><p>Puedes ejercer tus derechos contactando con <strong>Quentin Chofer Privado<\/strong> en la siguiente direcci\u00f3n:<br \/><a href=\"mailto:quentinalem@outlook.com\">quentinalem@outlook.com<\/a><br \/>Si no recibe respuesta en el plazo de un mes, tiene derecho a presentar una reclamaci\u00f3n.<br \/>denuncia ante la CNIL (Comisi\u00f3n Nacional de Inform\u00e1tica y Libertades Civiles)<br \/>Libertades) a trav\u00e9s de su sitio web oficial: <a href=\"http:\/\/www.cnil.fr\">www.cnil.fr<\/a>.<\/p><h2>4. Responsabilidad y limitaciones<\/h2><p><strong>Quentin Chofer Privado<\/strong> se esfuerza por garantizar la exactitud y la actualizaci\u00f3n de la informaci\u00f3n.<br \/>publicado en este sitio. Sin embargo, el editor no se hace responsable de los errores o<br \/>omisiones, as\u00ed como cualquier da\u00f1o directo o indirecto resultante de<br \/>uso del sitio.<\/p><p>El usuario es responsable de mantener la confidencialidad de sus credenciales de inicio de sesi\u00f3n y<br \/>El usuario reconoce que utiliza el sitio bajo su exclusiva responsabilidad.<\/p><h2>5. Gesti\u00f3n de cookies<\/h2><p>Durante su visita a <strong>quentin-chauffeur-prive.fr<\/strong>, Es posible que se instalen cookies (rastreadores).<br \/>en tu dispositivo.<\/p><p><strong>Tipos de cookies utilizadas<\/strong><\/p><p><strong>\u2013 Cookies estrictamente necesarias:<\/strong> esencial para un funcionamiento adecuado<br \/>del sitio<br \/><strong>\u2013 Cookies de medici\u00f3n de audiencia:<\/strong> para mejorar la navegaci\u00f3n y el contenido<br \/><strong>\u2013 Cookies de personalizaci\u00f3n:<\/strong> para guardar tus preferencias<br \/><strong>\u2013 Cookies de terceros:<\/strong> utilizado por socios externos (Google, redes)<br \/>social, etc.)<\/p><p><strong>Gestionar y rechazar cookies<\/strong><\/p><p>Puedes gestionar tus preferencias a trav\u00e9s de la configuraci\u00f3n de tu navegador o a trav\u00e9s de un<br \/>Gestor de consentimientos accesible en el sitio web.<br \/>Tambi\u00e9n puede consultar el sitio web de la CNIL para obtener m\u00e1s informaci\u00f3n:<br \/><a href=\"http:\/\/www.cnil.fr\/fr\/cookies-les-outils-pour-les-maitriser\">www.cnil.fr\/fr\/cookies-les-outils-pour-les-maitriser<\/a>.<\/p><h2>6. Ley aplicable y jurisdicci\u00f3n<\/h2><p>Estos avisos legales se rigen por la ley francesa. En caso de disputa, y<br \/>Despu\u00e9s de un intento de resoluci\u00f3n amistosa, los tribunales competentes ser\u00e1n los de<br \/>jurisdicci\u00f3n de la sede central de <strong>Quentin Chofer Privado<\/strong>, a menos que la ley disponga lo contrario.<\/p><h2>7. Modificaci\u00f3n de avisos legales<\/h2><p><strong>Quentin Chofer Privado<\/strong> se reserva el derecho de modificar estos avisos legales en cualquier momento.<br \/>en este momento para garantizar su cumplimiento con la legislaci\u00f3n vigente.<\/p>\t\t\t\t\t\t\t\t<\/div>\n\t\t\t\t<\/div>\n\t\t\t\t\t<\/div>\n\t\t\t\t<\/div>\n\t\t\t\t<\/div>","protected":false},"excerpt":{"rendered":"<p>1. Informations g\u00e9n\u00e9rales Conform\u00e9ment aux articles 6-III et 19 de la Loi n\u00b02004-575 du 21 juin 2004 pour laConfiance dans l\u2019\u00c9conomie Num\u00e9rique (LCEN), ainsi qu\u2019au R\u00e8glement G\u00e9n\u00e9ral surla Protection des Donn\u00e9es (RGPD \u2013 UE 2016\/679), les informations suivantes sontport\u00e9es \u00e0 la connaissance des utilisateurs du site quentin-chauffeur-prive.fr.\u00c9diteur du site :&#8211; D\u00e9nomination sociale : ALEM QUENTIN [&hellip;]<\/p>\n","protected":false},"author":4,"featured_media":0,"parent":0,"menu_order":0,"comment_status":"closed","ping_status":"closed","template":"","meta":{"footnotes":""},"class_list":["post-111","page","type-page","status-publish","hentry"],"aioseo_notices":[],"_links":{"self":[{"href":"https:\/\/quentin-chauffeur-prive.fr\/es\/wp-json\/wp\/v2\/pages\/111","targetHints":{"allow":["GET"]}}],"collection":[{"href":"https:\/\/quentin-chauffeur-prive.fr\/es\/wp-json\/wp\/v2\/pages"}],"about":[{"href":"https:\/\/quentin-chauffeur-prive.fr\/es\/wp-json\/wp\/v2\/types\/page"}],"author":[{"embeddable":true,"href":"https:\/\/quentin-chauffeur-prive.fr\/es\/wp-json\/wp\/v2\/users\/4"}],"replies":[{"embeddable":true,"href":"https:\/\/quentin-chauffeur-prive.fr\/es\/wp-json\/wp\/v2\/comments?post=111"}],"version-history":[{"count":22,"href":"https:\/\/quentin-chauffeur-prive.fr\/es\/wp-json\/wp\/v2\/pages\/111\/revisions"}],"predecessor-version":[{"id":389,"href":"https:\/\/quentin-chauffeur-prive.fr\/es\/wp-json\/wp\/v2\/pages\/111\/revisions\/389"}],"wp:attachment":[{"href":"https:\/\/quentin-chauffeur-prive.fr\/es\/wp-json\/wp\/v2\/media?parent=111"}],"curies":[{"name":"wp","href":"https:\/\/api.w.org\/{rel}","templated":true}]}}