{"id":607,"date":"2026-01-31T23:17:02","date_gmt":"2026-01-31T23:17:02","guid":{"rendered":"https:\/\/quentin-chauffeur-prive.fr\/?page_id=607"},"modified":"2026-02-01T01:24:01","modified_gmt":"2026-02-01T01:24:01","slug":"contact","status":"publish","type":"page","link":"https:\/\/quentin-chauffeur-prive.fr\/es\/contacto\/","title":{"rendered":"Contacto"},"content":{"rendered":"\t\t<div data-elementor-type=\"wp-page\" data-elementor-id=\"607\" class=\"elementor elementor-607\" data-elementor-post-type=\"page\">\n\t\t\t\t<div class=\"elementor-element elementor-element-2fe59ed7 e-flex e-con-boxed e-con e-parent\" data-id=\"2fe59ed7\" data-element_type=\"container\" data-e-type=\"container\" data-settings=\"{&quot;background_background&quot;:&quot;classic&quot;}\">\n\t\t\t\t\t<div class=\"e-con-inner\">\n\t\t<div class=\"elementor-element elementor-element-48f17cff e-con-full e-flex e-con e-child\" data-id=\"48f17cff\" data-element_type=\"container\" data-e-type=\"container\" data-settings=\"{&quot;background_background&quot;:&quot;classic&quot;}\">\n\t\t\t\t<div class=\"elementor-element elementor-element-92ec902 elementor-widget elementor-widget-google_maps\" data-id=\"92ec902\" data-element_type=\"widget\" data-e-type=\"widget\" data-widget_type=\"google_maps.default\">\n\t\t\t\t<div class=\"elementor-widget-container\">\n\t\t\t\t\t\t\t<div class=\"elementor-custom-embed\">\n\t\t\t<iframe loading=\"lazy\"\n\t\t\t\t\tsrc=\"https:\/\/maps.google.com\/maps?q=5%20rue%20de%20cronstadt%2C%20Nancy%2C%20France&#038;t=m&#038;z=12&#038;output=embed&#038;iwloc=near\"\n\t\t\t\t\ttitle=\"5 rue de cronstadt, Nancy, France\"\n\t\t\t\t\taria-label=\"5 rue de cronstadt, Nancy, France\"\n\t\t\t><\/iframe>\n\t\t<\/div>\n\t\t\t\t\t\t<\/div>\n\t\t\t\t<\/div>\n\t\t\t\t<div class=\"elementor-element elementor-element-2e1b7ce elementor-widget elementor-widget-text-editor\" data-id=\"2e1b7ce\" data-element_type=\"widget\" data-e-type=\"widget\" data-widget_type=\"text-editor.default\">\n\t\t\t\t<div class=\"elementor-widget-container\">\n\t\t\t\t\t\t\t\t\t<!-- COORDONN\u00c9ES -->\n<h3>Coordonn\u00e9es<\/h3>\n\n<p>\n<strong>Quentin Chauffeur Priv\u00e9<\/strong><br>\nSi\u00e8ge social \u2013 Nancy\n<\/p>\n\n<p>\n\ud83d\udccd <strong>Adresse :<\/strong><br>\n5 rue de cronstadt<\/br>\n54000 Nancy, <\/br>Meurthe-et-Moselle (54), <\/br>France\n<\/p>\n\n<p>\n\ud83d\udcde <strong>T\u00e9l\u00e9phone :<\/strong><br>\n<a href=\"tel:+33XXXXXXXXX\">+33 3 74 47 05 50<\/a>\n<\/p>\n\n<p>\n\u2709\ufe0f <strong>Email :<\/strong><br>\n<a href=\"mailto:contact@quentin-chauffeur-prive.fr\">contact@quentin-chauffeur-prive.fr<\/a>\n<\/p>\n\n<p>\n\ud83d\udd52 <strong>Service client :<\/strong><br>\nDisponible 24h\/24 et 7j\/7 via l\u2019application et le formulaire d\u2019assistance\n<\/p>\t\t\t\t\t\t\t\t<\/div>\n\t\t\t\t<\/div>\n\t\t\t\t<\/div>\n\t\t<div class=\"elementor-element elementor-element-6c759b08 e-con-full e-flex e-con e-child\" data-id=\"6c759b08\" data-element_type=\"container\" data-e-type=\"container\" data-settings=\"{&quot;background_background&quot;:&quot;classic&quot;}\">\n\t\t\t\t<div class=\"elementor-element elementor-element-6dfa5cf1 elementor-invisible elementor-widget elementor-widget-heading\" data-id=\"6dfa5cf1\" data-element_type=\"widget\" data-e-type=\"widget\" data-settings=\"{&quot;_animation&quot;:&quot;fadeInUp&quot;}\" data-widget_type=\"heading.default\">\n\t\t\t\t<div class=\"elementor-widget-container\">\n\t\t\t\t\t<h1 class=\"elementor-heading-title elementor-size-default\">Contactez-nous<\/h1>\t\t\t\t<\/div>\n\t\t\t\t<\/div>\n\t\t\t\t<div class=\"elementor-element elementor-element-6dd2cb7 elementor-widget elementor-widget-wpforms\" data-id=\"6dd2cb7\" data-element_type=\"widget\" data-e-type=\"widget\" data-widget_type=\"wpforms.default\">\n\t\t\t\t<div class=\"elementor-widget-container\">\n\t\t\t\t\t<div class=\"wpforms-container wpforms-container-full wpforms-container-quiz wpforms-render-modern\" id=\"wpforms-664\"><form id=\"wpforms-form-664\" class=\"wpforms-validate wpforms-form\" data-formid=\"664\" method=\"post\" enctype=\"multipart\/form-data\" action=\"\/es\/wp-json\/wp\/v2\/pages\/607\" data-token=\"b7bf3f3ca13112e8f1ace48b6fc97b5c\" data-token-time=\"1778975579\"><noscript class=\"wpforms-error-noscript\">Por favor, activa JavaScript en tu navegador para completar este formulario.<\/noscript><div id=\"wpforms-error-noscript\" style=\"display: none;\">Por favor, activa JavaScript en tu navegador para completar este formulario.<\/div><div class=\"wpforms-field-container\"><div id=\"wpforms-664-field_8-container\" class=\"wpforms-field wpforms-field-name\" data-field-type=\"name\" data-field-id=\"8\"><fieldset><legend class=\"wpforms-field-label\">Nom <span class=\"wpforms-required-label\" aria-hidden=\"true\">*<\/span><\/legend><div class=\"wpforms-field-row wpforms-field-large\"><div class=\"wpforms-field-row-block wpforms-first wpforms-one-half\"><input type=\"text\" id=\"wpforms-664-field_8\" class=\"wpforms-field-name-first wpforms-field-required\" name=\"wpforms[fields][8][first]\" aria-errormessage=\"wpforms-664-field_8-error\" required><label for=\"wpforms-664-field_8\" class=\"wpforms-field-sublabel after\">Nombre<\/label><\/div><div class=\"wpforms-field-row-block wpforms-one-half\"><input type=\"text\" id=\"wpforms-664-field_8-last\" class=\"wpforms-field-name-last wpforms-field-required\" name=\"wpforms[fields][8][last]\" aria-errormessage=\"wpforms-664-field_8-last-error\" required><label for=\"wpforms-664-field_8-last\" class=\"wpforms-field-sublabel after\">Apellidos<\/label><\/div><\/div><\/fieldset><\/div><div id=\"wpforms-664-field_2-container\" class=\"wpforms-field wpforms-field-email\" data-field-type=\"email\" data-field-id=\"2\"><label class=\"wpforms-field-label\" for=\"wpforms-664-field_2\">Adresse e-mail <span class=\"wpforms-required-label\" aria-hidden=\"true\">*<\/span><\/label><input type=\"email\" id=\"wpforms-664-field_2\" class=\"wpforms-field-large wpforms-field-required\" name=\"wpforms[fields][2]\" spellcheck=\"false\" aria-errormessage=\"wpforms-664-field_2-error\" required><\/div><div id=\"wpforms-664-field_3-container\" class=\"wpforms-field wpforms-field-phone\" data-field-type=\"phone\" data-field-id=\"3\"><label class=\"wpforms-field-label\" for=\"wpforms-664-field_3\">Num\u00e9ro de t\u00e9l\u00e9phone<\/label><input type=\"tel\" id=\"wpforms-664-field_3\" class=\"wpforms-field-large wpforms-smart-phone-field\" data-rule-smart-phone-field=\"true\" name=\"wpforms[fields][3]\" aria-label=\"Num\u00e9ro de t\u00e9l\u00e9phone\" aria-errormessage=\"wpforms-664-field_3-error\" aria-describedby=\"wpforms-664-field_3-description\" ><div id=\"wpforms-664-field_3-description\" class=\"wpforms-field-description\">Utilis\u00e9 uniquement si un compl\u00e9ment d'information est n\u00e9cessaire.<\/div><\/div>\t\t<div id=\"wpforms-664-field_1-container\"\n\t\t\tclass=\"wpforms-field wpforms-field-text\"\n\t\t\tdata-field-type=\"text\"\n\t\t\tdata-field-id=\"1\"\n\t\t\t>\n\t\t\t<label class=\"wpforms-field-label\" for=\"wpforms-664-field_1\" >demande e-mail Message<\/label>\n\t\t\t<input type=\"text\" id=\"wpforms-664-field_1\" class=\"wpforms-field-medium\" name=\"wpforms[fields][1]\" >\n\t\t<\/div>\n\t\t<div id=\"wpforms-664-field_4-container\" class=\"wpforms-field wpforms-field-select wpforms-field-select-style-classic\" data-field-type=\"select\" data-field-id=\"4\"><label class=\"wpforms-field-label\" for=\"wpforms-664-field_4\">Type de demande <span class=\"wpforms-required-label\" aria-hidden=\"true\">*<\/span><\/label><select id=\"wpforms-664-field_4\" class=\"wpforms-field-large wpforms-field-required\" name=\"wpforms[fields][4]\" required=\"required\"><option value=\"Objet oubli\u00e9 dans un v\u00e9hicule\"  class=\"choice-1 depth-1\"  >Objet oubli\u00e9 dans un v\u00e9hicule<\/option><option value=\"Annulation ou modification de r\u00e9servation\"  class=\"choice-2 depth-1\"  >Annulation ou modification de r\u00e9servation<\/option><option value=\"Probl\u00e8me lors d&#039;une course\"  class=\"choice-3 depth-1\"  >Probl\u00e8me lors d'une course<\/option><option value=\"Facturation ou paiement\"  class=\"choice-4 depth-1\"  >Facturation ou paiement<\/option><option value=\"Probl\u00e8me de r\u00e9servation ou application\"  class=\"choice-5 depth-1\"  >Probl\u00e8me de r\u00e9servation ou application<\/option><option value=\"Mise \u00e0 disposition ou \u00e9v\u00e8nement\"  class=\"choice-6 depth-1\"  >Mise \u00e0 disposition ou \u00e9v\u00e8nement<\/option><option value=\"Circuit touristique\"  class=\"choice-7 depth-1\"  >Circuit touristique<\/option><option value=\"Autre demande\"  class=\"choice-8 depth-1\"  >Autre demande<\/option><\/select><\/div><div id=\"wpforms-664-field_5-container\" class=\"wpforms-field wpforms-field-text\" data-field-type=\"text\" data-field-id=\"5\"><label class=\"wpforms-field-label\" for=\"wpforms-664-field_5\">R\u00e9f\u00e9rence de r\u00e9servation<\/label><input type=\"text\" id=\"wpforms-664-field_5\" class=\"wpforms-field-large\" name=\"wpforms[fields][5]\" placeholder=\"Ex ABC123\" aria-errormessage=\"wpforms-664-field_5-error\" ><\/div><div id=\"wpforms-664-field_6-container\" class=\"wpforms-field wpforms-field-date-time\" data-field-type=\"date-time\" data-field-id=\"6\"><label class=\"wpforms-field-label\" for=\"wpforms-664-field_6\">Date de la course ou de la r\u00e9servation<\/label><div class=\"wpforms-datepicker-wrap\"><input type=\"text\" id=\"wpforms-664-field_6\" class=\"wpforms-field-date-time-date wpforms-datepicker wpforms-field-large\" data-date-format=\"m\/d\/Y\" data-disable-past-dates=\"0\" data-input=\"true\" name=\"wpforms[fields][6][date]\" aria-errormessage=\"wpforms-664-field_6-error\" ><a title=\"Borrar fecha\" data-clear role=\"button\" tabindex=\"0\" class=\"wpforms-datepicker-clear\" aria-label=\"Borrar fecha\" style=\"display:none;\"><\/a><\/div><\/div><div id=\"wpforms-664-field_7-container\" class=\"wpforms-field wpforms-field-textarea\" data-field-type=\"textarea\" data-field-id=\"7\"><label class=\"wpforms-field-label\" for=\"wpforms-664-field_7\">Message d\u00e9taill\u00e9 <span class=\"wpforms-required-label\" aria-hidden=\"true\">*<\/span><\/label><textarea id=\"wpforms-664-field_7\" class=\"wpforms-field-medium wpforms-field-required\" name=\"wpforms[fields][7]\" placeholder=\"Merci de d\u00e9crire votre demande de mani\u00e8re pr\u00e9cise : date, trajet, contexte, objet concern\u00e9\" aria-errormessage=\"wpforms-664-field_7-error\" required><\/textarea><\/div><script>\n\t\t\t\t( function() {\n\t\t\t\t\tconst style = document.createElement( 'style' );\n\t\t\t\t\tstyle.appendChild( document.createTextNode( '#wpforms-664-field_1-container { position: absolute !important; overflow: hidden !important; display: inline !important; height: 1px !important; width: 1px !important; z-index: -1000 !important; padding: 0 !important; } #wpforms-664-field_1-container input { visibility: hidden; } #wpforms-conversational-form-page #wpforms-664-field_1-container label { counter-increment: none; }' ) );\n\t\t\t\t\tdocument.head.appendChild( style );\n\t\t\t\t\tdocument.currentScript?.remove();\n\t\t\t\t} )();\n\t\t\t<\/script><\/div><!-- .wpforms-field-container --><div class=\"wpforms-submit-container\" ><input type=\"hidden\" name=\"wpforms[id]\" value=\"664\"><input type=\"hidden\" name=\"page_title\" value=\"\"><input type=\"hidden\" name=\"page_url\" value=\"https:\/\/quentin-chauffeur-prive.fr\/es\/wp-json\/wp\/v2\/pages\/607\"><input type=\"hidden\" name=\"url_referer\" value=\"\"><button type=\"submit\" name=\"wpforms[submit]\" id=\"wpforms-submit-664\" class=\"wpforms-submit\" data-alt-text=\"Envoi...\" data-submit-text=\"Envoyer ma demande\" aria-live=\"assertive\" value=\"wpforms-submit\">Envoyer ma demande<\/button><\/div><\/form><\/div>  <!-- .wpforms-container -->\t\t\t\t<\/div>\n\t\t\t\t<\/div>\n\t\t\t\t<\/div>\n\t\t\t\t\t<\/div>\n\t\t\t\t<\/div>\n\t\t\t\t<\/div>\n\t\t","protected":false},"excerpt":{"rendered":"<p>Coordonn\u00e9es Quentin Chauffeur Priv\u00e9 Si\u00e8ge social \u2013 Nancy &#x1f4cd; Adresse : 5 rue de cronstadt 54000 Nancy, Meurthe-et-Moselle (54), France &#x1f4de; T\u00e9l\u00e9phone : +33 3 74 47 05 50 &#x2709;&#xfe0f; Email : contact@quentin-chauffeur-prive.fr &#x1f552; Service client : Disponible 24h\/24 et 7j\/7 via l\u2019application et le formulaire d\u2019assistance Contactez-nous Veuillez activer JavaScript dans votre navigateur pour [&hellip;]<\/p>\n","protected":false},"author":4,"featured_media":0,"parent":0,"menu_order":0,"comment_status":"closed","ping_status":"closed","template":"","meta":{"footnotes":""},"class_list":["post-607","page","type-page","status-publish","hentry"],"aioseo_notices":[],"_links":{"self":[{"href":"https:\/\/quentin-chauffeur-prive.fr\/es\/wp-json\/wp\/v2\/pages\/607","targetHints":{"allow":["GET"]}}],"collection":[{"href":"https:\/\/quentin-chauffeur-prive.fr\/es\/wp-json\/wp\/v2\/pages"}],"about":[{"href":"https:\/\/quentin-chauffeur-prive.fr\/es\/wp-json\/wp\/v2\/types\/page"}],"author":[{"embeddable":true,"href":"https:\/\/quentin-chauffeur-prive.fr\/es\/wp-json\/wp\/v2\/users\/4"}],"replies":[{"embeddable":true,"href":"https:\/\/quentin-chauffeur-prive.fr\/es\/wp-json\/wp\/v2\/comments?post=607"}],"version-history":[{"count":8,"href":"https:\/\/quentin-chauffeur-prive.fr\/es\/wp-json\/wp\/v2\/pages\/607\/revisions"}],"predecessor-version":[{"id":672,"href":"https:\/\/quentin-chauffeur-prive.fr\/es\/wp-json\/wp\/v2\/pages\/607\/revisions\/672"}],"wp:attachment":[{"href":"https:\/\/quentin-chauffeur-prive.fr\/es\/wp-json\/wp\/v2\/media?parent=607"}],"curies":[{"name":"wp","href":"https:\/\/api.w.org\/{rel}","templated":true}]}}