{"id":673,"date":"2026-02-01T05:43:32","date_gmt":"2026-02-01T05:43:32","guid":{"rendered":"https:\/\/quentin-chauffeur-prive.fr\/?page_id=673"},"modified":"2026-02-01T23:51:26","modified_gmt":"2026-02-01T23:51:26","slug":"conditions-generales-de-vente","status":"publish","type":"page","link":"https:\/\/quentin-chauffeur-prive.fr\/es\/condiciones-generales-de-venta\/","title":{"rendered":"CONDICIONES GENERALES DE VENTA"},"content":{"rendered":"<div data-elementor-type=\"wp-page\" data-elementor-id=\"673\" class=\"elementor elementor-673\" data-elementor-post-type=\"page\">\n\t\t\t\t<div class=\"elementor-element elementor-element-7a2e831 e-flex e-con-boxed e-con e-parent\" data-id=\"7a2e831\" data-element_type=\"container\" data-e-type=\"container\">\n\t\t\t\t\t<div class=\"e-con-inner\">\n\t\t\t\t<div class=\"elementor-element elementor-element-00fec76 elementor-widget elementor-widget-html\" data-id=\"00fec76\" data-element_type=\"widget\" data-e-type=\"widget\" data-widget_type=\"html.default\">\n\t\t\t\t<div class=\"elementor-widget-container\">\n\t\t\t\t\t<section id=\"cgv\" class=\"cgv\">\n  <h1>Condiciones Generales de Venta (CGV)<\/h1>\n  <p><strong>Quentin Chofer Privado<\/strong><\/p>\n\n  <h2>Art\u00edculo 1 \u2013 Identificaci\u00f3n de la empresa<\/h2>\n  <p>\n    El sitio <strong>quentin-chauffeur-prive.fr<\/strong> Es operado por:\n  <\/p>\n  <p>\n    <strong>ALEM QUENTIN<\/strong><br>\n    Sociedad an\u00f3nima simplificada con un \u00fanico accionista (SASU)<br>\n    Capital social: 3.500 \u20ac<br>\n    Domicilio social: 5 rue de Cronstadt, 54000 Nancy \u2013 Francia<br>\n    RCS Nancy: 935 195 982<br>\n    Actividad: Operaci\u00f3n de veh\u00edculos con ch\u00f3fer (VTC)\n  <\/p>\n\n  <h2>Art\u00edculo 2 \u2013 Objeto<\/h2>\n  <p>\n    El objetivo de estas Condiciones Generales de Venta (CGV) es definir las condiciones bajo las cuales la empresa ALEM QUENTIN comercializa, a trav\u00e9s de su sitio web, servicios de transporte con conductor y servicios asociados.\n  <\/p>\n\n  <h2>Art\u00edculo 3 \u2013 \u00c1mbito de aplicaci\u00f3n<\/h2>\n  <p>\n    Estos T\u00e9rminos y Condiciones se aplican a todas las reservas realizadas a trav\u00e9s del sitio web, ya sea por clientes particulares o profesionales.\n  <\/p>\n  <p>\n    Estas condiciones no se aplican a las reservas realizadas a trav\u00e9s de plataformas de terceros o aplicaciones asociadas, que tienen sus propios t\u00e9rminos y condiciones contractuales.\n  <\/p>\n\n  <h2>Art\u00edculo 4 \u2013 Servicios ofrecidos<\/h2>\n  <p>Los servicios que se ofrecen en el sitio incluyen, entre otros:<\/p>\n  <ul>\n    <li>Suministro de veh\u00edculo con conductor (servicio por horas)<\/li>\n    <li>Circuitos tur\u00edsticos organizados<\/li>\n    <li>Servicios para eventos (bodas, eventos familiares o privados)<\/li>\n    <li>Servicios adicionales opcionales (decoraci\u00f3n del veh\u00edculo, suministro de una botella de champ\u00e1n, opciones espec\u00edficas)<\/li>\n    <li>Servicios de asociaci\u00f3n basados en suscripci\u00f3n<\/li>\n  <\/ul>\n  <p>\n    Las caracter\u00edsticas esenciales de cada servicio se presentan en el sitio web.\n  <\/p>\n\n  <h2>Art\u00edculo 5 \u2013 Reserva<\/h2>\n  <p>\n    Las reservas se realizan exclusivamente a trav\u00e9s del sitio web. Toda reserva implica la aceptaci\u00f3n incondicional de estos T\u00e9rminos y Condiciones.\n  <\/p>\n  <p>\n    La empresa se reserva el derecho de rechazar cualquier reserva que sea claramente inconsistente o contraria a la normativa vigente.\n  <\/p>\n\n  <h2>Art\u00edculo 6 \u2013 Precios<\/h2>\n  <p>\n    Los precios se muestran en euros e incluyen todos los impuestos (IVA incluido).\n  <\/p>\n  <p>\n    Las tarifas aplicables son las vigentes en el momento de la reserva. Los servicios u opciones adicionales conllevan cargos extra, que se indicar\u00e1n claramente antes de la confirmaci\u00f3n.\n  <\/p>\n\n  <h2>Art\u00edculo 7 \u2013 Condiciones de pago<\/h2>\n  <p>Se realiza el pago:<\/p>\n  <ul>\n    <li><strong>En l\u00ednea<\/strong> al reservar para:\n      <ul>\n        <li>circuitos tur\u00edsticos<\/li>\n        <li>la disposici\u00f3n<\/li>\n        <li>suscripciones de socios<\/li>\n      <\/ul>\n    <\/li>\n    <li><strong>A bordo del veh\u00edculo<\/strong>, cuando se ofrece esta opci\u00f3n<\/li>\n  <\/ul>\n  <p>M\u00e9todos de pago aceptados:<\/p>\n  <ul>\n    <li>Tarjeta bancaria<\/li>\n    <li>Especies<\/li>\n  <\/ul>\n  <p>\n    Todos los servicios deben pagarse en su totalidad.\n  <\/p>\n\n  <h2>Art\u00edculo 8 \u2013 Derecho de desistimiento<\/h2>\n  <p>\n    De conformidad con el art\u00edculo L221-28 del C\u00f3digo de Consumo, el derecho de desistimiento no se aplica a los servicios de transporte de pasajeros prestados en una fecha determinada o a intervalos determinados.\n  <\/p>\n\n  <h2>Art\u00edculo 9 \u2013 Cancelaci\u00f3n y ausencia del cliente<\/h2>\n  <h3>9.1 Cancelaci\u00f3n<\/h3>\n  <p>\n    Las cancelaciones son <strong>gratis<\/strong>, independientemente del retraso, siempre y cuando el cliente se ponga en contacto antes de la hora programada para el servicio.\n  <\/p>\n\n  <h3>9.2 Ausencia del cliente (no presentaci\u00f3n)<\/h3>\n  <p>\n    En caso de ausencia del cliente en el lugar y hora acordados, <strong>No se realizar\u00e1 ning\u00fan reembolso.<\/strong>,el servicio se considera debido.\n  <\/p>\n\n  <h2>Art\u00edculo 10 \u2013 \u00c1rea geogr\u00e1fica de los servicios<\/h2>\n  <ul>\n    <li>Rutas tur\u00edsticas: Lorena y Alsacia<\/li>\n    <li>Disponible en: Nancy y alrededores.<\/li>\n    <li>Otros servicios: sujetos a las condiciones especificadas en el momento de la reserva.<\/li>\n  <\/ul>\n\n  <h2>Art\u00edculo 11 \u2013 Responsabilidad<\/h2>\n  <p>\n    La empresa ALEM QUENTIN est\u00e1 sujeta a una obligaci\u00f3n de medios.\n  <\/p>\n  <p>\n    No se le puede responsabilizar de los retrasos o el incumplimiento debidos a circunstancias ajenas a su control (condiciones meteorol\u00f3gicas, tr\u00e1fico, eventos excepcionales, fuerza mayor).\n  <\/p>\n\n  <h2>Art\u00edculo 12 \u2013 Comportamiento del cliente<\/h2>\n  <p>\n    Cualquier comportamiento peligroso, agresivo o ilegal puede conllevar la rescisi\u00f3n inmediata del servicio sin derecho a reembolso.\n  <\/p>\n\n  <h2>Art\u00edculo 13 \u2013 Datos personales<\/h2>\n  <p>\n    Los datos personales recogidos se utilizan exclusivamente para la gesti\u00f3n de reservas y de conformidad con la normativa de protecci\u00f3n de datos aplicable.\n  <\/p>\n\n  <h2>Art\u00edculo 14 \u2013 Controversias y ley aplicable<\/h2>\n  <p>\n    Estos T\u00e9rminos y Condiciones se rigen por la legislaci\u00f3n francesa.\n  <\/p>\n  <p>\n    En caso de disputa, se buscar\u00e1 una soluci\u00f3n amistosa antes de emprender acciones legales. De no ser posible, ser\u00e1n los tribunales competentes de la jurisdicci\u00f3n donde se encuentre el domicilio social de la empresa.\n  <\/p>\n\n  <h2>Art\u00edculo 15 \u2013 Aceptaci\u00f3n de las Condiciones Generales<\/h2>\n  <p>\n    Cualquier reserva realizada en el sitio implica la aceptaci\u00f3n plena e incondicional de estas Condiciones Generales de Venta.\n  <\/p>\n<\/section>\t\t\t\t<\/div>\n\t\t\t\t<\/div>\n\t\t\t\t\t<\/div>\n\t\t\t\t<\/div>\n\t\t\t\t<\/div>","protected":false},"excerpt":{"rendered":"<p>Conditions G\u00e9n\u00e9rales de Vente (CGV) Quentin Chauffeur Priv\u00e9 Article 1 \u2013 Identification de la soci\u00e9t\u00e9 Le site quentin-chauffeur-prive.fr est exploit\u00e9 par : ALEM QUENTIN Soci\u00e9t\u00e9 par actions simplifi\u00e9e \u00e0 associ\u00e9 unique (SASU) Capital social : 3 500 \u20ac Si\u00e8ge social : 5 rue de Cronstadt, 54000 Nancy \u2013 France RCS Nancy : 935 195 982 [&hellip;]<\/p>\n","protected":false},"author":4,"featured_media":0,"parent":0,"menu_order":0,"comment_status":"closed","ping_status":"closed","template":"","meta":{"footnotes":""},"class_list":["post-673","page","type-page","status-publish","hentry"],"aioseo_notices":[],"_links":{"self":[{"href":"https:\/\/quentin-chauffeur-prive.fr\/es\/wp-json\/wp\/v2\/pages\/673","targetHints":{"allow":["GET"]}}],"collection":[{"href":"https:\/\/quentin-chauffeur-prive.fr\/es\/wp-json\/wp\/v2\/pages"}],"about":[{"href":"https:\/\/quentin-chauffeur-prive.fr\/es\/wp-json\/wp\/v2\/types\/page"}],"author":[{"embeddable":true,"href":"https:\/\/quentin-chauffeur-prive.fr\/es\/wp-json\/wp\/v2\/users\/4"}],"replies":[{"embeddable":true,"href":"https:\/\/quentin-chauffeur-prive.fr\/es\/wp-json\/wp\/v2\/comments?post=673"}],"version-history":[{"count":4,"href":"https:\/\/quentin-chauffeur-prive.fr\/es\/wp-json\/wp\/v2\/pages\/673\/revisions"}],"predecessor-version":[{"id":679,"href":"https:\/\/quentin-chauffeur-prive.fr\/es\/wp-json\/wp\/v2\/pages\/673\/revisions\/679"}],"wp:attachment":[{"href":"https:\/\/quentin-chauffeur-prive.fr\/es\/wp-json\/wp\/v2\/media?parent=673"}],"curies":[{"name":"wp","href":"https:\/\/api.w.org\/{rel}","templated":true}]}}