{"id":111,"date":"2025-02-25T09:35:18","date_gmt":"2025-02-25T09:35:18","guid":{"rendered":"https:\/\/alemvtc.idee-ad-prod.fr\/?page_id=111"},"modified":"2026-01-22T23:26:49","modified_gmt":"2026-01-22T23:26:49","slug":"mentions-legales","status":"publish","type":"page","link":"https:\/\/quentin-chauffeur-prive.fr\/fr_fr\/mentions-legales\/","title":{"rendered":"Mentions L\u00e9gales"},"content":{"rendered":"\t\t<div data-elementor-type=\"wp-page\" data-elementor-id=\"111\" class=\"elementor elementor-111\" data-elementor-post-type=\"page\">\n\t\t\t\t<div class=\"elementor-element elementor-element-93c75e1 e-flex e-con-boxed e-con e-parent\" data-id=\"93c75e1\" data-element_type=\"container\" data-e-type=\"container\" data-settings=\"{&quot;background_background&quot;:&quot;classic&quot;}\">\n\t\t\t\t\t<div class=\"e-con-inner\">\n\t\t\t\t<div class=\"elementor-element elementor-element-81d49ca elementor-widget elementor-widget-text-editor\" data-id=\"81d49ca\" data-element_type=\"widget\" data-e-type=\"widget\" data-widget_type=\"text-editor.default\">\n\t\t\t\t<div class=\"elementor-widget-container\">\n\t\t\t\t\t\t\t\t\t<h2>1. Informations g\u00e9n\u00e9rales<\/h2><p>Conform\u00e9ment aux articles 6-III et 19 de la Loi n\u00b02004-575 du 21 juin 2004 pour la<br \/>Confiance dans l\u2019\u00c9conomie Num\u00e9rique (LCEN), ainsi qu\u2019au R\u00e8glement G\u00e9n\u00e9ral sur<br \/>la Protection des Donn\u00e9es (RGPD \u2013 UE 2016\/679), les informations suivantes sont<br \/>port\u00e9es \u00e0 la connaissance des utilisateurs du site <strong>quentin-chauffeur-prive.fr<\/strong>.<br \/>\u00c9diteur du site :<br \/><strong>&#8211; D\u00e9nomination sociale :<\/strong> ALEM QUENTIN SAS<br \/><strong>&#8211; Statut juridique :<\/strong> SASU<br \/><strong>&#8211; SIRET :<\/strong> 93519598200019<br \/><strong>&#8211; Si\u00e8ge social :<\/strong> 5 RUE DE CRONSTADT 54000 NANCY<br \/><strong>&#8211; Code APE :<\/strong> 49.32Z<br \/><strong>&#8211; Num\u00e9ro de TVA intracommunautaire :<\/strong> FR19935195982<br \/><strong>&#8211; Responsable de la publication :<\/strong> Quentin Alem, en qualit\u00e9 de g\u00e9rant<br \/><strong>&#8211; Contact :<\/strong> <a href=\"mailto:quentinalem@outlook.com\">quentinalem@outlook.com<\/a><\/p><p><strong>H\u00e9bergeur du site :<\/strong><\/p><p><strong>&#8211; D\u00e9nomination sociale :<\/strong> O2SWITCH<br \/><strong>&#8211; Forme juridique :<\/strong> SASU<br \/><strong>&#8211; Adresse :<\/strong> Chemin des Pardiaux, 63000 Clermont-Ferrand, France<br \/><strong>&#8211; T\u00e9l\u00e9phone :<\/strong> 04 44 44 60 40<br \/><strong>&#8211; E-mail :<\/strong> <a href=\"mailto:support@o2switch.fr\">support@o2switch.fr<\/a><\/p><h2>2. Propri\u00e9t\u00e9 intellectuelle<\/h2><p>Le site <strong>quentin-chauffeur-prive.fr<\/strong> ainsi que l\u2019ensemble de son contenu (textes, images,<br \/>graphismes, logos, vid\u00e9os, architecture, bases de donn\u00e9es, etc.) sont prot\u00e9g\u00e9s par le<br \/>droit d\u2019auteur et les lois sur la propri\u00e9t\u00e9 intellectuelle en vigueur en France et dans<br \/>l\u2019Union Europ\u00e9enne.<br \/>Toute reproduction, repr\u00e9sentation, modification, publication, transmission,<br \/>d\u00e9naturation, totale ou partielle du site ou de son contenu, par quelque proc\u00e9d\u00e9 que<br \/>ce soit, sans autorisation \u00e9crite pr\u00e9alable de <strong>Quentin Chauffeur Priv\u00e9<\/strong>, est strictement interdite<br \/>et constitue une contrefa\u00e7on sanctionn\u00e9e par les articles L.335-2 et suivants du Code<br \/>de la Propri\u00e9t\u00e9 Intellectuelle.<\/p><h2>3. Protection des donn\u00e9es personnelles<\/h2><p>Conform\u00e9ment au RGPD et \u00e0 la loi Informatique et Libert\u00e9s modifi\u00e9e, <strong>Quentin Chauffeur Priv\u00e9<\/strong><br \/>s\u2019engage \u00e0 assurer la protection des donn\u00e9es personnelles des utilisateurs.<\/p><p><strong>Donn\u00e9es collect\u00e9es et finalit\u00e9s du traitement<br \/><\/strong><br \/>Les donn\u00e9es personnelles collect\u00e9es via le site <strong>quentin-chauffeur-prive.fr<\/strong>\u00a0sont utilis\u00e9es<br \/>exclusivement dans le cadre des services propos\u00e9s, tels que :<br \/>&#8211; La gestion des demandes via le formulaire de contact<br \/>&#8211; L\u2019envoi d\u2019informations commerciales (si consentement pr\u00e9alable)<br \/>&#8211; L\u2019am\u00e9lioration du site et des services fournis<\/p><p><strong>Base l\u00e9gale du traitement<br \/><\/strong><br \/>Le traitement des donn\u00e9es repose sur l\u2019ex\u00e9cution d\u2019un contrat, le consentement de<br \/>l\u2019utilisateur ou l\u2019int\u00e9r\u00eat l\u00e9gitime de <strong>Quentin Chauffeur Priv\u00e9<\/strong><strong>.<br \/><\/strong><br \/><strong>Dur\u00e9e de conservation<\/strong><\/p><p>Les donn\u00e9es sont conserv\u00e9es pour une dur\u00e9e maximale de 24 mois \u00e0 compter du<br \/>dernier contact ou de la fin de la relation commerciale.<\/p><p><strong>Droits des utilisateurs<\/strong><\/p><p>Conform\u00e9ment au RGPD, vous disposez des droits suivants sur vos donn\u00e9es :<br \/><strong>&#8211; Droit d\u2019acc\u00e8s<\/strong> (Article 15 RGPD)<br \/><strong>&#8211; Droit de rectification<\/strong> (Article 16 RGPD)<br \/><strong>&#8211; Droit \u00e0 l\u2019effacement<\/strong> (\u00ab droit \u00e0 l\u2019oubli \u00bb) (Article 17 RGPD)<br \/><strong>&#8211; Droit de limitation du traitement<\/strong> (Article 18 RGPD)<br \/><strong>&#8211; Droit d\u2019opposition<\/strong> (Article 21 RGPD)<br \/><strong>&#8211; Droit \u00e0 la portabilit\u00e9 des donn\u00e9es<\/strong> (Article 20 RGPD)<\/p><p>Vous pouvez exercer vos droits en contactant <strong>Quentin Chauffeur Priv\u00e9<\/strong> \u00e0 l\u2019adresse suivante :<br \/><a href=\"mailto:quentinalem@outlook.com\">quentinalem@outlook.com<\/a><br \/>En cas de non-r\u00e9ponse dans un d\u00e9lai d\u2019un mois, vous avez le droit d\u2019introduire une<br \/>r\u00e9clamation aupr\u00e8s de la CNIL (Commission Nationale de l\u2019Informatique et des<br \/>Libert\u00e9s) via son site officiel : <a href=\"http:\/\/www.cnil.fr\">www.cnil.fr<\/a>.<\/p><h2>4. Responsabilit\u00e9 et limitations<\/h2><p><strong>Quentin Chauffeur Priv\u00e9<\/strong> s\u2019efforce d\u2019assurer l\u2019exactitude et la mise \u00e0 jour des informations<br \/>diffus\u00e9es sur ce site. Toutefois, l\u2019\u00e9diteur ne peut \u00eatre tenu responsable des erreurs ou<br \/>omissions, ainsi que des \u00e9ventuels dommages directs ou indirects r\u00e9sultant de<br \/>l\u2019utilisation du site.<\/p><p>L\u2019utilisateur est responsable de la confidentialit\u00e9 de ses identifiants de connexion et<br \/>reconna\u00eet utiliser le site sous sa seule responsabilit\u00e9.<\/p><h2>5. Gestion des cookies<\/h2><p>Lors de votre visite sur <strong>quentin-chauffeur-prive.fr<\/strong>, des cookies (traceurs) peuvent \u00eatre install\u00e9s<br \/>sur votre terminal.<\/p><p><strong>Types de cookies utilis\u00e9s<\/strong><\/p><p><strong>&#8211; Cookies strictement n\u00e9cessaires :<\/strong> indispensables au bon fonctionnement<br \/>du site<br \/><strong>&#8211; Cookies de mesure d\u2019audience :<\/strong> pour am\u00e9liorer la navigation et le contenu<br \/><strong>&#8211; Cookies de personnalisation :<\/strong> pour enregistrer vos pr\u00e9f\u00e9rences<br \/><strong>&#8211; Cookies tiers :<\/strong> utilis\u00e9s par des partenaires externes (Google, r\u00e9seaux<br \/>sociaux, etc.)<\/p><p><strong>Gestion et refus des cookies<\/strong><\/p><p>Vous pouvez g\u00e9rer vos pr\u00e9f\u00e9rences via les param\u00e8tres de votre navigateur ou via un<br \/>gestionnaire de consentement accessible sur le site.<br \/>Vous pouvez \u00e9galement consulter le site de la CNIL pour plus d\u2019informations :<br \/><a href=\"http:\/\/www.cnil.fr\/fr\/cookies-les-outils-pour-les-maitriser\">www.cnil.fr\/fr\/cookies-les-outils-pour-les-maitriser<\/a>.<\/p><h2>6. Droit applicable et juridiction comp\u00e9tente<\/h2><p>Les pr\u00e9sentes mentions l\u00e9gales sont r\u00e9gies par le droit fran\u00e7ais. En cas de litige, et<br \/>apr\u00e8s une tentative de r\u00e9solution amiable, les tribunaux comp\u00e9tents seront ceux du<br \/>ressort du si\u00e8ge social de <strong>Quentin Chauffeur Priv\u00e9<\/strong>, sauf disposition l\u00e9gale contraire.<\/p><h2>7. Modification des mentions l\u00e9gales<\/h2><p><strong>Quentin Chauffeur Priv\u00e9<\/strong> se r\u00e9serve le droit de modifier les pr\u00e9sentes mentions l\u00e9gales \u00e0 tout<br \/>moment afin de garantir leur conformit\u00e9 avec la l\u00e9gislation en vigueur.<\/p>\t\t\t\t\t\t\t\t<\/div>\n\t\t\t\t<\/div>\n\t\t\t\t\t<\/div>\n\t\t\t\t<\/div>\n\t\t\t\t<\/div>\n\t\t","protected":false},"excerpt":{"rendered":"<p>1. Informations g\u00e9n\u00e9rales Conform\u00e9ment aux articles 6-III et 19 de la Loi n\u00b02004-575 du 21 juin 2004 pour laConfiance dans l\u2019\u00c9conomie Num\u00e9rique (LCEN), ainsi qu\u2019au R\u00e8glement G\u00e9n\u00e9ral surla Protection des Donn\u00e9es (RGPD \u2013 UE 2016\/679), les informations suivantes sontport\u00e9es \u00e0 la connaissance des utilisateurs du site quentin-chauffeur-prive.fr.\u00c9diteur du site :&#8211; D\u00e9nomination sociale : ALEM QUENTIN [&hellip;]<\/p>\n","protected":false},"author":4,"featured_media":0,"parent":0,"menu_order":0,"comment_status":"closed","ping_status":"closed","template":"","meta":{"footnotes":""},"class_list":["post-111","page","type-page","status-publish","hentry"],"aioseo_notices":[],"_links":{"self":[{"href":"https:\/\/quentin-chauffeur-prive.fr\/fr_fr\/wp-json\/wp\/v2\/pages\/111","targetHints":{"allow":["GET"]}}],"collection":[{"href":"https:\/\/quentin-chauffeur-prive.fr\/fr_fr\/wp-json\/wp\/v2\/pages"}],"about":[{"href":"https:\/\/quentin-chauffeur-prive.fr\/fr_fr\/wp-json\/wp\/v2\/types\/page"}],"author":[{"embeddable":true,"href":"https:\/\/quentin-chauffeur-prive.fr\/fr_fr\/wp-json\/wp\/v2\/users\/4"}],"replies":[{"embeddable":true,"href":"https:\/\/quentin-chauffeur-prive.fr\/fr_fr\/wp-json\/wp\/v2\/comments?post=111"}],"version-history":[{"count":22,"href":"https:\/\/quentin-chauffeur-prive.fr\/fr_fr\/wp-json\/wp\/v2\/pages\/111\/revisions"}],"predecessor-version":[{"id":389,"href":"https:\/\/quentin-chauffeur-prive.fr\/fr_fr\/wp-json\/wp\/v2\/pages\/111\/revisions\/389"}],"wp:attachment":[{"href":"https:\/\/quentin-chauffeur-prive.fr\/fr_fr\/wp-json\/wp\/v2\/media?parent=111"}],"curies":[{"name":"wp","href":"https:\/\/api.w.org\/{rel}","templated":true}]}}