{"id":601,"date":"2026-01-31T23:07:54","date_gmt":"2026-01-31T23:07:54","guid":{"rendered":"https:\/\/quentin-chauffeur-prive.fr\/?page_id=601"},"modified":"2026-04-11T14:18:38","modified_gmt":"2026-04-11T14:18:38","slug":"programme-de-fidelite","status":"publish","type":"page","link":"https:\/\/quentin-chauffeur-prive.fr\/fr_fr\/programme-de-fidelite\/","title":{"rendered":"Programme de fid\u00e9lit\u00e9"},"content":{"rendered":"\t\t<div data-elementor-type=\"wp-page\" data-elementor-id=\"601\" class=\"elementor elementor-601\" data-elementor-post-type=\"page\">\n\t\t\t\t<div class=\"elementor-element elementor-element-c6b5ef7 e-con-full e-flex e-con e-parent\" data-id=\"c6b5ef7\" data-element_type=\"container\" data-e-type=\"container\">\n\t\t\t\t<div class=\"elementor-element elementor-element-878ea8b elementor-widget__width-inherit elementor-widget elementor-widget-html\" data-id=\"878ea8b\" data-element_type=\"widget\" data-e-type=\"widget\" data-widget_type=\"html.default\">\n\t\t\t\t<div class=\"elementor-widget-container\">\n\t\t\t\t\t<section id=\"qcp-loyalty-page\" class=\"qcp-loyalty\">\n  <div class=\"qcp-wrap\">\n\n    <header class=\"qcp-hero\">\n      <h1 class=\"qcp-title\">Programme de fid\u00e9lit\u00e9<\/h1>\n      <p class=\"qcp-subtitle\">\n        Cumulez des points automatiquement et gagnez des boissons offertes et des bons d\u2019achat sur vos prochaines courses.\n      <\/p>\n    <\/header>\n\n    <section class=\"qcp-card\">\n      <h2 class=\"qcp-h2\">Un programme simple et automatique<\/h2>\n\n      <p>\n        Le programme de fid\u00e9lit\u00e9 fonctionne via l\u2019application <strong>SumUp Local<\/strong>.\n      <\/p>\n\n      <p>\n        Chaque paiement par carte bancaire effectu\u00e9 \u00e0 bord du v\u00e9hicule permet de cumuler des points automatiquement.\n      <\/p>\n\n      <div class=\"qcp-badge\">\n        <strong>1 \u20ac d\u00e9pens\u00e9 = 1 point<\/strong>\n      <\/div>\n    <\/section>\n\n    <section class=\"qcp-card\">\n      <h2 class=\"qcp-h2\">Comment \u00e7a marche ?<\/h2>\n\n      <ol class=\"qcp-steps\">\n        <li>T\u00e9l\u00e9chargez l\u2019application<\/li>\n        <li>Enregistrez votre carte bancaire<\/li>\n        <li>R\u00e9glez vos courses par carte \u00e0 bord<\/li>\n        <li>Les points sont cr\u00e9dit\u00e9s automatiquement<\/li>\n        <li>Utilisez vos r\u00e9compenses lors d\u2019une prochaine course<\/li>\n      <\/ol>\n    <\/section>\n\n    <section class=\"qcp-card\">\n      <h2 class=\"qcp-h2\">\ud83c\udf81 R\u00e9compenses fid\u00e9lit\u00e9<\/h2>\n\n      <p>\n        Les points cumul\u00e9s vous donnent acc\u00e8s aux r\u00e9compenses suivantes :\n      <\/p>\n\n      <div class=\"qcp-rewards-stacked\">\n\n        <div class=\"qcp-reward-row\">\n          <div class=\"qcp-reward-left\">\n            <span class=\"qcp-points\">50 points<\/span>\n          <\/div>\n          <div class=\"qcp-reward-right\">\n            <span class=\"qcp-off\">Boisson offerte<\/span>\n            <span class=\"qcp-small\">au choix, sous r\u00e9serve des stocks disponibles<\/span>\n          <\/div>\n        <\/div>\n\n        <div class=\"qcp-reward-row\">\n          <div class=\"qcp-reward-left\">\n            <span class=\"qcp-points\">150 points<\/span>\n          <\/div>\n          <div class=\"qcp-reward-right\">\n            <span class=\"qcp-off\">Bon d'achat 10 \u20ac<\/span>\n            <span class=\"qcp-small\">valable \u00e0 partir de la prochaine course<\/span>\n          <\/div>\n        <\/div>\n\n        <div class=\"qcp-reward-row\">\n          <div class=\"qcp-reward-left\">\n            <span class=\"qcp-points\">300 points<\/span>\n          <\/div>\n          <div class=\"qcp-reward-right\">\n            <span class=\"qcp-off\">Bon d'achat 20 \u20ac<\/span>\n            <span class=\"qcp-small\">valable \u00e0 partir de la prochaine course<\/span>\n          <\/div>\n        <\/div>\n\n        <div class=\"qcp-reward-row\">\n          <div class=\"qcp-reward-left\">\n            <span class=\"qcp-points\">700 points<\/span>\n          <\/div>\n          <div class=\"qcp-reward-right\">\n            <span class=\"qcp-off\">Bon d'achat 30 \u20ac<\/span>\n            <span class=\"qcp-small\">valable \u00e0 partir de la prochaine course<\/span>\n          <\/div>\n        <\/div>\n\n        <div class=\"qcp-reward-row\">\n          <div class=\"qcp-reward-left\">\n            <span class=\"qcp-points\">1000 points<\/span>\n          <\/div>\n          <div class=\"qcp-reward-right\">\n            <span class=\"qcp-off\">Bon d'achat 50 \u20ac<\/span>\n            <span class=\"qcp-small\">valable \u00e0 partir de la prochaine course<\/span>\n          <\/div>\n        <\/div>\n\n      <\/div>\n    <\/section>\n\n    <section class=\"qcp-card\">\n      <h2 class=\"qcp-h2\">Conditions du programme<\/h2>\n\n      <ul class=\"qcp-list\">\n        <li>Paiement par carte bancaire \u00e0 bord uniquement<\/li>\n        <li>Les paiements via l\u2019application ne g\u00e9n\u00e8rent pas de points<\/li>\n        <li>Les paiements en esp\u00e8ces ne sont pas \u00e9ligibles<\/li>\n        <li>La carte doit \u00eatre enregistr\u00e9e dans SumUp Local<\/li>\n        <li>Les r\u00e9compenses ne sont pas cumulables<\/li>\n        <li>Les bons sont valables \u00e0 partir de la prochaine course<\/li>\n      <\/ul>\n    <\/section>\n\n    <!-- SECTION OPTIMIS\u00c9E -->\n    <section class=\"qcp-card\">\n      <h2 class=\"qcp-h2\">T\u00e9l\u00e9charger l\u2019application et activer ma remise<\/h2>\n\n      <p class=\"qcp-muted\">\n        L\u2019application SumUp Local est n\u00e9cessaire pour activer votre avantage et cumuler vos points fid\u00e9lit\u00e9.\n      <\/p>\n\n      <p class=\"qcp-muted\">\n        Une fois install\u00e9e, vous pourrez finaliser votre inscription et acc\u00e9der \u00e0 votre carte de fid\u00e9lit\u00e9.\n      <\/p>\n\n      <a class=\"qcp-btn-main\"\n         href=\"https:\/\/hi.sumup.com\/p\/r\/mo7hqen\"\n         target=\"_blank\"\n         rel=\"noopener noreferrer\">\n        T\u00e9l\u00e9charger l\u2019application\n      <\/a>\n\n      <p class=\"qcp-note\">\n        \u26a1 Installation rapide en moins d\u2019une minute\n      <\/p>\n    <\/section>\n\n  <\/div>\n<\/section>\n\n<style>\n#qcp-loyalty-page,\n#qcp-loyalty-page * {\n  box-sizing: border-box;\n}\n\n#qcp-loyalty-page {\n  width: 100%;\n  padding: 28px 0;\n}\n\n#qcp-loyalty-page .qcp-wrap {\n  max-width: 1200px;\n  margin: 0 auto;\n  padding: 20px;\n}\n\n#qcp-loyalty-page .qcp-title {\n  font-size: 42px;\n  margin-bottom: 10px;\n}\n\n#qcp-loyalty-page .qcp-subtitle {\n  font-size: 18px;\n  opacity: 0.85;\n}\n\n#qcp-loyalty-page .qcp-card {\n  background: #fff;\n  border-radius: 14px;\n  padding: 22px;\n  margin-bottom: 20px;\n}\n\n#qcp-loyalty-page .qcp-h2 {\n  font-size: 22px;\n  margin-bottom: 12px;\n}\n\n#qcp-loyalty-page .qcp-muted {\n  opacity: 0.75;\n}\n\n#qcp-loyalty-page .qcp-note {\n  margin-top: 10px;\n  font-size: 13px;\n  opacity: 0.7;\n}\n\n#qcp-loyalty-page .qcp-badge {\n  margin-top: 10px;\n  padding: 10px;\n  background: #f3f3f3;\n  border-radius: 10px;\n}\n\n#qcp-loyalty-page .qcp-steps,\n#qcp-loyalty-page .qcp-list {\n  padding-left: 20px;\n}\n\n#qcp-loyalty-page .qcp-rewards-stacked {\n  display: flex;\n  flex-direction: column;\n  gap: 12px;\n}\n\n#qcp-loyalty-page .qcp-reward-row {\n  display: flex;\n  justify-content: space-between;\n  padding: 16px;\n  background: #f7f7f7;\n  border-radius: 12px;\n}\n\n#qcp-loyalty-page .qcp-btn-main {\n  display: inline-block;\n  margin-top: 16px;\n  padding: 14px 24px;\n  border-radius: 10px;\n  background: #1c1c3a;\n  color: #fff;\n  text-decoration: none;\n  font-weight: 600;\n}\n\n#qcp-loyalty-page .qcp-btn-main:hover {\n  background: #2b2b56;\n}\n<\/style>\t\t\t\t<\/div>\n\t\t\t\t<\/div>\n\t\t\t\t<\/div>\n\t\t\t\t<\/div>\n\t\t","protected":false},"excerpt":{"rendered":"<p>Programme de fid\u00e9lit\u00e9 Cumulez des points automatiquement et gagnez des boissons offertes et des bons d\u2019achat sur vos prochaines courses. Un programme simple et automatique Le programme de fid\u00e9lit\u00e9 fonctionne via l\u2019application SumUp Local. Chaque paiement par carte bancaire effectu\u00e9 \u00e0 bord du v\u00e9hicule permet de cumuler des points automatiquement. 1 \u20ac d\u00e9pens\u00e9 = 1 [&hellip;]<\/p>\n","protected":false},"author":4,"featured_media":0,"parent":0,"menu_order":0,"comment_status":"closed","ping_status":"closed","template":"","meta":{"footnotes":""},"class_list":["post-601","page","type-page","status-publish","hentry"],"aioseo_notices":[],"_links":{"self":[{"href":"https:\/\/quentin-chauffeur-prive.fr\/fr_fr\/wp-json\/wp\/v2\/pages\/601","targetHints":{"allow":["GET"]}}],"collection":[{"href":"https:\/\/quentin-chauffeur-prive.fr\/fr_fr\/wp-json\/wp\/v2\/pages"}],"about":[{"href":"https:\/\/quentin-chauffeur-prive.fr\/fr_fr\/wp-json\/wp\/v2\/types\/page"}],"author":[{"embeddable":true,"href":"https:\/\/quentin-chauffeur-prive.fr\/fr_fr\/wp-json\/wp\/v2\/users\/4"}],"replies":[{"embeddable":true,"href":"https:\/\/quentin-chauffeur-prive.fr\/fr_fr\/wp-json\/wp\/v2\/comments?post=601"}],"version-history":[{"count":19,"href":"https:\/\/quentin-chauffeur-prive.fr\/fr_fr\/wp-json\/wp\/v2\/pages\/601\/revisions"}],"predecessor-version":[{"id":1062,"href":"https:\/\/quentin-chauffeur-prive.fr\/fr_fr\/wp-json\/wp\/v2\/pages\/601\/revisions\/1062"}],"wp:attachment":[{"href":"https:\/\/quentin-chauffeur-prive.fr\/fr_fr\/wp-json\/wp\/v2\/media?parent=601"}],"curies":[{"name":"wp","href":"https:\/\/api.w.org\/{rel}","templated":true}]}}