{"id":111,"date":"2025-02-25T09:35:18","date_gmt":"2025-02-25T09:35:18","guid":{"rendered":"https:\/\/alemvtc.idee-ad-prod.fr\/?page_id=111"},"modified":"2026-01-22T23:26:49","modified_gmt":"2026-01-22T23:26:49","slug":"mentions-legales","status":"publish","type":"page","link":"https:\/\/quentin-chauffeur-prive.fr\/he\/\u05d4\u05d5\u05d3\u05e2\u05d5\u05ea-\u05de\u05e9\u05e4\u05d8\u05d9\u05d5\u05ea\/","title":{"rendered":"\u05d4\u05d5\u05d3\u05e2\u05d5\u05ea \u05de\u05e9\u05e4\u05d8\u05d9\u05d5\u05ea"},"content":{"rendered":"<div data-elementor-type=\"wp-page\" data-elementor-id=\"111\" class=\"elementor elementor-111\" data-elementor-post-type=\"page\">\n\t\t\t\t<div class=\"elementor-element elementor-element-93c75e1 e-flex e-con-boxed e-con e-parent\" data-id=\"93c75e1\" data-element_type=\"container\" data-e-type=\"container\" data-settings=\"{&quot;background_background&quot;:&quot;classic&quot;}\">\n\t\t\t\t\t<div class=\"e-con-inner\">\n\t\t\t\t<div class=\"elementor-element elementor-element-81d49ca elementor-widget elementor-widget-text-editor\" data-id=\"81d49ca\" data-element_type=\"widget\" data-e-type=\"widget\" data-widget_type=\"text-editor.default\">\n\t\t\t\t<div class=\"elementor-widget-container\">\n\t\t\t\t\t\t\t\t\t<h2>1. \u05de\u05d9\u05d3\u05e2 \u05db\u05dc\u05dc\u05d9<\/h2><p>\u05d1\u05d4\u05ea\u05d0\u05dd \u05dc\u05e1\u05e2\u05d9\u05e4\u05d9\u05dd 6-III \u05d5-19 \u05e9\u05dc \u05d7\u05d5\u05e7 \u05de\u05e1&#039; 2004-575 \u05de\u05d9\u05d5\u05dd 21 \u05d1\u05d9\u05d5\u05e0\u05d9 2004 \u05e2\u05d1\u05d5\u05e8<br \/>\u05d0\u05de\u05d5\u05df \u05d1\u05db\u05dc\u05db\u05dc\u05d4 \u05d4\u05d3\u05d9\u05d2\u05d9\u05d8\u05dc\u05d9\u05ea (LCEN), \u05db\u05de\u05d5 \u05d2\u05dd \u05d4\u05ea\u05e7\u05e0\u05d4 \u05d4\u05db\u05dc\u05dc\u05d9\u05ea \u05d1\u05e0\u05d5\u05e9\u05d0<br \/>\u05d4\u05d2\u05e0\u05ea \u05de\u05d9\u05d3\u05e2 (GDPR \u2013 EU 2016\/679), \u05d4\u05de\u05d9\u05d3\u05e2 \u05d4\u05d1\u05d0 \u05d4\u05d5\u05d0<br \/>\u05d4\u05d5\u05d1\u05d0 \u05dc\u05d9\u05d3\u05d9\u05e2\u05ea \u05de\u05e9\u05ea\u05de\u05e9\u05d9 \u05d4\u05d0\u05ea\u05e8 <strong>quentin-chauffeur-prive.fr<\/strong>.<br \/>\u05de\u05e4\u05e8\u05e1\u05dd \u05d0\u05ea\u05e8 \u05d0\u05d9\u05e0\u05d8\u05e8\u05e0\u05d8:<br \/><strong>\u2013 \u05e9\u05dd \u05d4\u05d7\u05d1\u05e8\u05d4:<\/strong> \u05e2\u05dc\u05dd \u05e7\u05d5\u05d5\u05e0\u05d8\u05d9\u05df \u05e1\u05d0\u05e1<br \/><strong>\u2013 \u05de\u05e2\u05de\u05d3 \u05de\u05e9\u05e4\u05d8\u05d9:<\/strong> SASU<br \/><strong>\u2013 \u05e1\u05d9\u05e8\u05d8:<\/strong> 93519598200019<br \/><strong>\u2013 \u05de\u05e9\u05e8\u05d3 \u05e8\u05d0\u05e9\u05d9:<\/strong> 5 RUE DE CRONSTADT 54000 NANCY<br \/><strong>\u2013 \u05e7\u05d5\u05d3 APE:<\/strong> 49.32Z<br \/><strong>\u05de\u05e1\u05e4\u05e8 \u05de\u05e2&quot;\u05de \u05ea\u05d5\u05da-\u05e7\u05d4\u05d9\u05dc\u05ea\u05d9:<\/strong> FR19935195982<br \/><strong>\u2013 \u05d0\u05d7\u05e8\u05d0\u05d9 \u05e2\u05dc \u05d4\u05e4\u05e8\u05e1\u05d5\u05dd:<\/strong> \u05e7\u05d5\u05d5\u05e0\u05d8\u05d9\u05df \u05e2\u05dc\u05dd, \u05d1\u05ea\u05e4\u05e7\u05d9\u05d3\u05d5 \u05db\u05de\u05e0\u05d4\u05dc<br \/><strong>- \u05d0\u05d9\u05e9 \u05e7\u05e9\u05e8:<\/strong> <a href=\"mailto:quentinalem@outlook.com\">quentinalem@outlook.com<\/a><\/p><p><strong>\u05de\u05d0\u05e8\u05d7 \u05d0\u05ea\u05e8 \u05d0\u05d9\u05e0\u05d8\u05e8\u05e0\u05d8:<\/strong><\/p><p><strong>\u2013 \u05e9\u05dd \u05d4\u05d7\u05d1\u05e8\u05d4:<\/strong> \u05de\u05ea\u05d2 O2<br \/><strong>- \u05de\u05e2\u05de\u05d3 \u05de\u05e9\u05e4\u05d8\u05d9:<\/strong> SASU<br \/><strong>\u05db\u05ea\u05d5\u05d1\u05ea:<\/strong> Chemin des Pardiaux, 63000 Clermont-Ferrand, \u05e6\u05e8\u05e4\u05ea<br \/><strong>\u05d8\u05dc\u05e4\u05d5\u05df:<\/strong> 04 44 44 60 40<br \/><strong>\u2013 \u05d3\u05d5\u05d0&quot;\u05dc:<\/strong> <a href=\"mailto:support@o2switch.fr\">support@o2switch.fr<\/a><\/p><h2>2. \u05e7\u05e0\u05d9\u05d9\u05df \u05e8\u05d5\u05d7\u05e0\u05d9<\/h2><p>\u05d4\u05d0\u05ea\u05e8 <strong>quentin-chauffeur-prive.fr<\/strong> \u05db\u05de\u05d5 \u05d2\u05dd \u05db\u05dc \u05d4\u05ea\u05d5\u05db\u05df \u05e9\u05dc\u05d5 (\u05d8\u05e7\u05e1\u05d8\u05d9\u05dd, \u05ea\u05de\u05d5\u05e0\u05d5\u05ea,<br \/>\u05d2\u05e8\u05e4\u05d9\u05e7\u05d4, \u05dc\u05d5\u05d2\u05d5\u05d0\u05d9\u05dd, \u05e1\u05e8\u05d8\u05d5\u05e0\u05d9\u05dd, \u05d0\u05e8\u05db\u05d9\u05d8\u05e7\u05d8\u05d5\u05e8\u05d4, \u05de\u05e1\u05d3\u05d9 \u05e0\u05ea\u05d5\u05e0\u05d9\u05dd \u05d5\u05db\u05d5&#039;) \u05de\u05d5\u05d2\u05e0\u05d9\u05dd \u05e2\u05dc \u05d9\u05d3\u05d9<br \/>\u05d7\u05d5\u05e7\u05d9 \u05d6\u05db\u05d5\u05d9\u05d5\u05ea \u05d9\u05d5\u05e6\u05e8\u05d9\u05dd \u05d5\u05e7\u05e0\u05d9\u05d9\u05df \u05e8\u05d5\u05d7\u05e0\u05d9 \u05d1\u05ea\u05d5\u05e7\u05e3 \u05d1\u05e6\u05e8\u05e4\u05ea \u05d5\u05d1<br \/>\u05d4\u05d0\u05d9\u05d7\u05d5\u05d3 \u05d4\u05d0\u05d9\u05e8\u05d5\u05e4\u05d9.<br \/>\u05db\u05dc \u05e9\u05db\u05e4\u05d5\u05dc, \u05d9\u05d9\u05e6\u05d5\u05d2, \u05e9\u05d9\u05e0\u05d5\u05d9, \u05e4\u05e8\u05e1\u05d5\u05dd, \u05d4\u05e2\u05d1\u05e8\u05d4,<br \/>\u05e2\u05d9\u05d5\u05d5\u05ea, \u05de\u05dc\u05d0 \u05d0\u05d5 \u05d7\u05dc\u05e7\u05d9, \u05e9\u05dc \u05d4\u05d0\u05ea\u05e8 \u05d0\u05d5 \u05ea\u05d5\u05db\u05e0\u05d5, \u05d1\u05db\u05dc \u05d3\u05e8\u05da \u05e9\u05d4\u05d9\u05d0<br \/>\u05d6\u05d0\u05ea, \u05dc\u05dc\u05d0 \u05d0\u05d9\u05e9\u05d5\u05e8 \u05de\u05e8\u05d0\u05e9 \u05d5\u05d1\u05db\u05ea\u05d1 \u05de <strong>\u05e0\u05d4\u05d2 \u05e4\u05e8\u05d8\u05d9 \u05e9\u05dc \u05e7\u05d5\u05d5\u05e0\u05d8\u05d9\u05df<\/strong>, \u05d0\u05e1\u05d5\u05e8 \u05d1\u05d4\u05d7\u05dc\u05d8<br \/>\u05d5\u05de\u05d4\u05d5\u05d5\u05d4 \u05d4\u05e4\u05e8\u05d4 \u05e9\u05e2\u05d5\u05e0\u05e9\u05d4 \u05dc\u05e4\u05d9 \u05e1\u05e2\u05d9\u05e4\u05d9\u05dd L.335-2 \u05d5\u05d0\u05d9\u05dc\u05da \u05e9\u05dc \u05d4\u05d7\u05d5\u05e7<br \/>\u05e7\u05e0\u05d9\u05d9\u05df \u05e8\u05d5\u05d7\u05e0\u05d9.<\/p><h2>3. \u05d4\u05d2\u05e0\u05d4 \u05e2\u05dc \u05de\u05d9\u05d3\u05e2 \u05d0\u05d9\u05e9\u05d9<\/h2><p>\u05d1\u05d4\u05ea\u05d0\u05dd \u05dc\u05ea\u05e7\u05e0\u05ea \u05d4-GDPR \u05d5\u05dc\u05d7\u05d5\u05e7 \u05d4\u05d2\u05e0\u05ea \u05d4\u05de\u05d9\u05d3\u05e2 \u05d4\u05e6\u05e8\u05e4\u05ea\u05d9 \u05d4\u05de\u05ea\u05d5\u05e7\u05df, <strong>\u05e0\u05d4\u05d2 \u05e4\u05e8\u05d8\u05d9 \u05e9\u05dc \u05e7\u05d5\u05d5\u05e0\u05d8\u05d9\u05df<\/strong><br \/>\u05de\u05ea\u05d7\u05d9\u05d9\u05d1\u05ea \u05dc\u05d4\u05d1\u05d8\u05d9\u05d7 \u05d0\u05ea \u05d4\u05d4\u05d2\u05e0\u05d4 \u05e2\u05dc \u05d4\u05de\u05d9\u05d3\u05e2 \u05d4\u05d0\u05d9\u05e9\u05d9 \u05e9\u05dc \u05d4\u05de\u05e9\u05ea\u05de\u05e9\u05d9\u05dd.<\/p><p><strong>\u05e0\u05ea\u05d5\u05e0\u05d9\u05dd \u05e9\u05e0\u05d0\u05e1\u05e4\u05d5 \u05d5\u05de\u05d8\u05e8\u05d5\u05ea \u05d4\u05e2\u05d9\u05d1\u05d5\u05d3<br \/><\/strong><br \/>\u05d4\u05e0\u05ea\u05d5\u05e0\u05d9\u05dd \u05d4\u05d0\u05d9\u05e9\u05d9\u05d9\u05dd \u05e9\u05e0\u05d0\u05e1\u05e4\u05d5 \u05d1\u05d0\u05de\u05e6\u05e2\u05d5\u05ea \u05d0\u05ea\u05e8 \u05d4\u05d0\u05d9\u05e0\u05d8\u05e8\u05e0\u05d8 <strong>quentin-chauffeur-prive.fr<\/strong>\u00a0\u05de\u05e9\u05de\u05e9\u05d9\u05dd<br \/>\u05d0\u05da \u05d5\u05e8\u05e7 \u05d1\u05de\u05e1\u05d2\u05e8\u05ea \u05d4\u05e9\u05d9\u05e8\u05d5\u05ea\u05d9\u05dd \u05d4\u05de\u05d5\u05e6\u05e2\u05d9\u05dd, \u05db\u05d2\u05d5\u05df:<br \/>\u2013 \u05e0\u05d9\u05d4\u05d5\u05dc \u05d1\u05e7\u05e9\u05d5\u05ea \u05d3\u05e8\u05da \u05d8\u05d5\u05e4\u05e1 \u05d9\u05e6\u05d9\u05e8\u05ea \u05e7\u05e9\u05e8<br \/>\u2013 \u05e9\u05dc\u05d9\u05d7\u05ea \u05de\u05d9\u05d3\u05e2 \u05de\u05e1\u05d7\u05e8\u05d9 (\u05d0\u05dd \u05e0\u05d9\u05ea\u05e0\u05d4 \u05d4\u05e1\u05db\u05de\u05d4 \u05de\u05e8\u05d0\u05e9)<br \/>\u2013 \u05e9\u05d9\u05e4\u05d5\u05e8 \u05d4\u05d0\u05ea\u05e8 \u05d5\u05d4\u05e9\u05d9\u05e8\u05d5\u05ea\u05d9\u05dd \u05d4\u05e0\u05d9\u05ea\u05e0\u05d9\u05dd \u05d1\u05d5<\/p><p><strong>\u05d1\u05e1\u05d9\u05e1 \u05de\u05e9\u05e4\u05d8\u05d9 \u05dc\u05e2\u05d9\u05d1\u05d5\u05d3<br \/><\/strong><br \/>\u05e2\u05d9\u05d1\u05d5\u05d3 \u05e0\u05ea\u05d5\u05e0\u05d9\u05dd \u05de\u05d1\u05d5\u05e1\u05e1 \u05e2\u05dc \u05d1\u05d9\u05e6\u05d5\u05e2 \u05d7\u05d5\u05d6\u05d4, \u05d4\u05e1\u05db\u05de\u05ea\u05d5 \u05e9\u05dc<br \/>\u05d4\u05de\u05e9\u05ea\u05de\u05e9 \u05d0\u05d5 \u05d4\u05d0\u05d9\u05e0\u05d8\u05e8\u05e1 \u05d4\u05dc\u05d2\u05d9\u05d8\u05d9\u05de\u05d9 \u05e9\u05dc <strong>\u05e0\u05d4\u05d2 \u05e4\u05e8\u05d8\u05d9 \u05e9\u05dc \u05e7\u05d5\u05d5\u05e0\u05d8\u05d9\u05df<\/strong><strong>.<br \/><\/strong><br \/><strong>\u05d7\u05d9\u05d9 \u05de\u05d3\u05e3<\/strong><\/p><p>\u05d4\u05e0\u05ea\u05d5\u05e0\u05d9\u05dd \u05e0\u05e9\u05de\u05e8\u05d9\u05dd \u05dc\u05de\u05e9\u05da 24 \u05d7\u05d5\u05d3\u05e9\u05d9\u05dd \u05dc\u05db\u05dc \u05d4\u05d9\u05d5\u05ea\u05e8 \u05de\u05d9\u05d5\u05dd<br \/>\u05e7\u05e9\u05e8 \u05d0\u05d7\u05e8\u05d5\u05df \u05d0\u05d5 \u05e1\u05d9\u05d5\u05dd \u05de\u05e2\u05e8\u05db\u05ea \u05d4\u05d9\u05d7\u05e1\u05d9\u05dd \u05d4\u05e2\u05e1\u05e7\u05d9\u05ea.<\/p><p><strong>\u05d6\u05db\u05d5\u05d9\u05d5\u05ea \u05de\u05e9\u05ea\u05de\u05e9<\/strong><\/p><p>\u05d1\u05d4\u05ea\u05d0\u05dd \u05dc\u05ea\u05e7\u05e0\u05ea \u05d4-GDPR, \u05d9\u05e9 \u05dc\u05da \u05d0\u05ea \u05d4\u05d6\u05db\u05d5\u05d9\u05d5\u05ea \u05d4\u05d1\u05d0\u05d5\u05ea \u05d1\u05e0\u05d5\u05d2\u05e2 \u05dc\u05e0\u05ea\u05d5\u05e0\u05d9\u05dd \u05e9\u05dc\u05da:<br \/><strong>\u2013 \u05d6\u05db\u05d5\u05ea \u05d2\u05d9\u05e9\u05d4<\/strong> (\u05e1\u05e2\u05d9\u05e3 15 \u05d1\u05ea\u05e7\u05e0\u05d5\u05ea \u05d4-GDPR)<br \/><strong>\u2013 \u05d6\u05db\u05d5\u05ea \u05dc\u05ea\u05d9\u05e7\u05d5\u05df<\/strong> (\u05e1\u05e2\u05d9\u05e3 16 \u05d1\u05ea\u05e7\u05e0\u05d5\u05ea \u05d4-GDPR)<br \/><strong>\u2013 \u05d4\u05d6\u05db\u05d5\u05ea \u05dc\u05de\u05d7\u05d9\u05e7\u05d4<\/strong> (\u05d4\u05d6\u05db\u05d5\u05ea \u05dc\u05d4\u05d9\u05e9\u05db\u05d7) (\u05e1\u05e2\u05d9\u05e3 17 \u05d1\u05ea\u05e7\u05e0\u05d5\u05ea \u05d4-GDPR)<br \/><strong>\u2013 \u05d4\u05d6\u05db\u05d5\u05ea \u05dc\u05d4\u05d2\u05d1\u05d9\u05dc \u05d0\u05ea \u05d4\u05e2\u05d9\u05d1\u05d5\u05d3<\/strong> (\u05e1\u05e2\u05d9\u05e3 18 \u05d1\u05ea\u05e7\u05e0\u05d5\u05ea \u05d4-GDPR)<br \/><strong>\u2013 \u05d4\u05d6\u05db\u05d5\u05ea \u05dc\u05d4\u05ea\u05e0\u05d2\u05d3<\/strong> (\u05e1\u05e2\u05d9\u05e3 21 \u05d1\u05ea\u05e7\u05e0\u05d5\u05ea \u05d4-GDPR)<br \/><strong>\u2013 \u05d4\u05d6\u05db\u05d5\u05ea \u05dc\u05e0\u05d9\u05d9\u05d3\u05d5\u05ea \u05e0\u05ea\u05d5\u05e0\u05d9\u05dd<\/strong> (\u05e1\u05e2\u05d9\u05e3 20 \u05d1\u05ea\u05e7\u05e0\u05d5\u05ea \u05d4-GDPR)<\/p><p>\u05d1\u05d0\u05e4\u05e9\u05e8\u05d5\u05ea\u05da \u05dc\u05de\u05de\u05e9 \u05d0\u05ea \u05d6\u05db\u05d5\u05d9\u05d5\u05ea\u05d9\u05da \u05e2\u05dc \u05d9\u05d3\u05d9 \u05e4\u05e0\u05d9\u05d9\u05d4 <strong>\u05e0\u05d4\u05d2 \u05e4\u05e8\u05d8\u05d9 \u05e9\u05dc \u05e7\u05d5\u05d5\u05e0\u05d8\u05d9\u05df<\/strong> \u05d1\u05db\u05ea\u05d5\u05d1\u05ea \u05d4\u05d1\u05d0\u05d4:<br \/><a href=\"mailto:quentinalem@outlook.com\">quentinalem@outlook.com<\/a><br \/>\u05d0\u05dd \u05dc\u05d0 \u05ea\u05e7\u05d1\u05dc\u05d5 \u05ea\u05e9\u05d5\u05d1\u05d4 \u05ea\u05d5\u05da \u05d7\u05d5\u05d3\u05e9, \u05d9\u05e9 \u05dc\u05db\u05dd \u05d0\u05ea \u05d4\u05d6\u05db\u05d5\u05ea \u05dc\u05d4\u05d2\u05d9\u05e9 \u05ea\u05dc\u05d5\u05e0\u05d4.<br \/>\u05ea\u05dc\u05d5\u05e0\u05d4 \u05dc-CNIL (\u05d4\u05d5\u05d5\u05e2\u05d3\u05d4 \u05d4\u05dc\u05d0\u05d5\u05de\u05d9\u05ea \u05dc\u05d8\u05db\u05e0\u05d5\u05dc\u05d5\u05d2\u05d9\u05d9\u05ea \u05de\u05d9\u05d3\u05e2 \u05d5\u05d7\u05d9\u05e8\u05d5\u05d9\u05d5\u05ea \u05d0\u05d6\u05e8\u05d7)<br \/>Freedoms) \u05d3\u05e8\u05da \u05d0\u05ea\u05e8 \u05d4\u05d0\u05d9\u05e0\u05d8\u05e8\u05e0\u05d8 \u05d4\u05e8\u05e9\u05de\u05d9 \u05e9\u05dc\u05d4: <a href=\"http:\/\/www.cnil.fr\">www.cnil.fr<\/a>.<\/p><h2>4. \u05d0\u05d7\u05e8\u05d9\u05d5\u05ea \u05d5\u05de\u05d2\u05d1\u05dc\u05d5\u05ea<\/h2><p><strong>\u05e0\u05d4\u05d2 \u05e4\u05e8\u05d8\u05d9 \u05e9\u05dc \u05e7\u05d5\u05d5\u05e0\u05d8\u05d9\u05df<\/strong> \u05e9\u05d5\u05d0\u05e4\u05ea \u05dc\u05d4\u05d1\u05d8\u05d9\u05d7 \u05d0\u05ea \u05d3\u05d9\u05d5\u05e7 \u05d5\u05e2\u05d3\u05db\u05d5\u05e0\u05d9 \u05d4\u05de\u05d9\u05d3\u05e2<br \/>\u05e9\u05e4\u05d5\u05e8\u05e1\u05dd \u05d1\u05d0\u05ea\u05e8 \u05d6\u05d4. \u05e2\u05dd \u05d6\u05d0\u05ea, \u05d4\u05de\u05d5\u05e6\u05d9\u05d0 \u05dc\u05d0\u05d5\u05e8 \u05d0\u05d9\u05e0\u05d5 \u05d9\u05db\u05d5\u05dc \u05dc\u05d4\u05d9\u05d5\u05ea \u05d0\u05d7\u05e8\u05d0\u05d9 \u05e2\u05dc \u05e9\u05d2\u05d9\u05d0\u05d5\u05ea \u05d0\u05d5<br \/>\u05de\u05d7\u05d3\u05dc\u05d9\u05dd, \u05db\u05de\u05d5 \u05d2\u05dd \u05db\u05dc \u05e0\u05d6\u05e7 \u05d9\u05e9\u05d9\u05e8 \u05d0\u05d5 \u05e2\u05e7\u05d9\u05e3 \u05d4\u05e0\u05d5\u05d1\u05e2 \u05de\u05db\u05da<br \/>\u05d4\u05e9\u05d9\u05de\u05d5\u05e9 \u05d1\u05d0\u05ea\u05e8.<\/p><p>\u05d4\u05de\u05e9\u05ea\u05de\u05e9 \u05d0\u05d7\u05e8\u05d0\u05d9 \u05dc\u05e9\u05de\u05d5\u05e8 \u05e2\u05dc \u05e1\u05d5\u05d3\u05d9\u05d5\u05ea \u05e4\u05e8\u05d8\u05d9 \u05d4\u05db\u05e0\u05d9\u05e1\u05d4 \u05e9\u05dc\u05d5 \u05d5\u05dc\u05e9\u05de\u05d5\u05e8 \u05e2\u05dc<br \/>\u05de\u05d0\u05e9\u05e8\/\u05ea \u05db\u05d9 \u05d4\u05e9\u05d9\u05de\u05d5\u05e9 \u05d1\u05d0\u05ea\u05e8 \u05d4\u05d5\u05d0 \u05d1\u05d0\u05d7\u05e8\u05d9\u05d5\u05ea\u05d5\/\u05d4 \u05d1\u05dc\u05d1\u05d3.<\/p><h2>5. \u05e0\u05d9\u05d4\u05d5\u05dc \u05e7\u05d5\u05d1\u05e6\u05d9 Cookie<\/h2><p>\u05d1\u05de\u05d4\u05dc\u05da \u05d1\u05d9\u05e7\u05d5\u05e8\u05da \u05d1 <strong>quentin-chauffeur-prive.fr<\/strong>, \u05d9\u05d9\u05ea\u05db\u05df \u05e9\u05d9\u05d5\u05ea\u05e7\u05e0\u05d5 \u05e2\u05d5\u05d2\u05d9\u05d5\u05ea (\u05de\u05e2\u05e7\u05d1\u05d9\u05dd)<br \/>\u05d1\u05de\u05db\u05e9\u05d9\u05e8 \u05e9\u05dc\u05da.<\/p><p><strong>\u05e1\u05d5\u05d2\u05d9 \u05e7\u05d5\u05d1\u05e6\u05d9 Cookie \u05d1\u05d4\u05dd \u05e0\u05e2\u05e9\u05d4 \u05e9\u05d9\u05de\u05d5\u05e9<\/strong><\/p><p><strong>\u2013 \u05e2\u05d5\u05d2\u05d9\u05d5\u05ea \u05d4\u05db\u05e8\u05d7\u05d9\u05d5\u05ea \u05dc\u05d7\u05dc\u05d5\u05d8\u05d9\u05df:<\/strong> \u05d7\u05d9\u05d5\u05e0\u05d9 \u05dc\u05ea\u05e4\u05e7\u05d5\u05d3 \u05ea\u05e7\u05d9\u05df<br \/>\u05e9\u05dc \u05d4\u05d0\u05ea\u05e8<br \/><strong>\u2013 \u05e7\u05d5\u05d1\u05e6\u05d9 Cookie \u05dc\u05de\u05d3\u05d9\u05d3\u05ea \u05e7\u05d4\u05dc:<\/strong> \u05dc\u05e9\u05d9\u05e4\u05d5\u05e8 \u05d4\u05e0\u05d9\u05d5\u05d5\u05d8 \u05d5\u05d4\u05ea\u05d5\u05db\u05df<br \/><strong>\u2013 \u05e2\u05d5\u05d2\u05d9\u05d5\u05ea \u05d4\u05ea\u05d0\u05de\u05d4 \u05d0\u05d9\u05e9\u05d9\u05ea:<\/strong> \u05db\u05d3\u05d9 \u05dc\u05e9\u05de\u05d5\u05e8 \u05d0\u05ea \u05d4\u05d4\u05e2\u05d3\u05e4\u05d5\u05ea \u05e9\u05dc\u05da<br \/><strong>\u2013 \u05e2\u05d5\u05d2\u05d9\u05d5\u05ea \u05e9\u05dc \u05e6\u05d3 \u05e9\u05dc\u05d9\u05e9\u05d9:<\/strong> \u05d1\u05e9\u05d9\u05de\u05d5\u05e9 \u05e2\u05dc \u05d9\u05d3\u05d9 \u05e9\u05d5\u05ea\u05e4\u05d9\u05dd \u05d7\u05d9\u05e6\u05d5\u05e0\u05d9\u05d9\u05dd (\u05d2\u05d5\u05d2\u05dc, \u05e8\u05e9\u05ea\u05d5\u05ea)<br \/>\u05d7\u05d1\u05e8\u05ea\u05d9 \u05d5\u05db\u05d5&#039;)<\/p><p><strong>\u05e0\u05d9\u05d4\u05d5\u05dc \u05d5\u05d3\u05d7\u05d9\u05d9\u05ea \u05e7\u05d5\u05d1\u05e6\u05d9 Cookie<\/strong><\/p><p>\u05d1\u05d0\u05e4\u05e9\u05e8\u05d5\u05ea\u05da \u05dc\u05e0\u05d4\u05dc \u05d0\u05ea \u05d4\u05d4\u05e2\u05d3\u05e4\u05d5\u05ea \u05e9\u05dc\u05da \u05d3\u05e8\u05da \u05d4\u05d2\u05d3\u05e8\u05d5\u05ea \u05d4\u05d3\u05e4\u05d3\u05e4\u05df \u05e9\u05dc\u05da \u05d0\u05d5 \u05d3\u05e8\u05da<br \/>\u05de\u05e0\u05d4\u05dc \u05d4\u05e1\u05db\u05de\u05d5\u05ea \u05e0\u05d2\u05d9\u05e9 \u05d1\u05d0\u05ea\u05e8 \u05d4\u05d0\u05d9\u05e0\u05d8\u05e8\u05e0\u05d8.<br \/>\u05e0\u05d9\u05ea\u05df \u05d2\u05dd \u05dc\u05e2\u05d9\u05d9\u05df \u05d1\u05d0\u05ea\u05e8 \u05d4\u05d0\u05d9\u05e0\u05d8\u05e8\u05e0\u05d8 \u05e9\u05dc CNIL \u05dc\u05de\u05d9\u05d3\u05e2 \u05e0\u05d5\u05e1\u05e3:<br \/><a href=\"http:\/\/www.cnil.fr\/fr\/cookies-les-outils-pour-les-maitriser\">www.cnil.fr\/fr\/cookies-les-outils-pour-les-maitriser<\/a>.<\/p><h2>6. \u05d3\u05d9\u05df \u05e8\u05dc\u05d5\u05d5\u05e0\u05d8\u05d9 \u05d5\u05e1\u05de\u05db\u05d5\u05ea \u05e9\u05d9\u05e4\u05d5\u05d8<\/h2><p>\u05d4\u05d5\u05d3\u05e2\u05d5\u05ea \u05de\u05e9\u05e4\u05d8\u05d9\u05d5\u05ea \u05d0\u05dc\u05d4 \u05db\u05e4\u05d5\u05e4\u05d5\u05ea \u05dc\u05d7\u05d5\u05e7 \u05d4\u05e6\u05e8\u05e4\u05ea\u05d9. \u05d1\u05de\u05e7\u05e8\u05d4 \u05e9\u05dc \u05de\u05d7\u05dc\u05d5\u05e7\u05ea, \u05d5<br \/>\u05dc\u05d0\u05d7\u05e8 \u05e0\u05d9\u05e1\u05d9\u05d5\u05df \u05dc\u05d4\u05d2\u05d9\u05e2 \u05dc\u05e4\u05ea\u05e8\u05d5\u05df \u05d1\u05d3\u05e8\u05db\u05d9 \u05e9\u05dc\u05d5\u05dd, \u05d1\u05ea\u05d9 \u05d4\u05de\u05e9\u05e4\u05d8 \u05d4\u05de\u05d5\u05e1\u05de\u05db\u05d9\u05dd \u05d9\u05d4\u05d9\u05d5 \u05d0\u05dc\u05d4 \u05e9\u05dc<br \/>\u05e1\u05de\u05db\u05d5\u05ea \u05d4\u05e9\u05d9\u05e4\u05d5\u05d8 \u05e9\u05dc \u05d4\u05de\u05e9\u05e8\u05d3 \u05d4\u05e8\u05d0\u05e9\u05d9 \u05e9\u05dc <strong>\u05e0\u05d4\u05d2 \u05e4\u05e8\u05d8\u05d9 \u05e9\u05dc \u05e7\u05d5\u05d5\u05e0\u05d8\u05d9\u05df<\/strong>, \u05d0\u05dc\u05d0 \u05d0\u05dd \u05db\u05df \u05e0\u05e7\u05d1\u05e2 \u05d0\u05d7\u05e8\u05ea \u05d1\u05d7\u05d5\u05e7.<\/p><h2>7. \u05ea\u05d9\u05e7\u05d5\u05df \u05d4\u05d5\u05d3\u05e2\u05d5\u05ea \u05de\u05e9\u05e4\u05d8\u05d9\u05d5\u05ea<\/h2><p><strong>\u05e0\u05d4\u05d2 \u05e4\u05e8\u05d8\u05d9 \u05e9\u05dc \u05e7\u05d5\u05d5\u05e0\u05d8\u05d9\u05df<\/strong> \u05e9\u05d5\u05de\u05e8\u05ea \u05dc\u05e2\u05e6\u05de\u05d4 \u05d0\u05ea \u05d4\u05d6\u05db\u05d5\u05ea \u05dc\u05e9\u05e0\u05d5\u05ea \u05d4\u05d5\u05d3\u05e2\u05d5\u05ea \u05de\u05e9\u05e4\u05d8\u05d9\u05d5\u05ea \u05d0\u05dc\u05d4 \u05d1\u05db\u05dc \u05e2\u05ea<br \/>\u05d1\u05e9\u05dc\u05d1 \u05d6\u05d4 \u05db\u05d3\u05d9 \u05dc\u05d4\u05d1\u05d8\u05d9\u05d7 \u05d0\u05ea \u05e2\u05de\u05d9\u05d3\u05ea\u05dd \u05d1\u05d7\u05e7\u05d9\u05e7\u05d4 \u05d4\u05e7\u05d9\u05d9\u05de\u05ea.<\/p>\t\t\t\t\t\t\t\t<\/div>\n\t\t\t\t<\/div>\n\t\t\t\t\t<\/div>\n\t\t\t\t<\/div>\n\t\t\t\t<\/div>","protected":false},"excerpt":{"rendered":"<p>1. Informations g\u00e9n\u00e9rales Conform\u00e9ment aux articles 6-III et 19 de la Loi n\u00b02004-575 du 21 juin 2004 pour laConfiance dans l\u2019\u00c9conomie Num\u00e9rique (LCEN), ainsi qu\u2019au R\u00e8glement G\u00e9n\u00e9ral surla Protection des Donn\u00e9es (RGPD \u2013 UE 2016\/679), les informations suivantes sontport\u00e9es \u00e0 la connaissance des utilisateurs du site quentin-chauffeur-prive.fr.\u00c9diteur du site :&#8211; D\u00e9nomination sociale : ALEM QUENTIN [&hellip;]<\/p>\n","protected":false},"author":4,"featured_media":0,"parent":0,"menu_order":0,"comment_status":"closed","ping_status":"closed","template":"","meta":{"footnotes":""},"class_list":["post-111","page","type-page","status-publish","hentry"],"aioseo_notices":[],"_links":{"self":[{"href":"https:\/\/quentin-chauffeur-prive.fr\/he\/wp-json\/wp\/v2\/pages\/111","targetHints":{"allow":["GET"]}}],"collection":[{"href":"https:\/\/quentin-chauffeur-prive.fr\/he\/wp-json\/wp\/v2\/pages"}],"about":[{"href":"https:\/\/quentin-chauffeur-prive.fr\/he\/wp-json\/wp\/v2\/types\/page"}],"author":[{"embeddable":true,"href":"https:\/\/quentin-chauffeur-prive.fr\/he\/wp-json\/wp\/v2\/users\/4"}],"replies":[{"embeddable":true,"href":"https:\/\/quentin-chauffeur-prive.fr\/he\/wp-json\/wp\/v2\/comments?post=111"}],"version-history":[{"count":22,"href":"https:\/\/quentin-chauffeur-prive.fr\/he\/wp-json\/wp\/v2\/pages\/111\/revisions"}],"predecessor-version":[{"id":389,"href":"https:\/\/quentin-chauffeur-prive.fr\/he\/wp-json\/wp\/v2\/pages\/111\/revisions\/389"}],"wp:attachment":[{"href":"https:\/\/quentin-chauffeur-prive.fr\/he\/wp-json\/wp\/v2\/media?parent=111"}],"curies":[{"name":"wp","href":"https:\/\/api.w.org\/{rel}","templated":true}]}}