{"id":673,"date":"2026-02-01T05:43:32","date_gmt":"2026-02-01T05:43:32","guid":{"rendered":"https:\/\/quentin-chauffeur-prive.fr\/?page_id=673"},"modified":"2026-02-01T23:51:26","modified_gmt":"2026-02-01T23:51:26","slug":"conditions-generales-de-vente","status":"publish","type":"page","link":"https:\/\/quentin-chauffeur-prive.fr\/he\/\u05ea\u05e0\u05d0\u05d9\u05dd-\u05d5\u05d4\u05d2\u05d1\u05dc\u05d5\u05ea-\u05db\u05dc\u05dc\u05d9\u05d9\u05dd-\u05e9\u05dc-\u05d4\u05de\u05db\u05d9\u05e8\u05d4\/","title":{"rendered":"\u05ea\u05e0\u05d0\u05d9\u05dd \u05d5\u05d4\u05d2\u05d1\u05dc\u05d5\u05ea \u05db\u05dc\u05dc\u05d9\u05d9\u05dd \u05dc\u05de\u05db\u05d9\u05e8\u05d4"},"content":{"rendered":"<div data-elementor-type=\"wp-page\" data-elementor-id=\"673\" class=\"elementor elementor-673\" data-elementor-post-type=\"page\">\n\t\t\t\t<div class=\"elementor-element elementor-element-7a2e831 e-flex e-con-boxed e-con e-parent\" data-id=\"7a2e831\" data-element_type=\"container\" data-e-type=\"container\">\n\t\t\t\t\t<div class=\"e-con-inner\">\n\t\t\t\t<div class=\"elementor-element elementor-element-00fec76 elementor-widget elementor-widget-html\" data-id=\"00fec76\" data-element_type=\"widget\" data-e-type=\"widget\" data-widget_type=\"html.default\">\n\t\t\t\t<div class=\"elementor-widget-container\">\n\t\t\t\t\t<section id=\"cgv\" class=\"cgv\">\n  <h1>\u05ea\u05e0\u05d0\u05d9\u05dd \u05d5\u05d4\u05d2\u05d1\u05dc\u05d5\u05ea \u05db\u05dc\u05dc\u05d9\u05d9\u05dd \u05e9\u05dc \u05de\u05db\u05d9\u05e8\u05d4 (GTC)<\/h1>\n  <p><strong>\u05e0\u05d4\u05d2 \u05e4\u05e8\u05d8\u05d9 \u05e9\u05dc \u05e7\u05d5\u05d5\u05e0\u05d8\u05d9\u05df<\/strong><\/p>\n\n  <h2>\u05e1\u05e2\u05d9\u05e3 1 \u2013 \u05d6\u05d9\u05d4\u05d5\u05d9 \u05d7\u05d1\u05e8\u05d4<\/h2>\n  <p>\n    \u05d4\u05d0\u05ea\u05e8 <strong>quentin-chauffeur-prive.fr<\/strong> \u05de\u05d5\u05e4\u05e2\u05dc \u05e2\u05dc \u05d9\u05d3\u05d9:\n  <\/p>\n  <p>\n    <strong>\u05e2\u05dc\u05dd \u05e7\u05d5\u05d5\u05e0\u05d8\u05d9\u05df<\/strong><br>\n    \u05d7\u05d1\u05e8\u05d4 \u05e4\u05e9\u05d5\u05d8\u05d4 \u05e9\u05dc \u05de\u05e0\u05d9\u05d5\u05ea \u05de\u05e9\u05d5\u05ea\u05e4\u05d5\u05ea \u05e2\u05dd \u05d1\u05e2\u05dc \u05de\u05e0\u05d9\u05d5\u05ea \u05d9\u05d7\u05d9\u05d3 (SASU)<br>\n    \u05d4\u05d5\u05df \u05de\u05e0\u05d9\u05d5\u05ea: 3,500 \u05d0\u05d9\u05e8\u05d5<br>\n    \u05de\u05e9\u05e8\u05d3 \u05e8\u05e9\u05d5\u05dd: 5 rue de Cronstadt, 54000 Nancy \u2013 France<br>\n    RCS \u05e0\u05e0\u05e1\u05d9: 935 195 982<br>\n    \u05e4\u05e2\u05d9\u05dc\u05d5\u05ea: \u05d4\u05e4\u05e2\u05dc\u05ea \u05db\u05dc\u05d9 \u05e8\u05db\u05d1 \u05e2\u05dd \u05e0\u05d4\u05d2 (VTC)\n  <\/p>\n\n  <h2>\u05e1\u05e2\u05d9\u05e3 2 \u2013 \u05de\u05d8\u05e8\u05d4<\/h2>\n  <p>\n    \u05de\u05d8\u05e8\u05ea \u05ea\u05e0\u05d0\u05d9 \u05d4\u05de\u05db\u05d9\u05e8\u05d4 \u05d4\u05db\u05dc\u05dc\u05d9\u05d9\u05dd (GTC) \u05d4\u05dc\u05dc\u05d5 \u05d4\u05d9\u05d0 \u05dc\u05d4\u05d2\u05d3\u05d9\u05e8 \u05d0\u05ea \u05d4\u05ea\u05e0\u05d0\u05d9\u05dd \u05d1\u05d4\u05dd \u05d7\u05d1\u05e8\u05ea ALEM QUENTIN \u05de\u05e9\u05d5\u05d5\u05e7\u05ea, \u05d1\u05d0\u05de\u05e6\u05e2\u05d5\u05ea \u05d0\u05ea\u05e8 \u05d4\u05d0\u05d9\u05e0\u05d8\u05e8\u05e0\u05d8 \u05e9\u05dc\u05d4, \u05e9\u05d9\u05e8\u05d5\u05ea\u05d9 \u05d4\u05d5\u05d1\u05dc\u05d4 \u05e2\u05dd \u05e0\u05d4\u05d2 \u05d5\u05e9\u05d9\u05e8\u05d5\u05ea\u05d9\u05dd \u05e0\u05dc\u05d5\u05d5\u05d9\u05dd.\n  <\/p>\n\n  <h2>\u05e1\u05e2\u05d9\u05e3 3 \u2013 \u05d4\u05d9\u05e7\u05e3 \u05d4\u05ea\u05d7\u05d5\u05dc\u05d4<\/h2>\n  <p>\n    \u05ea\u05e0\u05d0\u05d9\u05dd \u05d5\u05d4\u05d2\u05d1\u05dc\u05d5\u05ea \u05d0\u05dc\u05d4 \u05d7\u05dc\u05d9\u05dd \u05e2\u05dc \u05db\u05dc \u05d4\u05d4\u05d6\u05de\u05e0\u05d5\u05ea \u05e9\u05d1\u05d5\u05e6\u05e2\u05d5 \u05d3\u05e8\u05da \u05d4\u05d0\u05ea\u05e8, \u05e2\u05dc \u05d9\u05d3\u05d9 \u05dc\u05e7\u05d5\u05d7\u05d5\u05ea \u05e4\u05e8\u05d8\u05d9\u05d9\u05dd \u05d0\u05d5 \u05de\u05e7\u05e6\u05d5\u05e2\u05d9\u05d9\u05dd.\n  <\/p>\n  <p>\n    \u05ea\u05e0\u05d0\u05d9\u05dd \u05d0\u05dc\u05d4 \u05d0\u05d9\u05e0\u05dd \u05d7\u05dc\u05d9\u05dd \u05e2\u05dc \u05d4\u05d6\u05de\u05e0\u05d5\u05ea \u05e9\u05d1\u05d5\u05e6\u05e2\u05d5 \u05d3\u05e8\u05da \u05e4\u05dc\u05d8\u05e4\u05d5\u05e8\u05de\u05d5\u05ea \u05e9\u05dc \u05e6\u05d3 \u05e9\u05dc\u05d9\u05e9\u05d9 \u05d0\u05d5 \u05d0\u05e4\u05dc\u05d9\u05e7\u05e6\u05d9\u05d5\u05ea \u05e9\u05d5\u05ea\u05e4\u05d9\u05dd, \u05dc\u05d4\u05df \u05ea\u05e0\u05d0\u05d9\u05dd \u05d7\u05d5\u05d6\u05d9\u05d9\u05dd \u05de\u05e9\u05dc\u05d4\u05df.\n  <\/p>\n\n  <h2>\u05e1\u05e2\u05d9\u05e3 4 \u2013 \u05e9\u05d9\u05e8\u05d5\u05ea\u05d9\u05dd \u05d4\u05de\u05d5\u05e6\u05e2\u05d9\u05dd<\/h2>\n  <p>\u05d4\u05e9\u05d9\u05e8\u05d5\u05ea\u05d9\u05dd \u05d4\u05de\u05d5\u05e6\u05e2\u05d9\u05dd \u05d1\u05d0\u05ea\u05e8 \u05db\u05d5\u05dc\u05dc\u05d9\u05dd, \u05d0\u05da \u05d0\u05d9\u05e0\u05dd \u05de\u05d5\u05d2\u05d1\u05dc\u05d9\u05dd \u05dc:<\/p>\n  <ul>\n    <li>\u05d0\u05e1\u05e4\u05e7\u05ea \u05e8\u05db\u05d1 \u05e2\u05dd \u05e0\u05d4\u05d2 (\u05e9\u05d9\u05e8\u05d5\u05ea \u05dc\u05e4\u05d9 \u05e9\u05e2\u05d4)<\/li>\n    <li>\u05de\u05e1\u05dc\u05d5\u05dc\u05d9 \u05ea\u05d9\u05d9\u05e8\u05d5\u05ea \u05d0\u05e8\u05d5\u05d6\u05d9\u05dd<\/li>\n    <li>\u05e9\u05d9\u05e8\u05d5\u05ea\u05d9 \u05d0\u05d9\u05e8\u05d5\u05e2\u05d9\u05dd (\u05d7\u05ea\u05d5\u05e0\u05d5\u05ea, \u05d0\u05d9\u05e8\u05d5\u05e2\u05d9\u05dd \u05de\u05e9\u05e4\u05d7\u05ea\u05d9\u05d9\u05dd \u05d0\u05d5 \u05e4\u05e8\u05d8\u05d9\u05d9\u05dd)<\/li>\n    <li>\u05e9\u05d9\u05e8\u05d5\u05ea\u05d9\u05dd \u05e0\u05d5\u05e1\u05e4\u05d9\u05dd \u05d0\u05d5\u05e4\u05e6\u05d9\u05d5\u05e0\u05dc\u05d9\u05d9\u05dd (\u05e7\u05d9\u05e9\u05d5\u05d8 \u05d4\u05e8\u05db\u05d1, \u05d0\u05e1\u05e4\u05e7\u05ea \u05d1\u05e7\u05d1\u05d5\u05e7 \u05e9\u05de\u05e4\u05e0\u05d9\u05d4, \u05d0\u05e4\u05e9\u05e8\u05d5\u05d9\u05d5\u05ea \u05e1\u05e4\u05e6\u05d9\u05e4\u05d9\u05d5\u05ea)<\/li>\n    <li>\u05e9\u05d9\u05e8\u05d5\u05ea\u05d9 \u05e9\u05d5\u05ea\u05e4\u05d5\u05ea \u05de\u05d1\u05d5\u05e1\u05e1\u05d9 \u05de\u05e0\u05d5\u05d9<\/li>\n  <\/ul>\n  <p>\n    \u05d4\u05de\u05d0\u05e4\u05d9\u05d9\u05e0\u05d9\u05dd \u05d4\u05d7\u05d9\u05d5\u05e0\u05d9\u05d9\u05dd \u05e9\u05dc \u05db\u05dc \u05e9\u05d9\u05e8\u05d5\u05ea \u05de\u05d5\u05e6\u05d2\u05d9\u05dd \u05d1\u05d0\u05ea\u05e8 \u05d4\u05d0\u05d9\u05e0\u05d8\u05e8\u05e0\u05d8.\n  <\/p>\n\n  <h2>\u05e1\u05e2\u05d9\u05e3 5 \u2013 \u05d4\u05d6\u05de\u05e0\u05d4<\/h2>\n  <p>\n    \u05d4\u05d6\u05de\u05e0\u05d5\u05ea \u05de\u05ea\u05d1\u05e6\u05e2\u05d5\u05ea \u05d0\u05da \u05d5\u05e8\u05e7 \u05d3\u05e8\u05da \u05d4\u05d0\u05ea\u05e8. \u05db\u05dc \u05d4\u05d6\u05de\u05e0\u05d4 \u05de\u05e9\u05de\u05e2\u05d5\u05ea\u05d4 \u05e7\u05d1\u05dc\u05d4 \u05d1\u05dc\u05ea\u05d9 \u05de\u05e1\u05d5\u05d9\u05d2\u05ea \u05e9\u05dc \u05ea\u05e0\u05d0\u05d9\u05dd \u05d5\u05d4\u05d2\u05d1\u05dc\u05d5\u05ea \u05d0\u05dc\u05d4.\n  <\/p>\n  <p>\n    \u05d4\u05d7\u05d1\u05e8\u05d4 \u05e9\u05d5\u05de\u05e8\u05ea \u05dc\u05e2\u05e6\u05de\u05d4 \u05d0\u05ea \u05d4\u05d6\u05db\u05d5\u05ea \u05dc\u05e1\u05e8\u05d1 \u05dc\u05db\u05dc \u05d4\u05d6\u05de\u05e0\u05d4 \u05d0\u05e9\u05e8 \u05d1\u05d1\u05d9\u05e8\u05d5\u05e8 \u05d0\u05d9\u05e0\u05d4 \u05e2\u05d5\u05dc\u05d4 \u05d1\u05e7\u05e0\u05d4 \u05d0\u05d7\u05d3 \u05d0\u05d5 \u05de\u05e0\u05d5\u05d2\u05d3\u05ea \u05dc\u05ea\u05e7\u05e0\u05d5\u05ea \u05d4\u05e0\u05d5\u05db\u05d7\u05d9\u05d5\u05ea.\n  <\/p>\n\n  <h2>\u05e1\u05e2\u05d9\u05e3 6 \u2013 \u05de\u05d7\u05d9\u05e8\u05d9\u05dd<\/h2>\n  <p>\n    \u05d4\u05de\u05d7\u05d9\u05e8\u05d9\u05dd \u05de\u05d5\u05e6\u05d2\u05d9\u05dd \u05d1\u05d9\u05d5\u05e8\u05d5, \u05db\u05d5\u05dc\u05dc \u05db\u05dc \u05d4\u05de\u05d9\u05e1\u05d9\u05dd (TTC).\n  <\/p>\n  <p>\n    \u05d4\u05ea\u05e2\u05e8\u05d9\u05e4\u05d9\u05dd \u05d4\u05e8\u05dc\u05d5\u05d5\u05e0\u05d8\u05d9\u05d9\u05dd \u05d4\u05dd \u05d0\u05dc\u05d4 \u05d4\u05ea\u05e7\u05e4\u05d9\u05dd \u05d1\u05e2\u05ea \u05d4\u05d4\u05d6\u05de\u05e0\u05d4. \u05e9\u05d9\u05e8\u05d5\u05ea\u05d9\u05dd \u05d0\u05d5 \u05d0\u05e4\u05e9\u05e8\u05d5\u05d9\u05d5\u05ea \u05e0\u05d5\u05e1\u05e4\u05d5\u05ea \u05db\u05e4\u05d5\u05e4\u05d9\u05dd \u05dc\u05ea\u05e9\u05dc\u05d5\u05dd \u05e0\u05d5\u05e1\u05e3, \u05e9\u05d9\u05e6\u05d5\u05d9\u05df \u05d1\u05d1\u05d9\u05e8\u05d5\u05e8 \u05dc\u05e4\u05e0\u05d9 \u05d4\u05d0\u05d9\u05e9\u05d5\u05e8.\n  <\/p>\n\n  <h2>\u05e1\u05e2\u05d9\u05e3 7 \u2013 \u05ea\u05e0\u05d0\u05d9 \u05ea\u05e9\u05dc\u05d5\u05dd<\/h2>\n  <p>\u05d4\u05ea\u05e9\u05dc\u05d5\u05dd \u05de\u05ea\u05d1\u05e6\u05e2:<\/p>\n  <ul>\n    <li><strong>\u05d1\u05d0\u05d9\u05e0\u05d8\u05e8\u05e0\u05d8<\/strong> \u05d1\u05e2\u05ea \u05d1\u05d9\u05e6\u05d5\u05e2 \u05d4\u05d6\u05de\u05e0\u05d4 \u05e2\u05d1\u05d5\u05e8:\n      <ul>\n        <li>\u05de\u05e1\u05dc\u05d5\u05dc\u05d9 \u05ea\u05d9\u05d9\u05e8\u05d5\u05ea<\/li>\n        <li>\u05d4\u05d4\u05d5\u05e8\u05d0\u05d4<\/li>\n        <li>\u05de\u05e0\u05d5\u05d9\u05d9 \u05e9\u05d5\u05ea\u05e4\u05d5\u05ea<\/li>\n      <\/ul>\n    <\/li>\n    <li><strong>\u05e2\u05dc \u05e1\u05d9\u05e4\u05d5\u05df \u05d4\u05e8\u05db\u05d1<\/strong>, \u05db\u05d0\u05e9\u05e8 \u05d0\u05e4\u05e9\u05e8\u05d5\u05ea \u05d6\u05d5 \u05de\u05d5\u05e6\u05e2\u05ea<\/li>\n  <\/ul>\n  <p>\u05d0\u05de\u05e6\u05e2\u05d9 \u05ea\u05e9\u05dc\u05d5\u05dd \u05de\u05e7\u05d5\u05d1\u05dc\u05d9\u05dd:<\/p>\n  <ul>\n    <li>\u05db\u05e8\u05d8\u05d9\u05e1 \u05d1\u05e0\u05e7<\/li>\n    <li>\u05de\u05b4\u05d9\u05df<\/li>\n  <\/ul>\n  <p>\n    \u05d9\u05e9 \u05dc\u05e9\u05dc\u05dd \u05e2\u05d1\u05d5\u05e8 \u05db\u05dc \u05d4\u05e9\u05d9\u05e8\u05d5\u05ea\u05d9\u05dd \u05d1\u05de\u05dc\u05d5\u05d0\u05dd.\n  <\/p>\n\n  <h2>\u05e1\u05e2\u05d9\u05e3 8 \u2013 \u05d6\u05db\u05d5\u05ea \u05d1\u05d9\u05d8\u05d5\u05dc<\/h2>\n  <p>\n    \u05d1\u05d4\u05ea\u05d0\u05dd \u05dc\u05e1\u05e2\u05d9\u05e3 L221-28 \u05dc\u05d7\u05d5\u05e7 \u05d4\u05e6\u05e8\u05db\u05e0\u05d5\u05ea, \u05d6\u05db\u05d5\u05ea \u05d4\u05d1\u05d9\u05d8\u05d5\u05dc \u05d0\u05d9\u05e0\u05d4 \u05d7\u05dc\u05d4 \u05e2\u05dc \u05e9\u05d9\u05e8\u05d5\u05ea\u05d9 \u05d4\u05e1\u05e2\u05ea \u05e0\u05d5\u05e1\u05e2\u05d9\u05dd \u05d4\u05e0\u05d9\u05ea\u05e0\u05d9\u05dd \u05d1\u05ea\u05d0\u05e8\u05d9\u05da \u05de\u05e1\u05d5\u05d9\u05dd \u05d0\u05d5 \u05d1\u05de\u05e8\u05d5\u05d5\u05d7\u05d9 \u05d6\u05de\u05df \u05de\u05e1\u05d5\u05d9\u05de\u05d9\u05dd.\n  <\/p>\n\n  <h2>\u05e1\u05e2\u05d9\u05e3 9 \u2013 \u05d1\u05d9\u05d8\u05d5\u05dc \u05d5\u05d4\u05d9\u05e2\u05d3\u05e8\u05d5\u05ea \u05dc\u05e7\u05d5\u05d7<\/h2>\n  <h3>9.1 \u05d1\u05d9\u05d8\u05d5\u05dc<\/h3>\n  <p>\n    \u05d1\u05d9\u05d8\u05d5\u05dc\u05d9\u05dd \u05d4\u05dd <strong>\u05dc\u05b0\u05e9\u05c1\u05b7\u05d7\u05b0\u05e8\u05b5\u05e8<\/strong>, \u05dc\u05dc\u05d0 \u05e7\u05e9\u05e8 \u05dc\u05e2\u05d9\u05db\u05d5\u05d1, \u05db\u05dc \u05e2\u05d5\u05d3 \u05d4\u05dc\u05e7\u05d5\u05d7 \u05d9\u05d5\u05e6\u05e8 \u05e7\u05e9\u05e8 \u05dc\u05e4\u05e0\u05d9 \u05d4\u05de\u05d5\u05e2\u05d3 \u05e9\u05e0\u05e7\u05d1\u05e2 \u05dc\u05e9\u05d9\u05e8\u05d5\u05ea.\n  <\/p>\n\n  <h3>9.2 \u05d4\u05d9\u05e2\u05d3\u05e8\u05d5\u05ea \u05d4\u05dc\u05e7\u05d5\u05d7 (\u05d0\u05d9 \u05d4\u05d5\u05e4\u05e2\u05d4)<\/h3>\n  <p>\n    \u05d1\u05de\u05e7\u05e8\u05d4 \u05e9\u05dc \u05d4\u05d9\u05e2\u05d3\u05e8\u05d5\u05ea \u05d4\u05dc\u05e7\u05d5\u05d7 \u05d1\u05de\u05e7\u05d5\u05dd \u05d5\u05d1\u05e9\u05e2\u05d4 \u05e9\u05e0\u05e7\u05d1\u05e2\u05d5, <strong>\u05dc\u05d0 \u05d9\u05d9\u05e0\u05ea\u05df \u05d4\u05d7\u05d6\u05e8 \u05db\u05e1\u05e4\u05d9.<\/strong>,\u05d4\u05e9\u05d9\u05e8\u05d5\u05ea \u05e0\u05d7\u05e9\u05d1 \u05db\u05de\u05ea\u05d7\u05d9\u05d9\u05d1.\n  <\/p>\n\n  <h2>\u05e1\u05e2\u05d9\u05e3 10 \u2013 \u05d0\u05d6\u05d5\u05e8 \u05d2\u05d9\u05d0\u05d5\u05d2\u05e8\u05e4\u05d9 \u05e9\u05dc \u05e9\u05d9\u05e8\u05d5\u05ea\u05d9\u05dd<\/h2>\n  <ul>\n    <li>\u05e0\u05ea\u05d9\u05d1\u05d9 \u05ea\u05d9\u05d9\u05e8\u05d5\u05ea: \u05dc\u05d5\u05e8\u05d9\u05d9\u05df \u05d5\u05d0\u05dc\u05d6\u05e1<\/li>\n    <li>\u05d6\u05de\u05d9\u05df \u05d1: \u05e0\u05e0\u05e1\u05d9 \u05d5\u05d4\u05e1\u05d1\u05d9\u05d1\u05d4<\/li>\n    <li>\u05e9\u05d9\u05e8\u05d5\u05ea\u05d9\u05dd \u05e0\u05d5\u05e1\u05e4\u05d9\u05dd: \u05d1\u05db\u05e4\u05d5\u05e3 \u05dc\u05ea\u05e0\u05d0\u05d9\u05dd \u05e9\u05e6\u05d5\u05d9\u05e0\u05d5 \u05d1\u05e2\u05ea \u05d4\u05d4\u05d6\u05de\u05e0\u05d4<\/li>\n  <\/ul>\n\n  <h2>\u05e1\u05e2\u05d9\u05e3 11 \u2013 \u05d0\u05d7\u05e8\u05d9\u05d5\u05ea<\/h2>\n  <p>\n    \u05d7\u05d1\u05e8\u05ea ALEM QUENTIN \u05db\u05e4\u05d5\u05e4\u05d4 \u05dc\u05d7\u05d5\u05d1\u05ea \u05d0\u05de\u05e6\u05e2\u05d9\u05dd.\n  <\/p>\n  <p>\n    \u05d4\u05d9\u05d0 \u05d0\u05d9\u05e0\u05d4 \u05d0\u05d7\u05e8\u05d0\u05d9\u05ea \u05dc\u05e2\u05d9\u05db\u05d5\u05d1\u05d9\u05dd \u05d0\u05d5 \u05d0\u05d9-\u05d1\u05d9\u05e6\u05d5\u05e2 \u05e2\u05e7\u05d1 \u05e0\u05e1\u05d9\u05d1\u05d5\u05ea \u05e9\u05d0\u05d9\u05e0\u05df \u05d1\u05e9\u05dc\u05d9\u05d8\u05ea\u05d4 (\u05ea\u05e0\u05d0\u05d9 \u05de\u05d6\u05d2 \u05d0\u05d5\u05d5\u05d9\u05e8, \u05ea\u05e0\u05d5\u05e2\u05d4, \u05d0\u05d9\u05e8\u05d5\u05e2\u05d9\u05dd \u05d7\u05e8\u05d9\u05d2\u05d9\u05dd, \u05db\u05d5\u05d7 \u05e2\u05dc\u05d9\u05d5\u05df).\n  <\/p>\n\n  <h2>\u05e1\u05e2\u05d9\u05e3 12 \u2013 \u05d4\u05ea\u05e0\u05d4\u05d2\u05d5\u05ea \u05dc\u05e7\u05d5\u05d7\u05d5\u05ea<\/h2>\n  <p>\n    \u05db\u05dc \u05d4\u05ea\u05e0\u05d4\u05d2\u05d5\u05ea \u05de\u05e1\u05d5\u05db\u05e0\u05ea, \u05ea\u05d5\u05e7\u05e4\u05e0\u05d9\u05ea \u05d0\u05d5 \u05d1\u05dc\u05ea\u05d9 \u05d7\u05d5\u05e7\u05d9\u05ea \u05e2\u05dc\u05d5\u05dc\u05d4 \u05dc\u05d2\u05e8\u05d5\u05dd \u05dc\u05e1\u05d9\u05d5\u05dd \u05de\u05d9\u05d9\u05d3\u05d9 \u05e9\u05dc \u05d4\u05e9\u05d9\u05e8\u05d5\u05ea \u05dc\u05dc\u05d0 \u05d4\u05d7\u05d6\u05e8 \u05db\u05e1\u05e4\u05d9.\n  <\/p>\n\n  <h2>\u05e1\u05e2\u05d9\u05e3 13 \u2013 \u05e0\u05ea\u05d5\u05e0\u05d9\u05dd \u05d0\u05d9\u05e9\u05d9\u05d9\u05dd<\/h2>\n  <p>\n    \u05d4\u05de\u05d9\u05d3\u05e2 \u05d4\u05d0\u05d9\u05e9\u05d9 \u05e9\u05e0\u05d0\u05e1\u05e3 \u05de\u05e9\u05de\u05e9 \u05d0\u05da \u05d5\u05e8\u05e7 \u05dc\u05de\u05d8\u05e8\u05ea \u05e0\u05d9\u05d4\u05d5\u05dc \u05d4\u05d6\u05de\u05e0\u05d5\u05ea \u05d5\u05d1\u05d4\u05ea\u05d0\u05dd \u05dc\u05ea\u05e7\u05e0\u05d5\u05ea \u05d4\u05d2\u05e0\u05ea \u05d4\u05de\u05d9\u05d3\u05e2 \u05d4\u05e8\u05dc\u05d5\u05d5\u05e0\u05d8\u05d9\u05d5\u05ea.\n  <\/p>\n\n  <h2>\u05e1\u05e2\u05d9\u05e3 14 \u2013 \u05e1\u05db\u05e1\u05d5\u05db\u05d9\u05dd \u05d5\u05d7\u05d5\u05e7 \u05d4\u05d7\u05dc<\/h2>\n  <p>\n    \u05ea\u05e0\u05d0\u05d9\u05dd \u05d5\u05d4\u05d2\u05d1\u05dc\u05d5\u05ea \u05d0\u05dc\u05d4 \u05db\u05e4\u05d5\u05e4\u05d9\u05dd \u05dc\u05d7\u05d5\u05e7 \u05d4\u05e6\u05e8\u05e4\u05ea\u05d9.\n  <\/p>\n  <p>\n    \u05d1\u05de\u05e7\u05e8\u05d4 \u05e9\u05dc \u05de\u05d7\u05dc\u05d5\u05e7\u05ea, \u05d9\u05d1\u05d5\u05e6\u05e2 \u05e4\u05ea\u05e8\u05d5\u05df \u05d9\u05d3\u05d9\u05d3\u05d5\u05ea\u05d9 \u05dc\u05e4\u05e0\u05d9 \u05e0\u05e7\u05d9\u05d8\u05ea \u05db\u05dc \u05d4\u05dc\u05d9\u05da \u05de\u05e9\u05e4\u05d8\u05d9. \u05d0\u05dd \u05dc\u05d0 \u05d9\u05ea\u05d1\u05e6\u05e2 \u05d4\u05d3\u05d1\u05e8, \u05d1\u05ea\u05d9 \u05d4\u05de\u05e9\u05e4\u05d8 \u05d4\u05de\u05d5\u05e1\u05de\u05db\u05d9\u05dd \u05d9\u05d4\u05d9\u05d5 \u05d0\u05dc\u05d5 \u05e9\u05dc \u05d4\u05e9\u05d9\u05e4\u05d5\u05d8 \u05d1\u05d5 \u05e0\u05de\u05e6\u05d0 \u05de\u05e9\u05e8\u05d3\u05d4 \u05d4\u05e8\u05e9\u05d5\u05dd \u05e9\u05dc \u05d4\u05d7\u05d1\u05e8\u05d4.\n  <\/p>\n\n  <h2>\u05e1\u05e2\u05d9\u05e3 15 \u2013 \u05e7\u05d1\u05dc\u05ea \u05d4\u05ea\u05e0\u05d0\u05d9\u05dd \u05d5\u05d4\u05d4\u05d2\u05d1\u05dc\u05d5\u05ea \u05d4\u05db\u05dc\u05dc\u05d9\u05d9\u05dd<\/h2>\n  <p>\n    \u05db\u05dc \u05d4\u05d6\u05de\u05e0\u05d4 \u05e9\u05d1\u05d5\u05e6\u05e2\u05d4 \u05d1\u05d0\u05ea\u05e8 \u05de\u05d4\u05d5\u05d5\u05d4 \u05e7\u05d1\u05dc\u05d4 \u05de\u05dc\u05d0\u05d4 \u05d5\u05de\u05d5\u05d7\u05dc\u05d8\u05ea \u05e9\u05dc \u05ea\u05e0\u05d0\u05d9 \u05d4\u05de\u05db\u05d9\u05e8\u05d4 \u05d4\u05db\u05dc\u05dc\u05d9\u05d9\u05dd \u05d4\u05dc\u05dc\u05d5.\n  <\/p>\n<\/section>\t\t\t\t<\/div>\n\t\t\t\t<\/div>\n\t\t\t\t\t<\/div>\n\t\t\t\t<\/div>\n\t\t\t\t<\/div>","protected":false},"excerpt":{"rendered":"<p>Conditions G\u00e9n\u00e9rales de Vente (CGV) Quentin Chauffeur Priv\u00e9 Article 1 \u2013 Identification de la soci\u00e9t\u00e9 Le site quentin-chauffeur-prive.fr est exploit\u00e9 par : ALEM QUENTIN Soci\u00e9t\u00e9 par actions simplifi\u00e9e \u00e0 associ\u00e9 unique (SASU) Capital social : 3 500 \u20ac Si\u00e8ge social : 5 rue de Cronstadt, 54000 Nancy \u2013 France RCS Nancy : 935 195 982 [&hellip;]<\/p>\n","protected":false},"author":4,"featured_media":0,"parent":0,"menu_order":0,"comment_status":"closed","ping_status":"closed","template":"","meta":{"footnotes":""},"class_list":["post-673","page","type-page","status-publish","hentry"],"aioseo_notices":[],"_links":{"self":[{"href":"https:\/\/quentin-chauffeur-prive.fr\/he\/wp-json\/wp\/v2\/pages\/673","targetHints":{"allow":["GET"]}}],"collection":[{"href":"https:\/\/quentin-chauffeur-prive.fr\/he\/wp-json\/wp\/v2\/pages"}],"about":[{"href":"https:\/\/quentin-chauffeur-prive.fr\/he\/wp-json\/wp\/v2\/types\/page"}],"author":[{"embeddable":true,"href":"https:\/\/quentin-chauffeur-prive.fr\/he\/wp-json\/wp\/v2\/users\/4"}],"replies":[{"embeddable":true,"href":"https:\/\/quentin-chauffeur-prive.fr\/he\/wp-json\/wp\/v2\/comments?post=673"}],"version-history":[{"count":4,"href":"https:\/\/quentin-chauffeur-prive.fr\/he\/wp-json\/wp\/v2\/pages\/673\/revisions"}],"predecessor-version":[{"id":679,"href":"https:\/\/quentin-chauffeur-prive.fr\/he\/wp-json\/wp\/v2\/pages\/673\/revisions\/679"}],"wp:attachment":[{"href":"https:\/\/quentin-chauffeur-prive.fr\/he\/wp-json\/wp\/v2\/media?parent=673"}],"curies":[{"name":"wp","href":"https:\/\/api.w.org\/{rel}","templated":true}]}}