{"id":111,"date":"2025-02-25T09:35:18","date_gmt":"2025-02-25T09:35:18","guid":{"rendered":"https:\/\/alemvtc.idee-ad-prod.fr\/?page_id=111"},"modified":"2026-01-22T23:26:49","modified_gmt":"2026-01-22T23:26:49","slug":"mentions-legales","status":"publish","type":"page","link":"https:\/\/quentin-chauffeur-prive.fr\/it\/note-legali\/","title":{"rendered":"Avvisi legali"},"content":{"rendered":"<div data-elementor-type=\"wp-page\" data-elementor-id=\"111\" class=\"elementor elementor-111\" data-elementor-post-type=\"page\">\n\t\t\t\t<div class=\"elementor-element elementor-element-93c75e1 e-flex e-con-boxed e-con e-parent\" data-id=\"93c75e1\" data-element_type=\"container\" data-e-type=\"container\" data-settings=\"{&quot;background_background&quot;:&quot;classic&quot;}\">\n\t\t\t\t\t<div class=\"e-con-inner\">\n\t\t\t\t<div class=\"elementor-element elementor-element-81d49ca elementor-widget elementor-widget-text-editor\" data-id=\"81d49ca\" data-element_type=\"widget\" data-e-type=\"widget\" data-widget_type=\"text-editor.default\">\n\t\t\t\t<div class=\"elementor-widget-container\">\n\t\t\t\t\t\t\t\t\t<h2>1. Informazioni generali<\/h2><p>In conformit\u00e0 agli articoli 6-III e 19 della legge n. 2004-575 del 21 giugno 2004 per la<br \/>Fiducia nell&#039;economia digitale (LCEN), nonch\u00e9 il Regolamento generale su<br \/>Protezione dei dati (GDPR \u2013 UE 2016\/679), le seguenti informazioni sono<br \/>portato all&#039;attenzione degli utenti del sito <strong>quentin-chauffeur-prive.fr<\/strong>.<br \/>Editore del sito web:<br \/><strong>\u2013 Nome dell&#039;azienda:<\/strong> ALEM QUENTIN SAS<br \/><strong>\u2013 Status giuridico:<\/strong> SASU<br \/><strong>\u2013 SIRET:<\/strong> 93519598200019<br \/><strong>- Direzione:<\/strong> 5 RUE DE CRONSTADT 54000 NANCY<br \/><strong>\u2013 Codice APE:<\/strong> 49.32Z<br \/><strong>\u2013 Partita IVA intracomunitaria:<\/strong> FR19935195982<br \/><strong>\u2013 Responsabile della pubblicazione:<\/strong> Quentin Alem, nella sua qualit\u00e0 di manager<br \/><strong>- Contatti:<\/strong> <a href=\"mailto:quentinalem@outlook.com\">quentinalem@outlook.com<\/a><\/p><p><strong>Host del sito web:<\/strong><\/p><p><strong>\u2013 Nome dell&#039;azienda:<\/strong> O2SWITCH<br \/><strong>- Status giuridico:<\/strong> SASU<br \/><strong>- Indirizzo :<\/strong> Chemin des Pardiaux, 63000 Clermont-Ferrand, Francia<br \/><strong>- Telefono :<\/strong> 04 44 44 60 40<br \/><strong>\u2013 Email:<\/strong> <a href=\"mailto:support@o2switch.fr\">support@o2switch.fr<\/a><\/p><h2>2. Propriet\u00e0 intellettuale<\/h2><p>Il sito <strong>quentin-chauffeur-prive.fr<\/strong> nonch\u00e9 tutto il suo contenuto (testi, immagini,<br \/>grafica, loghi, video, architettura, database, ecc.) sono protetti da<br \/>leggi sul diritto d&#039;autore e sulla propriet\u00e0 intellettuale in vigore in Francia e in<br \/>l&#039;Unione Europea.<br \/>Qualsiasi riproduzione, rappresentazione, modifica, pubblicazione, trasmissione,<br \/>distorsione, totale o parziale, del sito o del suo contenuto, con qualsiasi mezzo<br \/>questo, senza previa autorizzazione scritta da <strong>Quentin, autista privato<\/strong>, \u00e8 severamente vietato<br \/>e costituisce un&#039;infrazione punibile ai sensi degli articoli L.335-2 e seguenti del Codice<br \/>Propriet\u00e0 intellettuale.<\/p><h2>3. Protezione dei dati personali<\/h2><p>In conformit\u00e0 al GDPR e alla legge francese sulla protezione dei dati modificata, <strong>Quentin, autista privato<\/strong><br \/>si impegna a garantire la protezione dei dati personali degli utenti.<\/p><p><strong>Dati raccolti e finalit\u00e0 del trattamento<br \/><\/strong><br \/>I dati personali raccolti tramite il sito web <strong>quentin-chauffeur-prive.fr<\/strong>\u00a0vengono utilizzati<br \/>esclusivamente nell&#039;ambito dei servizi offerti, quali:<br \/>\u2013 Gestione delle richieste tramite il modulo di contatto<br \/>\u2013 Invio di informazioni commerciali (previo consenso)<br \/>\u2013 Miglioramento del sito e dei servizi offerti<\/p><p><strong>Base giuridica del trattamento<br \/><\/strong><br \/>Il trattamento dei dati si basa sull&#039;esecuzione di un contratto, sul consenso di<br \/>l&#039;utente o il legittimo interesse di <strong>Quentin, autista privato<\/strong><strong>.<br \/><\/strong><br \/><strong>durata di conservazione<\/strong><\/p><p>I dati vengono conservati per un massimo di 24 mesi dalla data<br \/>ultimo contatto o fine del rapporto commerciale.<\/p><p><strong>diritti dell&#039;utente<\/strong><\/p><p>Ai sensi del GDPR, l&#039;utente gode dei seguenti diritti in relazione ai propri dati:<br \/><strong>\u2013 Diritto di accesso<\/strong> (Articolo 15 GDPR)<br \/><strong>\u2013 Diritto di rettifica<\/strong> (Articolo 16 GDPR)<br \/><strong>\u2013 Diritto alla cancellazione<\/strong> (Diritto all&#039;oblio) (Articolo 17 GDPR)<br \/><strong>\u2013 Diritto di limitare il trattamento<\/strong> (Articolo 18 GDPR)<br \/><strong>\u2013 Diritto di opposizione<\/strong> (Articolo 21 GDPR)<br \/><strong>\u2013 Diritto alla portabilit\u00e0 dei dati<\/strong> (Articolo 20 GDPR)<\/p><p>\u00c8 possibile esercitare i propri diritti contattando <strong>Quentin, autista privato<\/strong> al seguente indirizzo:<br \/><a href=\"mailto:quentinalem@outlook.com\">quentinalem@outlook.com<\/a><br \/>Se non ricevi una risposta entro un mese, hai il diritto di presentare un reclamo.<br \/>reclamo alla CNIL (Commissione nazionale per l&#039;informatica e le libert\u00e0 civili)<br \/>Freedoms) tramite il suo sito web ufficiale: <a href=\"http:\/\/www.cnil.fr\">www.cnil.fr<\/a>.<\/p><h2>4. Responsabilit\u00e0 e limitazioni<\/h2><p><strong>Quentin, autista privato<\/strong> si impegna a garantire l&#039;accuratezza e l&#039;aggiornamento delle informazioni<br \/>pubblicato su questo sito. Tuttavia, l&#039;editore non pu\u00f2 essere ritenuto responsabile per errori o<br \/>omissioni, nonch\u00e9 eventuali danni diretti o indiretti derivanti da<br \/>utilizzo del sito.<\/p><p>L&#039;utente \u00e8 responsabile del mantenimento della riservatezza delle proprie credenziali di accesso e<br \/>riconosce di utilizzare il sito sotto la propria esclusiva responsabilit\u00e0.<\/p><h2>5. Gestione dei cookie<\/h2><p>Durante la tua visita a <strong>quentin-chauffeur-prive.fr<\/strong>, I cookie (tracker) possono essere installati<br \/>sul tuo dispositivo.<\/p><p><strong>Tipi di cookie utilizzati<\/strong><\/p><p><strong>\u2013 Cookie strettamente necessari:<\/strong> essenziale per il corretto funzionamento<br \/>del sito<br \/><strong>\u2013 Cookie di misurazione dell&#039;audience:<\/strong> per migliorare la navigazione e i contenuti<br \/><strong>\u2013 Cookie di personalizzazione:<\/strong> per salvare le tue preferenze<br \/><strong>\u2013 Cookie di terze parti:<\/strong> utilizzato da partner esterni (Google, reti)<br \/>sociale, ecc.)<\/p><p><strong>Gestione e rifiuto dei cookie<\/strong><\/p><p>\u00c8 possibile gestire le proprie preferenze tramite le impostazioni del browser o tramite un<br \/>Il gestore del consenso \u00e8 accessibile sul sito web.<br \/>Per ulteriori informazioni, \u00e8 possibile consultare anche il sito web della CNIL:<br \/><a href=\"http:\/\/www.cnil.fr\/fr\/cookies-les-outils-pour-les-maitriser\">www.cnil.fr\/fr\/cookies-les-outils-pour-les-maitriser<\/a>.<\/p><h2>6. Legge applicabile e giurisdizione<\/h2><p>Le presenti note legali sono regolate dalla legge francese. In caso di controversia, e<br \/>Dopo un tentativo di risoluzione amichevole, i tribunali competenti saranno quelli di<br \/>giurisdizione della sede centrale di <strong>Quentin, autista privato<\/strong>, salvo diversa disposizione di legge.<\/p><h2>7. Modifica degli avvisi legali<\/h2><p><strong>Quentin, autista privato<\/strong> si riserva il diritto di modificare le presenti note legali in qualsiasi momento<br \/>in questo momento per garantire la loro conformit\u00e0 alla legislazione vigente.<\/p>\t\t\t\t\t\t\t\t<\/div>\n\t\t\t\t<\/div>\n\t\t\t\t\t<\/div>\n\t\t\t\t<\/div>\n\t\t\t\t<\/div>","protected":false},"excerpt":{"rendered":"<p>1. Informations g\u00e9n\u00e9rales Conform\u00e9ment aux articles 6-III et 19 de la Loi n\u00b02004-575 du 21 juin 2004 pour laConfiance dans l\u2019\u00c9conomie Num\u00e9rique (LCEN), ainsi qu\u2019au R\u00e8glement G\u00e9n\u00e9ral surla Protection des Donn\u00e9es (RGPD \u2013 UE 2016\/679), les informations suivantes sontport\u00e9es \u00e0 la connaissance des utilisateurs du site quentin-chauffeur-prive.fr.\u00c9diteur du site :&#8211; D\u00e9nomination sociale : ALEM QUENTIN [&hellip;]<\/p>\n","protected":false},"author":4,"featured_media":0,"parent":0,"menu_order":0,"comment_status":"closed","ping_status":"closed","template":"","meta":{"footnotes":""},"class_list":["post-111","page","type-page","status-publish","hentry"],"aioseo_notices":[],"_links":{"self":[{"href":"https:\/\/quentin-chauffeur-prive.fr\/it\/wp-json\/wp\/v2\/pages\/111","targetHints":{"allow":["GET"]}}],"collection":[{"href":"https:\/\/quentin-chauffeur-prive.fr\/it\/wp-json\/wp\/v2\/pages"}],"about":[{"href":"https:\/\/quentin-chauffeur-prive.fr\/it\/wp-json\/wp\/v2\/types\/page"}],"author":[{"embeddable":true,"href":"https:\/\/quentin-chauffeur-prive.fr\/it\/wp-json\/wp\/v2\/users\/4"}],"replies":[{"embeddable":true,"href":"https:\/\/quentin-chauffeur-prive.fr\/it\/wp-json\/wp\/v2\/comments?post=111"}],"version-history":[{"count":22,"href":"https:\/\/quentin-chauffeur-prive.fr\/it\/wp-json\/wp\/v2\/pages\/111\/revisions"}],"predecessor-version":[{"id":389,"href":"https:\/\/quentin-chauffeur-prive.fr\/it\/wp-json\/wp\/v2\/pages\/111\/revisions\/389"}],"wp:attachment":[{"href":"https:\/\/quentin-chauffeur-prive.fr\/it\/wp-json\/wp\/v2\/media?parent=111"}],"curies":[{"name":"wp","href":"https:\/\/api.w.org\/{rel}","templated":true}]}}