{"id":673,"date":"2026-02-01T05:43:32","date_gmt":"2026-02-01T05:43:32","guid":{"rendered":"https:\/\/quentin-chauffeur-prive.fr\/?page_id=673"},"modified":"2026-02-01T23:51:26","modified_gmt":"2026-02-01T23:51:26","slug":"conditions-generales-de-vente","status":"publish","type":"page","link":"https:\/\/quentin-chauffeur-prive.fr\/it\/condizioni-generali-di-vendita\/","title":{"rendered":"TERMINI E CONDIZIONI GENERALI DI VENDITA"},"content":{"rendered":"<div data-elementor-type=\"wp-page\" data-elementor-id=\"673\" class=\"elementor elementor-673\" data-elementor-post-type=\"page\">\n\t\t\t\t<div class=\"elementor-element elementor-element-7a2e831 e-flex e-con-boxed e-con e-parent\" data-id=\"7a2e831\" data-element_type=\"container\" data-e-type=\"container\">\n\t\t\t\t\t<div class=\"e-con-inner\">\n\t\t\t\t<div class=\"elementor-element elementor-element-00fec76 elementor-widget elementor-widget-html\" data-id=\"00fec76\" data-element_type=\"widget\" data-e-type=\"widget\" data-widget_type=\"html.default\">\n\t\t\t\t<div class=\"elementor-widget-container\">\n\t\t\t\t\t<section id=\"cgv\" class=\"cgv\">\n  <h1>Condizioni generali di vendita (CGV)<\/h1>\n  <p><strong>Quentin, autista privato<\/strong><\/p>\n\n  <h2>Articolo 1 \u2013 Identificazione dell&#039;azienda<\/h2>\n  <p>\n    Il sito <strong>quentin-chauffeur-prive.fr<\/strong> \u00e8 gestito da:\n  <\/p>\n  <p>\n    <strong>Alem Quentin<\/strong><br>\n    Societ\u00e0 per azioni semplificata con azionista unico (SASU)<br>\n    Capitale sociale: 3.500 euro<br>\n    Sede legale: 5 rue de Cronstadt, 54000 Nancy \u2013 Francia<br>\n    RCS Nancy: 935 195 982<br>\n    Attivit\u00e0: Gestione di veicoli con conducente (VTC)\n  <\/p>\n\n  <h2>Articolo 2 \u2013 Scopo<\/h2>\n  <p>\n    Lo scopo delle presenti Condizioni Generali di Vendita (CGV) \u00e8 definire le condizioni in base alle quali la societ\u00e0 ALEM QUENTIN commercializza, tramite il proprio sito web, servizi di trasporto con autista e servizi correlati.\n  <\/p>\n\n  <h2>Articolo 3 \u2013 Ambito di applicazione<\/h2>\n  <p>\n    Le presenti Condizioni generali si applicano a tutte le prenotazioni effettuate tramite il sito web, da clienti privati o professionisti.\n  <\/p>\n  <p>\n    Non si applicano alle prenotazioni effettuate tramite piattaforme di terze parti o applicazioni partner, che hanno termini e condizioni contrattuali propri.\n  <\/p>\n\n  <h2>Articolo 4 \u2013 Servizi offerti<\/h2>\n  <p>I servizi offerti sul sito includono, a titolo esemplificativo ma non esaustivo:<\/p>\n  <ul>\n    <li>Fornitura di un veicolo con autista (servizio orario)<\/li>\n    <li>Pacchetti turistici<\/li>\n    <li>Servizi per eventi (matrimoni, eventi familiari o privati)<\/li>\n    <li>Servizi aggiuntivi opzionali (decorazione del veicolo, fornitura di una bottiglia di champagne, opzioni specifiche)<\/li>\n    <li>Servizi di partnership basati su abbonamento<\/li>\n  <\/ul>\n  <p>\n    Le caratteristiche essenziali di ciascun servizio sono presentate sul sito web.\n  <\/p>\n\n  <h2>Articolo 5 \u2013 Riserva<\/h2>\n  <p>\n    Le prenotazioni si effettuano esclusivamente tramite il sito web. Tutte le prenotazioni implicano l&#039;accettazione incondizionata dei presenti Termini e Condizioni.\n  <\/p>\n  <p>\n    La societ\u00e0 si riserva il diritto di rifiutare qualsiasi prenotazione che risulti manifestamente incoerente o contraria alle normative vigenti.\n  <\/p>\n\n  <h2>Articolo 6 \u2013 Prezzi<\/h2>\n  <p>\n    I prezzi sono indicati in euro, tasse incluse.\n  <\/p>\n  <p>\n    Le tariffe applicabili sono quelle in vigore al momento della prenotazione. Servizi o opzioni aggiuntivi comportano costi extra, chiaramente indicati prima della conferma.\n  <\/p>\n\n  <h2>Articolo 7 \u2013 Condizioni di pagamento<\/h2>\n  <p>Il pagamento viene effettuato:<\/p>\n  <ul>\n    <li><strong>Online<\/strong> al momento della prenotazione per:\n      <ul>\n        <li>circuiti turistici<\/li>\n        <li>la disposizione<\/li>\n        <li>abbonamenti di partnership<\/li>\n      <\/ul>\n    <\/li>\n    <li><strong>A bordo del veicolo<\/strong>, quando viene offerta questa opzione<\/li>\n  <\/ul>\n  <p>Metodi di pagamento accettati:<\/p>\n  <ul>\n    <li>Carta bancaria<\/li>\n    <li>Specie<\/li>\n  <\/ul>\n  <p>\n    Tutti i servizi devono essere pagati per intero.\n  <\/p>\n\n  <h2>Articolo 8 \u2013 Diritto di recesso<\/h2>\n  <p>\n    Ai sensi dell&#039;articolo L221-28 del Codice del Consumo, il diritto di recesso non si applica ai servizi di trasporto passeggeri forniti in una data specifica o a intervalli specifici.\n  <\/p>\n\n  <h2>Articolo 9 \u2013 Annullamento e assenza del cliente<\/h2>\n  <h3>9.1 Annullamento<\/h3>\n  <p>\n    Le cancellazioni sono <strong>gratuito<\/strong>, indipendentemente dal ritardo, purch\u00e9 il cliente si metta in contatto prima dell&#039;orario previsto per il servizio.\n  <\/p>\n\n  <h3>9.2 Assenza del cliente (no-show)<\/h3>\n  <p>\n    In caso di assenza del cliente nel luogo e nell&#039;orario concordati, <strong>Non verr\u00e0 emesso alcun rimborso.<\/strong>,il servizio \u00e8 considerato dovuto.\n  <\/p>\n\n  <h2>Articolo 10 \u2013 Area geografica dei servizi<\/h2>\n  <ul>\n    <li>Itinerari turistici: Lorena e Alsazia<\/li>\n    <li>Disponibile a: Nancy e dintorni<\/li>\n    <li>Altri servizi: soggetti alle condizioni specificate al momento della prenotazione<\/li>\n  <\/ul>\n\n  <h2>Articolo 11 \u2013 Responsabilit\u00e0<\/h2>\n  <p>\n    La societ\u00e0 ALEM QUENTIN \u00e8 soggetta a un obbligo di mezzi.\n  <\/p>\n  <p>\n    Non pu\u00f2 essere ritenuta responsabile per ritardi o mancata esecuzione dovuti a circostanze al di fuori del suo controllo (condizioni meteorologiche, traffico, eventi eccezionali, forza maggiore).\n  <\/p>\n\n  <h2>Articolo 12 \u2013 Comportamento del cliente<\/h2>\n  <p>\n    Qualsiasi comportamento pericoloso, aggressivo o illegale pu\u00f2 comportare l&#039;immediata interruzione del servizio senza rimborso.\n  <\/p>\n\n  <h2>Articolo 13 \u2013 Dati personali<\/h2>\n  <p>\n    I dati personali raccolti vengono utilizzati esclusivamente per la gestione delle prenotazioni e nel rispetto delle normative vigenti in materia di protezione dei dati.\n  <\/p>\n\n  <h2>Articolo 14 \u2013 Controversie e legge applicabile<\/h2>\n  <p>\n    Le presenti Condizioni generali sono regolate dalla legge francese.\n  <\/p>\n  <p>\n    In caso di controversia, si cercher\u00e0 una soluzione amichevole prima di intraprendere qualsiasi azione legale. In mancanza di ci\u00f2, i tribunali competenti saranno quelli della giurisdizione in cui ha sede legale la societ\u00e0.\n  <\/p>\n\n  <h2>Articolo 15 \u2013 Accettazione delle Condizioni Generali<\/h2>\n  <p>\n    Qualsiasi prenotazione effettuata sul sito implica la piena e completa accettazione delle presenti Condizioni Generali di Vendita.\n  <\/p>\n<\/section>\t\t\t\t<\/div>\n\t\t\t\t<\/div>\n\t\t\t\t\t<\/div>\n\t\t\t\t<\/div>\n\t\t\t\t<\/div>","protected":false},"excerpt":{"rendered":"<p>Conditions G\u00e9n\u00e9rales de Vente (CGV) Quentin Chauffeur Priv\u00e9 Article 1 \u2013 Identification de la soci\u00e9t\u00e9 Le site quentin-chauffeur-prive.fr est exploit\u00e9 par : ALEM QUENTIN Soci\u00e9t\u00e9 par actions simplifi\u00e9e \u00e0 associ\u00e9 unique (SASU) Capital social : 3 500 \u20ac Si\u00e8ge social : 5 rue de Cronstadt, 54000 Nancy \u2013 France RCS Nancy : 935 195 982 [&hellip;]<\/p>\n","protected":false},"author":4,"featured_media":0,"parent":0,"menu_order":0,"comment_status":"closed","ping_status":"closed","template":"","meta":{"footnotes":""},"class_list":["post-673","page","type-page","status-publish","hentry"],"aioseo_notices":[],"_links":{"self":[{"href":"https:\/\/quentin-chauffeur-prive.fr\/it\/wp-json\/wp\/v2\/pages\/673","targetHints":{"allow":["GET"]}}],"collection":[{"href":"https:\/\/quentin-chauffeur-prive.fr\/it\/wp-json\/wp\/v2\/pages"}],"about":[{"href":"https:\/\/quentin-chauffeur-prive.fr\/it\/wp-json\/wp\/v2\/types\/page"}],"author":[{"embeddable":true,"href":"https:\/\/quentin-chauffeur-prive.fr\/it\/wp-json\/wp\/v2\/users\/4"}],"replies":[{"embeddable":true,"href":"https:\/\/quentin-chauffeur-prive.fr\/it\/wp-json\/wp\/v2\/comments?post=673"}],"version-history":[{"count":4,"href":"https:\/\/quentin-chauffeur-prive.fr\/it\/wp-json\/wp\/v2\/pages\/673\/revisions"}],"predecessor-version":[{"id":679,"href":"https:\/\/quentin-chauffeur-prive.fr\/it\/wp-json\/wp\/v2\/pages\/673\/revisions\/679"}],"wp:attachment":[{"href":"https:\/\/quentin-chauffeur-prive.fr\/it\/wp-json\/wp\/v2\/media?parent=673"}],"curies":[{"name":"wp","href":"https:\/\/api.w.org\/{rel}","templated":true}]}}