{"id":795,"date":"2026-02-23T00:51:15","date_gmt":"2026-02-23T00:51:15","guid":{"rendered":"https:\/\/quentin-chauffeur-prive.fr\/?page_id=795"},"modified":"2026-03-23T17:42:21","modified_gmt":"2026-03-23T17:42:21","slug":"app","status":"publish","type":"page","link":"https:\/\/quentin-chauffeur-prive.fr\/it\/app\/","title":{"rendered":"App"},"content":{"rendered":"\t\t<div data-elementor-type=\"wp-page\" data-elementor-id=\"795\" class=\"elementor elementor-795\" data-elementor-post-type=\"page\">\n\t\t\t\t<div class=\"elementor-element elementor-element-3bd641a6 e-flex e-con-boxed e-con e-parent\" data-id=\"3bd641a6\" data-element_type=\"container\" data-e-type=\"container\">\n\t\t\t\t\t<div class=\"e-con-inner\">\n\t\t\t\t<div class=\"elementor-element elementor-element-535aea49 elementor-widget elementor-widget-text-editor\" data-id=\"535aea49\" data-element_type=\"widget\" data-e-type=\"widget\" data-widget_type=\"text-editor.default\">\n\t\t\t\t<div class=\"elementor-widget-container\">\n\t\t\t\t\t\t\t\t\t<div id=\"qcp-app-page\">\n  <div class=\"qcp-container\">\n\n    <section class=\"qcp-hero\">\n      <h1 class=\"qcp-title\">\ud83c\udf81 -20% sur votre premi\u00e8re r\u00e9servation*<\/h1>\n      <p class=\"qcp-subtitle\">R\u00e9servez en direct, sans passer par Uber<\/p>\n    <\/section>\n\n    <section id=\"mobile-block\" class=\"qcp-card\" style=\"display:none;\">\n      <h2 class=\"qcp-card-title\">T\u00e9l\u00e9chargez l\u2019application pour en profiter<\/h2>\n\n      <div class=\"qcp-store-buttons\">\n        <a href=\"https:\/\/apps.apple.com\/app\/quentin-chauffeur-priv\u00e9\/id6741812831\" target=\"_blank\" rel=\"noopener noreferrer\">\n          <img decoding=\"async\" src=\"https:\/\/developer.apple.com\/assets\/elements\/badges\/download-on-the-app-store.svg\" class=\"qcp-store-badge\">\n        <\/a>\n\n        <a href=\"https:\/\/play.google.com\/store\/apps\/details?id=fr.quentinchauffeurpriv.user\" target=\"_blank\" rel=\"noopener noreferrer\">\n          <img decoding=\"async\" src=\"https:\/\/upload.wikimedia.org\/wikipedia\/commons\/7\/78\/Google_Play_Store_badge_EN.svg\" class=\"qcp-store-badge\">\n        <\/a>\n      <\/div>\n\n      <p class=\"qcp-note\">\u26a1 Installation en 30 secondes<\/p>\n\n      <p class=\"qcp-secondary-link-wrap\">\n        <a href=\"https:\/\/quentin-chauffeur-prive.fr\/fr_fr\/\" target=\"_blank\" class=\"qcp-secondary-link\">\n          Visiter le site\n        <\/a>\n      <\/p>\n    <\/section>\n\n    <section id=\"desktop-block\" class=\"qcp-card\" style=\"display:none;\">\n      <h2 class=\"qcp-card-title\">Vous \u00eates sur ordinateur<\/h2>\n\n      <a href=\"https:\/\/quentinchauffeurprive.libertyorder.fr\/estimation\"\n         target=\"_blank\"\n         class=\"qcp-btn qcp-btn-primary\">\n        R\u00e9server en ligne\n      <\/a>\n\n      <p class=\"qcp-secondary-link-wrap\">\n        <a href=\"https:\/\/quentin-chauffeur-prive.fr\/fr_fr\/\" target=\"_blank\" class=\"qcp-secondary-link\">\n          Visiter le site\n        <\/a>\n      <\/p>\n    <\/section>\n\n    <section class=\"qcp-card\">\n      <h2 class=\"qcp-card-title\">Activez votre remise en 2 \u00e9tapes<\/h2>\n      <p class=\"qcp-card-text\">\n        T\u00e9l\u00e9chargez l\u2019application, puis activez votre avantage fid\u00e9lit\u00e9.\n      <\/p>\n\n      <a href=\"https:\/\/quentin-chauffeur-prive.fr\/programme-de-fidelite\/\"\n         target=\"_blank\"\n         class=\"qcp-btn qcp-btn-secondary\">\n        Activer ma remise\n      <\/a>\n    <\/section>\n\n    <section class=\"qcp-conditions\">\n      <p class=\"qcp-conditions-title\"><strong>* Conditions :<\/strong><\/p>\n      <ul>\n        <li id=\"condition-reservation\">la r\u00e9servation est effectu\u00e9e via l\u2019application<\/li>\n        <li>la fid\u00e9lit\u00e9 est activ\u00e9e<\/li>\n        <li>le paiement est r\u00e9alis\u00e9 par carte bancaire \u00e0 bord<\/li>\n      <\/ul>\n    <\/section>\n\n  <\/div>\n<\/div>\n\n<style>\n  #qcp-app-page,\n  #qcp-app-page * {\n    box-sizing: border-box;\n  }\n\n  #qcp-app-page {\n    padding: 40px 16px;\n    font-family: Arial, sans-serif;\n    color: #1f2937;\n  }\n\n  #qcp-app-page .qcp-container {\n    max-width: 860px;\n    margin: 0 auto;\n    text-align: center;\n  }\n\n  #qcp-app-page .qcp-hero {\n    margin-bottom: 26px;\n  }\n\n  #qcp-app-page .qcp-title {\n    margin: 0 0 10px;\n    font-size: 32px;\n    line-height: 1.15;\n    font-weight: 700;\n    color: #1f2937;\n  }\n\n  #qcp-app-page .qcp-subtitle {\n    margin: 0;\n    font-size: 18px;\n    line-height: 1.45;\n    color: #6b7280;\n  }\n\n  #qcp-app-page .qcp-card {\n    background: #ffffff;\n    border: 1px solid rgba(0, 0, 0, 0.08);\n    border-radius: 14px;\n    padding: 24px 20px;\n    margin-top: 18px;\n    box-shadow: 0 6px 18px rgba(0, 0, 0, 0.04);\n  }\n\n  #qcp-app-page .qcp-card-title {\n    margin: 0 0 12px;\n    font-size: 20px;\n    font-weight: 700;\n    color: #1f2937;\n  }\n\n  #qcp-app-page .qcp-card-text {\n    margin: 0 0 16px;\n    font-size: 16px;\n    color: #4b5563;\n  }\n\n  #qcp-app-page .qcp-store-buttons {\n    display: flex;\n    justify-content: center;\n    gap: 16px;\n    flex-wrap: wrap;\n  }\n\n  #qcp-app-page .qcp-store-badge {\n    width: 160px;\n  }\n\n  #qcp-app-page .qcp-btn {\n    display: inline-block;\n    padding: 14px 24px;\n    border-radius: 10px;\n    font-weight: 700;\n    text-decoration: none;\n  }\n\n  #qcp-app-page .qcp-btn-primary {\n    background: #1c1c3a;\n    color: #ffffff;\n  }\n\n  #qcp-app-page .qcp-btn-secondary {\n    border: 2px solid #1c1c3a;\n    color: #1c1c3a;\n  }\n\n  #qcp-app-page .qcp-secondary-link {\n    display: block;\n    margin-top: 14px;\n    font-size: 14px;\n    text-decoration: underline;\n    color: #1c1c3a;\n  }\n\n  #qcp-app-page .qcp-conditions {\n    margin-top: 28px;\n    font-size: 14px;\n    color: #6b7280;\n    text-align: left;\n  }\n<\/style>\n\n<script>\n(function () {\n\n  var ua = navigator.userAgent || navigator.vendor || window.opera;\n\n  var isIOS = \/iPhone|iPad|iPod\/i.test(ua);\n  var isAndroid = \/Android\/i.test(ua);\n\n  var mobileBlock = document.getElementById(\"mobile-block\");\n  var desktopBlock = document.getElementById(\"desktop-block\");\n  var condition = document.getElementById(\"condition-reservation\");\n\n  if (isIOS || isAndroid) {\n    mobileBlock.style.display = \"block\";\n    condition.textContent = \"la r\u00e9servation est effectu\u00e9e via l\u2019application\";\n  } else {\n    desktopBlock.style.display = \"block\";\n    condition.textContent = \"la r\u00e9servation est effectu\u00e9e en ligne\";\n  }\n\n  var appStoreBtn = document.querySelector('a[href*=\"apps.apple.com\"]');\n  var playStoreBtn = document.querySelector('a[href*=\"play.google.com\"]');\n\n  if (isIOS && playStoreBtn) playStoreBtn.style.display = \"none\";\n  if (isAndroid && appStoreBtn) appStoreBtn.style.display = \"none\";\n\n})();\n<\/script>\t\t\t\t\t\t\t\t<\/div>\n\t\t\t\t<\/div>\n\t\t\t\t\t<\/div>\n\t\t\t\t<\/div>\n\t\t\t\t<\/div>\n\t\t","protected":false},"excerpt":{"rendered":"<p>&#x1f381; -20% sur votre premi\u00e8re r\u00e9servation* R\u00e9servez en direct, sans passer par Uber T\u00e9l\u00e9chargez l\u2019application pour en profiter &#x26a1; Installation en 30 secondes Visiter le site Vous \u00eates sur ordinateur R\u00e9server en ligne Visiter le site Activez votre remise en 2 \u00e9tapes T\u00e9l\u00e9chargez l\u2019application, puis activez votre avantage fid\u00e9lit\u00e9. Activer ma remise * Conditions : [&hellip;]<\/p>\n","protected":false},"author":4,"featured_media":0,"parent":0,"menu_order":0,"comment_status":"closed","ping_status":"closed","template":"elementor_canvas","meta":{"footnotes":""},"class_list":["post-795","page","type-page","status-publish","hentry"],"aioseo_notices":[],"_links":{"self":[{"href":"https:\/\/quentin-chauffeur-prive.fr\/it\/wp-json\/wp\/v2\/pages\/795","targetHints":{"allow":["GET"]}}],"collection":[{"href":"https:\/\/quentin-chauffeur-prive.fr\/it\/wp-json\/wp\/v2\/pages"}],"about":[{"href":"https:\/\/quentin-chauffeur-prive.fr\/it\/wp-json\/wp\/v2\/types\/page"}],"author":[{"embeddable":true,"href":"https:\/\/quentin-chauffeur-prive.fr\/it\/wp-json\/wp\/v2\/users\/4"}],"replies":[{"embeddable":true,"href":"https:\/\/quentin-chauffeur-prive.fr\/it\/wp-json\/wp\/v2\/comments?post=795"}],"version-history":[{"count":46,"href":"https:\/\/quentin-chauffeur-prive.fr\/it\/wp-json\/wp\/v2\/pages\/795\/revisions"}],"predecessor-version":[{"id":993,"href":"https:\/\/quentin-chauffeur-prive.fr\/it\/wp-json\/wp\/v2\/pages\/795\/revisions\/993"}],"wp:attachment":[{"href":"https:\/\/quentin-chauffeur-prive.fr\/it\/wp-json\/wp\/v2\/media?parent=795"}],"curies":[{"name":"wp","href":"https:\/\/api.w.org\/{rel}","templated":true}]}}