{"id":111,"date":"2025-02-25T09:35:18","date_gmt":"2025-02-25T09:35:18","guid":{"rendered":"https:\/\/alemvtc.idee-ad-prod.fr\/?page_id=111"},"modified":"2026-01-22T23:26:49","modified_gmt":"2026-01-22T23:26:49","slug":"mentions-legales","status":"publish","type":"page","link":"https:\/\/quentin-chauffeur-prive.fr\/nl\/juridische-mededelingen\/","title":{"rendered":"Juridische mededelingen"},"content":{"rendered":"<div data-elementor-type=\"wp-page\" data-elementor-id=\"111\" class=\"elementor elementor-111\" data-elementor-post-type=\"page\">\n\t\t\t\t<div class=\"elementor-element elementor-element-93c75e1 e-flex e-con-boxed e-con e-parent\" data-id=\"93c75e1\" data-element_type=\"container\" data-e-type=\"container\" data-settings=\"{&quot;background_background&quot;:&quot;classic&quot;}\">\n\t\t\t\t\t<div class=\"e-con-inner\">\n\t\t\t\t<div class=\"elementor-element elementor-element-81d49ca elementor-widget elementor-widget-text-editor\" data-id=\"81d49ca\" data-element_type=\"widget\" data-e-type=\"widget\" data-widget_type=\"text-editor.default\">\n\t\t\t\t<div class=\"elementor-widget-container\">\n\t\t\t\t\t\t\t\t\t<h2>1. Algemene informatie<\/h2><p>Overeenkomstig de artikelen 6-III en 19 van Wet nr. 2004-575 van 21 juni 2004 voor de<br \/>Vertrouwen in de digitale economie (LCEN), evenals de algemene verordening inzake<br \/>In het kader van de gegevensbescherming (AVG \u2013 EU 2016\/679) is de volgende informatie van toepassing:<br \/>onder de aandacht gebracht van de gebruikers van de site <strong>quentin-chauffeur-prive.fr<\/strong>.<br \/>Website-uitgever:<br \/><strong>\u2013 Bedrijfsnaam:<\/strong> ALEM QUENTIN SAS<br \/><strong>\u2013 Juridische status:<\/strong> SASU<br \/><strong>\u2013 SIRET:<\/strong> 93519598200019<br \/><strong>\u2013 Hoofdkantoor:<\/strong> 5 RUE DE CRONSTADT 54000 NANCY<br \/><strong>\u2013 APE-code:<\/strong> 49,32Z<br \/><strong>\u2013 Intracommunautair btw-nummer:<\/strong> FR19935195982<br \/><strong>\u2013 Verantwoordelijk voor publicatie:<\/strong> Quentin Alem, in zijn hoedanigheid als manager<br \/><strong>- Contact:<\/strong> <a href=\"mailto:quentinalem@outlook.com\">quentinalem@outlook.com<\/a><\/p><p><strong>Websitehost:<\/strong><\/p><p><strong>\u2013 Bedrijfsnaam:<\/strong> O2-schakelaar<br \/><strong>- Juridische status:<\/strong> SASU<br \/><strong>- Adres :<\/strong> Chemin des Pardiaux, 63000 Clermont-Ferrand, Frankrijk<br \/><strong>- Telefoon:<\/strong> 04 44 44 60 40<br \/><strong>\u2013 E-mail:<\/strong> <a href=\"mailto:support@o2switch.fr\">support@o2switch.fr<\/a><\/p><h2>2. Intellectueel eigendom<\/h2><p>De site <strong>quentin-chauffeur-prive.fr<\/strong> evenals alle inhoud ervan (teksten, afbeeldingen,<br \/>(afbeeldingen, logo&#039;s, video&#039;s, architectuur, databases, enz.) worden beschermd door de<br \/>De wetgeving inzake auteursrecht en intellectueel eigendom die van kracht is in Frankrijk en in<br \/>de Europese Unie.<br \/>Elke reproductie, weergave, wijziging, publicatie, overdracht,<br \/>vervorming, geheel of gedeeltelijk, van de site of de inhoud ervan, op welke wijze dan ook.<br \/>dit, zonder voorafgaande schriftelijke toestemming van <strong>Quentin, priv\u00e9chauffeur<\/strong>, is ten strengste verboden<br \/>en vormt een inbreuk die strafbaar is gesteld onder de artikelen L.335-2 e.v. van het Wetboek.<br \/>Intellectueel eigendom.<\/p><h2>3. Bescherming van persoonsgegevens<\/h2><p>In overeenstemming met de AVG en de gewijzigde Franse wet op de gegevensbescherming, <strong>Quentin, priv\u00e9chauffeur<\/strong><br \/>verbindt zich ertoe de bescherming van de persoonsgegevens van gebruikers te waarborgen.<\/p><p><strong>Verzamelde gegevens en doeleinden van de verwerking<br \/><\/strong><br \/>De persoonsgegevens die via de website worden verzameld <strong>quentin-chauffeur-prive.fr<\/strong>\u00a0worden gebruikt<br \/>uitsluitend in het kader van de aangeboden diensten, zoals:<br \/>\u2013 Het beheren van aanvragen via het contactformulier<br \/>\u2013 Het versturen van commerci\u00eble informatie (indien vooraf toestemming is gegeven)<br \/>\u2013 Verbetering van de website en de aangeboden diensten<\/p><p><strong>Juridische grondslag voor verwerking<br \/><\/strong><br \/>De gegevensverwerking is gebaseerd op de uitvoering van een contract en de toestemming van<br \/>de gebruiker of het legitieme belang van <strong>Quentin, priv\u00e9chauffeur<\/strong><strong>.<br \/><\/strong><br \/><strong>Houdbaarheid<\/strong><\/p><p>De gegevens worden maximaal 24 maanden bewaard vanaf de datum.<br \/>laatste contact of einde van de zakelijke relatie.<\/p><p><strong>Gebruikersrechten<\/strong><\/p><p>Volgens de AVG heeft u de volgende rechten met betrekking tot uw gegevens:<br \/><strong>\u2013 Recht van toegang<\/strong> (Artikel 15 AVG)<br \/><strong>\u2013 Recht op rectificatie<\/strong> (Artikel 16 AVG)<br \/><strong>\u2013 Recht op verwijdering<\/strong> (Recht om vergeten te worden) (Artikel 17 AVG)<br \/><strong>\u2013 Recht om de verwerking te beperken<\/strong> (Artikel 18 AVG)<br \/><strong>\u2013 Recht om bezwaar te maken<\/strong> (Artikel 21 AVG)<br \/><strong>\u2013 Recht op dataportabiliteit<\/strong> (Artikel 20 AVG)<\/p><p>U kunt uw rechten uitoefenen door contact op te nemen met <strong>Quentin, priv\u00e9chauffeur<\/strong> op het volgende adres:<br \/><a href=\"mailto:quentinalem@outlook.com\">quentinalem@outlook.com<\/a><br \/>Als u binnen een maand geen reactie ontvangt, heeft u het recht om een klacht in te dienen.<br \/>klacht indienen bij de CNIL (Nationale Commissie voor Informatietechnologie en Burgerlijke Vrijheden)<br \/>Vrijheden) via de offici\u00eble website: <a href=\"http:\/\/www.cnil.fr\">www.cnil.fr<\/a>.<\/p><h2>4. Verantwoordelijkheid en beperkingen<\/h2><p><strong>Quentin, priv\u00e9chauffeur<\/strong> streeft ernaar de nauwkeurigheid en actualiteit van de informatie te waarborgen.<br \/>gepubliceerd op deze site. De uitgever kan echter niet aansprakelijk worden gesteld voor fouten of<br \/>omissies, evenals alle directe of indirecte schade die voortvloeit uit<br \/>gebruik van de site.<\/p><p>De gebruiker is verantwoordelijk voor het geheimhouden van zijn of haar inloggegevens.<br \/>erkent dat het gebruik van de site geheel op eigen risico is.<\/p><h2>5. Cookiebeheer<\/h2><p>Tijdens uw bezoek aan <strong>quentin-chauffeur-prive.fr<\/strong>, Er kunnen cookies (trackers) worden ge\u00efnstalleerd.<br \/>op uw apparaat.<\/p><p><strong>Soorten cookies die worden gebruikt<\/strong><\/p><p><strong>\u2013 Strikt noodzakelijke cookies:<\/strong> essentieel voor een goede werking<br \/>van de site<br \/><strong>\u2013 Cookies voor publieksmeting:<\/strong> om de navigatie en inhoud te verbeteren<br \/><strong>\u2013 Personalisatiecookies:<\/strong> om je voorkeuren op te slaan<br \/><strong>\u2013 Cookies van derden:<\/strong> gebruikt door externe partners (Google, netwerken)<br \/>sociaal, enz.)<\/p><p><strong>Cookies beheren en weigeren<\/strong><\/p><p>Je kunt je voorkeuren beheren via de instellingen van je browser of via een<br \/>Toestemmingsbeheerder beschikbaar op de website.<br \/>U kunt ook de website van de CNIL raadplegen voor meer informatie.<br \/><a href=\"http:\/\/www.cnil.fr\/fr\/cookies-les-outils-pour-les-maitriser\">www.cnil.fr\/fr\/cookies-les-outils-pour-les-maitriser<\/a>.<\/p><h2>6. Toepasselijk recht en bevoegdheid<\/h2><p>Deze juridische mededelingen vallen onder het Franse recht. In geval van een geschil, en<br \/>Na een poging tot minnelijke schikking zijn de bevoegde rechtbanken die van<br \/>jurisdictie van het hoofdkantoor van <strong>Quentin, priv\u00e9chauffeur<\/strong>, tenzij anders bepaald door de wet.<\/p><h2>7. Wijziging van juridische kennisgevingen<\/h2><p><strong>Quentin, priv\u00e9chauffeur<\/strong> behoudt zich het recht voor om deze juridische kennisgevingen te allen tijde te wijzigen.<br \/>op dit moment om ervoor te zorgen dat ze voldoen aan de huidige wetgeving.<\/p>\t\t\t\t\t\t\t\t<\/div>\n\t\t\t\t<\/div>\n\t\t\t\t\t<\/div>\n\t\t\t\t<\/div>\n\t\t\t\t<\/div>","protected":false},"excerpt":{"rendered":"<p>1. Informations g\u00e9n\u00e9rales Conform\u00e9ment aux articles 6-III et 19 de la Loi n\u00b02004-575 du 21 juin 2004 pour laConfiance dans l\u2019\u00c9conomie Num\u00e9rique (LCEN), ainsi qu\u2019au R\u00e8glement G\u00e9n\u00e9ral surla Protection des Donn\u00e9es (RGPD \u2013 UE 2016\/679), les informations suivantes sontport\u00e9es \u00e0 la connaissance des utilisateurs du site quentin-chauffeur-prive.fr.\u00c9diteur du site :&#8211; D\u00e9nomination sociale : ALEM QUENTIN [&hellip;]<\/p>\n","protected":false},"author":4,"featured_media":0,"parent":0,"menu_order":0,"comment_status":"closed","ping_status":"closed","template":"","meta":{"footnotes":""},"class_list":["post-111","page","type-page","status-publish","hentry"],"aioseo_notices":[],"_links":{"self":[{"href":"https:\/\/quentin-chauffeur-prive.fr\/nl\/wp-json\/wp\/v2\/pages\/111","targetHints":{"allow":["GET"]}}],"collection":[{"href":"https:\/\/quentin-chauffeur-prive.fr\/nl\/wp-json\/wp\/v2\/pages"}],"about":[{"href":"https:\/\/quentin-chauffeur-prive.fr\/nl\/wp-json\/wp\/v2\/types\/page"}],"author":[{"embeddable":true,"href":"https:\/\/quentin-chauffeur-prive.fr\/nl\/wp-json\/wp\/v2\/users\/4"}],"replies":[{"embeddable":true,"href":"https:\/\/quentin-chauffeur-prive.fr\/nl\/wp-json\/wp\/v2\/comments?post=111"}],"version-history":[{"count":22,"href":"https:\/\/quentin-chauffeur-prive.fr\/nl\/wp-json\/wp\/v2\/pages\/111\/revisions"}],"predecessor-version":[{"id":389,"href":"https:\/\/quentin-chauffeur-prive.fr\/nl\/wp-json\/wp\/v2\/pages\/111\/revisions\/389"}],"wp:attachment":[{"href":"https:\/\/quentin-chauffeur-prive.fr\/nl\/wp-json\/wp\/v2\/media?parent=111"}],"curies":[{"name":"wp","href":"https:\/\/api.w.org\/{rel}","templated":true}]}}