{"id":673,"date":"2026-02-01T05:43:32","date_gmt":"2026-02-01T05:43:32","guid":{"rendered":"https:\/\/quentin-chauffeur-prive.fr\/?page_id=673"},"modified":"2026-02-01T23:51:26","modified_gmt":"2026-02-01T23:51:26","slug":"conditions-generales-de-vente","status":"publish","type":"page","link":"https:\/\/quentin-chauffeur-prive.fr\/nl\/algemene-verkoopvoorwaarden\/","title":{"rendered":"ALGEMENE VERKOOPVOORWAARDEN"},"content":{"rendered":"<div data-elementor-type=\"wp-page\" data-elementor-id=\"673\" class=\"elementor elementor-673\" data-elementor-post-type=\"page\">\n\t\t\t\t<div class=\"elementor-element elementor-element-7a2e831 e-flex e-con-boxed e-con e-parent\" data-id=\"7a2e831\" data-element_type=\"container\" data-e-type=\"container\">\n\t\t\t\t\t<div class=\"e-con-inner\">\n\t\t\t\t<div class=\"elementor-element elementor-element-00fec76 elementor-widget elementor-widget-html\" data-id=\"00fec76\" data-element_type=\"widget\" data-e-type=\"widget\" data-widget_type=\"html.default\">\n\t\t\t\t<div class=\"elementor-widget-container\">\n\t\t\t\t\t<section id=\"cgv\" class=\"cgv\">\n  <h1>Algemene verkoopvoorwaarden (AV)<\/h1>\n  <p><strong>Quentin, priv\u00e9chauffeur<\/strong><\/p>\n\n  <h2>Artikel 1 \u2013 Bedrijfsidentificatie<\/h2>\n  <p>\n    De site <strong>quentin-chauffeur-prive.fr<\/strong> wordt beheerd door:\n  <\/p>\n  <p>\n    <strong>ALEM QUENTIN<\/strong><br>\n    Vereenvoudigde naamloze vennootschap met \u00e9\u00e9n aandeelhouder (SASU)<br>\n    Aandelenkapitaal: \u20ac3.500<br>\n    Maatschappelijke zetel: 5 rue de Cronstadt, 54000 Nancy \u2013 Frankrijk<br>\n    RCS Nancy: 935 195 982<br>\n    Activiteit: Exploitatie van voertuigen met chauffeur (VTC)\n  <\/p>\n\n  <h2>Artikel 2 \u2013 Doel<\/h2>\n  <p>\n    Het doel van deze Algemene Verkoopvoorwaarden (AV) is het defini\u00ebren van de voorwaarden waaronder het bedrijf ALEM QUENTIN via haar website transportdiensten met chauffeur en bijbehorende diensten aanbiedt.\n  <\/p>\n\n  <h2>Artikel 3 \u2013 Toepassingsgebied<\/h2>\n  <p>\n    Deze algemene voorwaarden zijn van toepassing op alle boekingen die via de website worden gemaakt, door zowel particuliere als zakelijke klanten.\n  <\/p>\n  <p>\n    Deze voorwaarden zijn niet van toepassing op boekingen via platforms van derden of partnerapplicaties, die hun eigen contractuele voorwaarden hebben.\n  <\/p>\n\n  <h2>Artikel 4 \u2013 Aangeboden diensten<\/h2>\n  <p>De diensten die op de site worden aangeboden, omvatten onder meer:<\/p>\n  <ul>\n    <li>Het ter beschikking stellen van een voertuig met chauffeur (dienst per uur)<\/li>\n    <li>Georganiseerde toeristische rondreizen<\/li>\n    <li>Evenementenservices (bruiloften, familie- of priv\u00e9-evenementen)<\/li>\n    <li>Optionele extra services (voertuigdecoratie, levering van een fles champagne, specifieke opties)<\/li>\n    <li>Abonnementsgebaseerde partnerdiensten<\/li>\n  <\/ul>\n  <p>\n    De belangrijkste kenmerken van elke dienst worden op de website weergegeven.\n  <\/p>\n\n  <h2>Artikel 5 \u2013 Voorbehoud<\/h2>\n  <p>\n    Reserveringen worden uitsluitend via de website gemaakt. Alle reserveringen impliceren onvoorwaardelijke acceptatie van deze algemene voorwaarden.\n  <\/p>\n  <p>\n    Het bedrijf behoudt zich het recht voor om elke boeking te weigeren die duidelijk niet in overeenstemming is met of in strijd is met de geldende regelgeving.\n  <\/p>\n\n  <h2>Artikel 6 \u2013 Prijzen<\/h2>\n  <p>\n    De prijzen worden weergegeven in euro&#039;s, inclusief alle belastingen (TTC).\n  <\/p>\n  <p>\n    De geldende tarieven zijn de tarieven die gelden op het moment van boeking. Aanvullende diensten of opties zijn onderhevig aan extra kosten, die duidelijk worden aangegeven v\u00f3\u00f3r de bevestiging.\n  <\/p>\n\n  <h2>Artikel 7 \u2013 Betalingsvoorwaarden<\/h2>\n  <p>De betaling is gedaan:<\/p>\n  <ul>\n    <li><strong>Online<\/strong> bij het boeken voor:\n      <ul>\n        <li>toeristische routes<\/li>\n        <li>de bepaling<\/li>\n        <li>partnerabonnementen<\/li>\n      <\/ul>\n    <\/li>\n    <li><strong>Aan boord van het voertuig<\/strong>, wanneer deze optie wordt aangeboden<\/li>\n  <\/ul>\n  <p>Geaccepteerde betaalmethoden:<\/p>\n  <ul>\n    <li>Bankpas<\/li>\n    <li>Soort<\/li>\n  <\/ul>\n  <p>\n    Alle diensten moeten volledig worden betaald.\n  <\/p>\n\n  <h2>Artikel 8 \u2013 Recht op intrekking<\/h2>\n  <p>\n    Overeenkomstig artikel L221-28 van het Consumentenwetboek is het herroepingsrecht niet van toepassing op personenvervoersdiensten die op een specifieke datum of met specifieke tussenpozen worden aangeboden.\n  <\/p>\n\n  <h2>Artikel 9 \u2013 Annulering en afwezigheid van de klant<\/h2>\n  <h3>9.1 Annulering<\/h3>\n  <p>\n    Annuleringen zijn <strong>vrij<\/strong>, ongeacht de vertraging, zolang de klant maar contact opneemt v\u00f3\u00f3r de geplande tijd van de dienstverlening.\n  <\/p>\n\n  <h3>9.2 Afwezigheid van de klant (niet komen opdagen)<\/h3>\n  <p>\n    In geval van afwezigheid van de cli\u00ebnt op de overeengekomen plaats en tijd, <strong>Er vindt geen terugbetaling plaats.<\/strong>,de dienst wordt geacht verschuldigd te zijn.\n  <\/p>\n\n  <h2>Artikel 10 \u2013 Geografisch gebied van de dienstverlening<\/h2>\n  <ul>\n    <li>Toeristische routes: Lotharingen en de Elzas<\/li>\n    <li>Beschikbaar in: Nancy en omgeving<\/li>\n    <li>Overige diensten: onderhevig aan de voorwaarden die bij de boeking worden vermeld.<\/li>\n  <\/ul>\n\n  <h2>Artikel 11 \u2013 Aansprakelijkheid<\/h2>\n  <p>\n    Het bedrijf ALEM QUENTIN is onderworpen aan een vermogensverplichting.\n  <\/p>\n  <p>\n    Het bedrijf kan niet aansprakelijk worden gesteld voor vertragingen of het niet nakomen van verplichtingen als gevolg van omstandigheden buiten zijn controle (weersomstandigheden, verkeer, uitzonderlijke gebeurtenissen, overmacht).\n  <\/p>\n\n  <h2>Artikel 12 \u2013 Klantgedrag<\/h2>\n  <p>\n    Elk gevaarlijk, agressief of onwettig gedrag kan leiden tot onmiddellijke be\u00ebindiging van de dienst zonder restitutie.\n  <\/p>\n\n  <h2>Artikel 13 \u2013 Persoonsgegevens<\/h2>\n  <p>\n    De verzamelde persoonsgegevens worden uitsluitend gebruikt voor het beheer van reserveringen en in overeenstemming met de geldende wetgeving inzake gegevensbescherming.\n  <\/p>\n\n  <h2>Artikel 14 \u2013 Geschillen en toepasselijk recht<\/h2>\n  <p>\n    Deze algemene voorwaarden worden beheerst door het Franse recht.\n  <\/p>\n  <p>\n    In geval van een geschil zal eerst geprobeerd worden een minnelijke schikking te treffen alvorens gerechtelijke stappen te ondernemen. Indien dit niet lukt, zijn de bevoegde rechtbanken die van het rechtsgebied waar de statutaire zetel van de onderneming is gevestigd.\n  <\/p>\n\n  <h2>Artikel 15 \u2013 Aanvaarding van de algemene voorwaarden<\/h2>\n  <p>\n    Elke reservering die via de website wordt gemaakt, impliceert de volledige en onvoorwaardelijke acceptatie van deze algemene verkoopvoorwaarden.\n  <\/p>\n<\/section>\t\t\t\t<\/div>\n\t\t\t\t<\/div>\n\t\t\t\t\t<\/div>\n\t\t\t\t<\/div>\n\t\t\t\t<\/div>","protected":false},"excerpt":{"rendered":"<p>Conditions G\u00e9n\u00e9rales de Vente (CGV) Quentin Chauffeur Priv\u00e9 Article 1 \u2013 Identification de la soci\u00e9t\u00e9 Le site quentin-chauffeur-prive.fr est exploit\u00e9 par : ALEM QUENTIN Soci\u00e9t\u00e9 par actions simplifi\u00e9e \u00e0 associ\u00e9 unique (SASU) Capital social : 3 500 \u20ac Si\u00e8ge social : 5 rue de Cronstadt, 54000 Nancy \u2013 France RCS Nancy : 935 195 982 [&hellip;]<\/p>\n","protected":false},"author":4,"featured_media":0,"parent":0,"menu_order":0,"comment_status":"closed","ping_status":"closed","template":"","meta":{"footnotes":""},"class_list":["post-673","page","type-page","status-publish","hentry"],"aioseo_notices":[],"_links":{"self":[{"href":"https:\/\/quentin-chauffeur-prive.fr\/nl\/wp-json\/wp\/v2\/pages\/673","targetHints":{"allow":["GET"]}}],"collection":[{"href":"https:\/\/quentin-chauffeur-prive.fr\/nl\/wp-json\/wp\/v2\/pages"}],"about":[{"href":"https:\/\/quentin-chauffeur-prive.fr\/nl\/wp-json\/wp\/v2\/types\/page"}],"author":[{"embeddable":true,"href":"https:\/\/quentin-chauffeur-prive.fr\/nl\/wp-json\/wp\/v2\/users\/4"}],"replies":[{"embeddable":true,"href":"https:\/\/quentin-chauffeur-prive.fr\/nl\/wp-json\/wp\/v2\/comments?post=673"}],"version-history":[{"count":4,"href":"https:\/\/quentin-chauffeur-prive.fr\/nl\/wp-json\/wp\/v2\/pages\/673\/revisions"}],"predecessor-version":[{"id":679,"href":"https:\/\/quentin-chauffeur-prive.fr\/nl\/wp-json\/wp\/v2\/pages\/673\/revisions\/679"}],"wp:attachment":[{"href":"https:\/\/quentin-chauffeur-prive.fr\/nl\/wp-json\/wp\/v2\/media?parent=673"}],"curies":[{"name":"wp","href":"https:\/\/api.w.org\/{rel}","templated":true}]}}