{"id":673,"date":"2026-02-01T05:43:32","date_gmt":"2026-02-01T05:43:32","guid":{"rendered":"https:\/\/quentin-chauffeur-prive.fr\/?page_id=673"},"modified":"2026-02-01T23:51:26","modified_gmt":"2026-02-01T23:51:26","slug":"conditions-generales-de-vente","status":"publish","type":"page","link":"https:\/\/quentin-chauffeur-prive.fr\/ru\/\u043e\u0431\u0449\u0438\u0435-\u0443\u0441\u043b\u043e\u0432\u0438\u044f-\u043f\u0440\u043e\u0434\u0430\u0436\u0438\/","title":{"rendered":"\u041e\u0411\u0429\u0418\u0415 \u0423\u0421\u041b\u041e\u0412\u0418\u042f \u041f\u0420\u041e\u0414\u0410\u0416\u0418"},"content":{"rendered":"<div data-elementor-type=\"wp-page\" data-elementor-id=\"673\" class=\"elementor elementor-673\" data-elementor-post-type=\"page\">\n\t\t\t\t<div class=\"elementor-element elementor-element-7a2e831 e-flex e-con-boxed e-con e-parent\" data-id=\"7a2e831\" data-element_type=\"container\" data-e-type=\"container\">\n\t\t\t\t\t<div class=\"e-con-inner\">\n\t\t\t\t<div class=\"elementor-element elementor-element-00fec76 elementor-widget elementor-widget-html\" data-id=\"00fec76\" data-element_type=\"widget\" data-e-type=\"widget\" data-widget_type=\"html.default\">\n\t\t\t\t<div class=\"elementor-widget-container\">\n\t\t\t\t\t<section id=\"cgv\" class=\"cgv\">\n  <h1>\u041e\u0431\u0449\u0438\u0435 \u0443\u0441\u043b\u043e\u0432\u0438\u044f \u043f\u0440\u043e\u0434\u0430\u0436\u0438 (\u041e\u0423\u041f)<\/h1>\n  <p><strong>\u041a\u0432\u0435\u043d\u0442\u0438\u043d \u0427\u0430\u0441\u0442\u043d\u044b\u0439 \u0448\u043e\u0444\u0435\u0440<\/strong><\/p>\n\n  <h2>\u0421\u0442\u0430\u0442\u044c\u044f 1 \u2013 \u0418\u0434\u0435\u043d\u0442\u0438\u0444\u0438\u043a\u0430\u0446\u0438\u044f \u043a\u043e\u043c\u043f\u0430\u043d\u0438\u0438<\/h2>\n  <p>\n    \u0421\u0430\u0439\u0442 <strong>quentin-chauffeur-prive.fr<\/strong> \u0443\u043f\u0440\u0430\u0432\u043b\u044f\u0435\u0442\u0441\u044f:\n  <\/p>\n  <p>\n    <strong>\u0410\u041b\u0415\u041c \u041a\u0412\u0415\u041d\u0422\u0418\u041d<\/strong><br>\n    \u0423\u043f\u0440\u043e\u0449\u0435\u043d\u043d\u043e\u0435 \u0430\u043a\u0446\u0438\u043e\u043d\u0435\u0440\u043d\u043e\u0435 \u043e\u0431\u0449\u0435\u0441\u0442\u0432\u043e \u0441 \u043e\u0434\u043d\u0438\u043c \u0430\u043a\u0446\u0438\u043e\u043d\u0435\u0440\u043e\u043c (\u0423\u0410\u0421\u0423)<br>\n    \u0423\u0441\u0442\u0430\u0432\u043d\u044b\u0439 \u043a\u0430\u043f\u0438\u0442\u0430\u043b: 3500 \u0435\u0432\u0440\u043e<br>\n    \u042e\u0440\u0438\u0434\u0438\u0447\u0435\u0441\u043a\u0438\u0439 \u0430\u0434\u0440\u0435\u0441: 5 rue de Cronstadt, 54000 \u041d\u0430\u043d\u0441\u0438 \u2013 \u0424\u0440\u0430\u043d\u0446\u0438\u044f.<br>\n    RCS \u041d\u044d\u043d\u0441\u0438: 935 195 982<br>\n    \u0412\u0438\u0434 \u0434\u0435\u044f\u0442\u0435\u043b\u044c\u043d\u043e\u0441\u0442\u0438: \u042d\u043a\u0441\u043f\u043b\u0443\u0430\u0442\u0430\u0446\u0438\u044f \u0430\u0432\u0442\u043e\u043c\u043e\u0431\u0438\u043b\u0435\u0439 \u0441 \u0432\u043e\u0434\u0438\u0442\u0435\u043b\u0435\u043c (VTC)\n  <\/p>\n\n  <h2>\u0421\u0442\u0430\u0442\u044c\u044f 2 \u2013 \u0426\u0435\u043b\u044c<\/h2>\n  <p>\n    \u0426\u0435\u043b\u044c \u043d\u0430\u0441\u0442\u043e\u044f\u0449\u0438\u0445 \u041e\u0431\u0449\u0438\u0445 \u0443\u0441\u043b\u043e\u0432\u0438\u0439 \u043f\u0440\u043e\u0434\u0430\u0436\u0438 (\u041e\u0423\u041f) \u2014 \u043e\u043f\u0440\u0435\u0434\u0435\u043b\u0438\u0442\u044c \u0443\u0441\u043b\u043e\u0432\u0438\u044f, \u043d\u0430 \u043a\u043e\u0442\u043e\u0440\u044b\u0445 \u043a\u043e\u043c\u043f\u0430\u043d\u0438\u044f ALEM QUENTIN \u0447\u0435\u0440\u0435\u0437 \u0441\u0432\u043e\u0439 \u0432\u0435\u0431-\u0441\u0430\u0439\u0442 \u043f\u0440\u0435\u0434\u043b\u0430\u0433\u0430\u0435\u0442 \u0442\u0440\u0430\u043d\u0441\u043f\u043e\u0440\u0442\u043d\u044b\u0435 \u0443\u0441\u043b\u0443\u0433\u0438 \u0441 \u0432\u043e\u0434\u0438\u0442\u0435\u043b\u0435\u043c \u0438 \u0441\u043e\u043f\u0443\u0442\u0441\u0442\u0432\u0443\u044e\u0449\u0438\u0435 \u0443\u0441\u043b\u0443\u0433\u0438.\n  <\/p>\n\n  <h2>\u0421\u0442\u0430\u0442\u044c\u044f 3 \u2013 \u0421\u0444\u0435\u0440\u0430 \u043f\u0440\u0438\u043c\u0435\u043d\u0435\u043d\u0438\u044f<\/h2>\n  <p>\n    \u041d\u0430\u0441\u0442\u043e\u044f\u0449\u0438\u0435 \u0423\u0441\u043b\u043e\u0432\u0438\u044f \u0438 \u043f\u043e\u043b\u043e\u0436\u0435\u043d\u0438\u044f \u043f\u0440\u0438\u043c\u0435\u043d\u044f\u044e\u0442\u0441\u044f \u043a\u043e \u0432\u0441\u0435\u043c \u0431\u0440\u043e\u043d\u0438\u0440\u043e\u0432\u0430\u043d\u0438\u044f\u043c, \u043e\u0444\u043e\u0440\u043c\u043b\u0435\u043d\u043d\u044b\u043c \u0447\u0435\u0440\u0435\u0437 \u0432\u0435\u0431-\u0441\u0430\u0439\u0442 \u0447\u0430\u0441\u0442\u043d\u044b\u043c\u0438 \u0438\u043b\u0438 \u043f\u0440\u043e\u0444\u0435\u0441\u0441\u0438\u043e\u043d\u0430\u043b\u044c\u043d\u044b\u043c\u0438 \u043a\u043b\u0438\u0435\u043d\u0442\u0430\u043c\u0438.\n  <\/p>\n  <p>\n    \u041e\u043d\u0438 \u043d\u0435 \u0440\u0430\u0441\u043f\u0440\u043e\u0441\u0442\u0440\u0430\u043d\u044f\u044e\u0442\u0441\u044f \u043d\u0430 \u0431\u0440\u043e\u043d\u0438\u0440\u043e\u0432\u0430\u043d\u0438\u044f, \u0441\u0434\u0435\u043b\u0430\u043d\u043d\u044b\u0435 \u0447\u0435\u0440\u0435\u0437 \u0441\u0442\u043e\u0440\u043e\u043d\u043d\u0438\u0435 \u043f\u043b\u0430\u0442\u0444\u043e\u0440\u043c\u044b \u0438\u043b\u0438 \u043f\u0430\u0440\u0442\u043d\u0435\u0440\u0441\u043a\u0438\u0435 \u043f\u0440\u0438\u043b\u043e\u0436\u0435\u043d\u0438\u044f, \u043a\u043e\u0442\u043e\u0440\u044b\u0435 \u0438\u043c\u0435\u044e\u0442 \u0441\u0432\u043e\u0438 \u0441\u043e\u0431\u0441\u0442\u0432\u0435\u043d\u043d\u044b\u0435 \u0434\u043e\u0433\u043e\u0432\u043e\u0440\u043d\u044b\u0435 \u0443\u0441\u043b\u043e\u0432\u0438\u044f.\n  <\/p>\n\n  <h2>\u0421\u0442\u0430\u0442\u044c\u044f 4 \u2013 \u041f\u0440\u0435\u0434\u043b\u0430\u0433\u0430\u0435\u043c\u044b\u0435 \u0443\u0441\u043b\u0443\u0433\u0438<\/h2>\n  <p>\u0423\u0441\u043b\u0443\u0433\u0438, \u043f\u0440\u0435\u0434\u043b\u0430\u0433\u0430\u0435\u043c\u044b\u0435 \u043d\u0430 \u0441\u0430\u0439\u0442\u0435, \u0432\u043a\u043b\u044e\u0447\u0430\u044e\u0442, \u043f\u043e\u043c\u0438\u043c\u043e \u043f\u0440\u043e\u0447\u0435\u0433\u043e:<\/p>\n  <ul>\n    <li>\u041f\u0440\u0435\u0434\u043e\u0441\u0442\u0430\u0432\u043b\u0435\u043d\u0438\u0435 \u0442\u0440\u0430\u043d\u0441\u043f\u043e\u0440\u0442\u043d\u043e\u0433\u043e \u0441\u0440\u0435\u0434\u0441\u0442\u0432\u0430 \u0441 \u0432\u043e\u0434\u0438\u0442\u0435\u043b\u0435\u043c (\u043f\u043e\u0447\u0430\u0441\u043e\u0432\u0430\u044f \u043e\u043f\u043b\u0430\u0442\u0430)<\/li>\n    <li>\u041e\u0440\u0433\u0430\u043d\u0438\u0437\u043e\u0432\u0430\u043d\u043d\u044b\u0435 \u0442\u0443\u0440\u0438\u0441\u0442\u0438\u0447\u0435\u0441\u043a\u0438\u0435 \u043c\u0430\u0440\u0448\u0440\u0443\u0442\u044b<\/li>\n    <li>\u041e\u0440\u0433\u0430\u043d\u0438\u0437\u0430\u0446\u0438\u044f \u043c\u0435\u0440\u043e\u043f\u0440\u0438\u044f\u0442\u0438\u0439 (\u0441\u0432\u0430\u0434\u044c\u0431\u044b, \u0441\u0435\u043c\u0435\u0439\u043d\u044b\u0435 \u0438\u043b\u0438 \u0447\u0430\u0441\u0442\u043d\u044b\u0435 \u0442\u043e\u0440\u0436\u0435\u0441\u0442\u0432\u0430)<\/li>\n    <li>\u0414\u043e\u043f\u043e\u043b\u043d\u0438\u0442\u0435\u043b\u044c\u043d\u044b\u0435 \u0443\u0441\u043b\u0443\u0433\u0438 (\u0443\u043a\u0440\u0430\u0448\u0435\u043d\u0438\u0435 \u0430\u0432\u0442\u043e\u043c\u043e\u0431\u0438\u043b\u044f, \u043f\u0440\u0435\u0434\u043e\u0441\u0442\u0430\u0432\u043b\u0435\u043d\u0438\u0435 \u0431\u0443\u0442\u044b\u043b\u043a\u0438 \u0448\u0430\u043c\u043f\u0430\u043d\u0441\u043a\u043e\u0433\u043e, \u043e\u0441\u043e\u0431\u044b\u0435 \u043f\u043e\u0436\u0435\u043b\u0430\u043d\u0438\u044f) \u043f\u043e \u0436\u0435\u043b\u0430\u043d\u0438\u044e.<\/li>\n    <li>\u041f\u0430\u0440\u0442\u043d\u0435\u0440\u0441\u043a\u0438\u0435 \u0443\u0441\u043b\u0443\u0433\u0438 \u043d\u0430 \u043e\u0441\u043d\u043e\u0432\u0435 \u043f\u043e\u0434\u043f\u0438\u0441\u043a\u0438<\/li>\n  <\/ul>\n  <p>\n    \u041e\u0441\u043d\u043e\u0432\u043d\u044b\u0435 \u0445\u0430\u0440\u0430\u043a\u0442\u0435\u0440\u0438\u0441\u0442\u0438\u043a\u0438 \u043a\u0430\u0436\u0434\u043e\u0439 \u0443\u0441\u043b\u0443\u0433\u0438 \u043f\u0440\u0435\u0434\u0441\u0442\u0430\u0432\u043b\u0435\u043d\u044b \u043d\u0430 \u0441\u0430\u0439\u0442\u0435.\n  <\/p>\n\n  <h2>\u0421\u0442\u0430\u0442\u044c\u044f 5 \u2013 \u0420\u0435\u0437\u0435\u0440\u0432\u0438\u0440\u043e\u0432\u0430\u043d\u0438\u0435<\/h2>\n  <p>\n    \u0411\u0440\u043e\u043d\u0438\u0440\u043e\u0432\u0430\u043d\u0438\u0435 \u043e\u0441\u0443\u0449\u0435\u0441\u0442\u0432\u043b\u044f\u0435\u0442\u0441\u044f \u0438\u0441\u043a\u043b\u044e\u0447\u0438\u0442\u0435\u043b\u044c\u043d\u043e \u0447\u0435\u0440\u0435\u0437 \u0432\u0435\u0431-\u0441\u0430\u0439\u0442. \u0412\u0441\u0435 \u0431\u0440\u043e\u043d\u0438\u0440\u043e\u0432\u0430\u043d\u0438\u044f \u043f\u043e\u0434\u0440\u0430\u0437\u0443\u043c\u0435\u0432\u0430\u044e\u0442 \u0431\u0435\u0437\u043e\u0433\u043e\u0432\u043e\u0440\u043e\u0447\u043d\u043e\u0435 \u043f\u0440\u0438\u043d\u044f\u0442\u0438\u0435 \u043d\u0430\u0441\u0442\u043e\u044f\u0449\u0438\u0445 \u0423\u0441\u043b\u043e\u0432\u0438\u0439 \u0438 \u043f\u043e\u043b\u043e\u0436\u0435\u043d\u0438\u0439.\n  <\/p>\n  <p>\n    \u041a\u043e\u043c\u043f\u0430\u043d\u0438\u044f \u043e\u0441\u0442\u0430\u0432\u043b\u044f\u0435\u0442 \u0437\u0430 \u0441\u043e\u0431\u043e\u0439 \u043f\u0440\u0430\u0432\u043e \u043e\u0442\u043a\u0430\u0437\u0430\u0442\u044c \u0432 \u043b\u044e\u0431\u043e\u043c \u0431\u0440\u043e\u043d\u0438\u0440\u043e\u0432\u0430\u043d\u0438\u0438, \u043a\u043e\u0442\u043e\u0440\u043e\u0435 \u044f\u0432\u043d\u043e \u043d\u0435 \u0441\u043e\u043e\u0442\u0432\u0435\u0442\u0441\u0442\u0432\u0443\u0435\u0442 \u0434\u0435\u0439\u0441\u0442\u0432\u0443\u044e\u0449\u0438\u043c \u043f\u0440\u0430\u0432\u0438\u043b\u0430\u043c \u0438\u043b\u0438 \u043f\u0440\u043e\u0442\u0438\u0432\u043e\u0440\u0435\u0447\u0438\u0442 \u0438\u043c.\n  <\/p>\n\n  <h2>\u0421\u0442\u0430\u0442\u044c\u044f 6 \u2013 \u0426\u0435\u043d\u044b<\/h2>\n  <p>\n    \u0426\u0435\u043d\u044b \u0443\u043a\u0430\u0437\u0430\u043d\u044b \u0432 \u0435\u0432\u0440\u043e, \u0432\u043a\u043b\u044e\u0447\u0430\u044f \u0432\u0441\u0435 \u043d\u0430\u043b\u043e\u0433\u0438 (TTC).\n  <\/p>\n  <p>\n    \u0414\u0435\u0439\u0441\u0442\u0432\u0443\u044e\u0449\u0438\u0435 \u0442\u0430\u0440\u0438\u0444\u044b \u2014 \u044d\u0442\u043e \u0442\u0430\u0440\u0438\u0444\u044b, \u0432\u0441\u0442\u0443\u043f\u0438\u0432\u0448\u0438\u0435 \u0432 \u0441\u0438\u043b\u0443 \u043d\u0430 \u043c\u043e\u043c\u0435\u043d\u0442 \u0431\u0440\u043e\u043d\u0438\u0440\u043e\u0432\u0430\u043d\u0438\u044f. \u0414\u043e\u043f\u043e\u043b\u043d\u0438\u0442\u0435\u043b\u044c\u043d\u044b\u0435 \u0443\u0441\u043b\u0443\u0433\u0438 \u0438\u043b\u0438 \u043e\u043f\u0446\u0438\u0438 \u043e\u043f\u043b\u0430\u0447\u0438\u0432\u0430\u044e\u0442\u0441\u044f \u043e\u0442\u0434\u0435\u043b\u044c\u043d\u043e, \u0438 \u044d\u0442\u0430 \u0438\u043d\u0444\u043e\u0440\u043c\u0430\u0446\u0438\u044f \u0431\u0443\u0434\u0435\u0442 \u0447\u0435\u0442\u043a\u043e \u0443\u043a\u0430\u0437\u0430\u043d\u0430 \u0434\u043e \u043f\u043e\u0434\u0442\u0432\u0435\u0440\u0436\u0434\u0435\u043d\u0438\u044f \u0431\u0440\u043e\u043d\u0438\u0440\u043e\u0432\u0430\u043d\u0438\u044f.\n  <\/p>\n\n  <h2>\u0421\u0442\u0430\u0442\u044c\u044f 7 \u2013 \u0423\u0441\u043b\u043e\u0432\u0438\u044f \u043e\u043f\u043b\u0430\u0442\u044b<\/h2>\n  <p>\u041e\u043f\u043b\u0430\u0442\u0430 \u043f\u0440\u043e\u0438\u0437\u0432\u0435\u0434\u0435\u043d\u0430:<\/p>\n  <ul>\n    <li><strong>\u041e\u043d\u043b\u0430\u0439\u043d<\/strong> \u043f\u0440\u0438 \u0431\u0440\u043e\u043d\u0438\u0440\u043e\u0432\u0430\u043d\u0438\u0438:\n      <ul>\n        <li>\u0442\u0443\u0440\u0438\u0441\u0442\u0438\u0447\u0435\u0441\u043a\u0438\u0435 \u043c\u0430\u0440\u0448\u0440\u0443\u0442\u044b<\/li>\n        <li>\u043f\u043e\u043b\u043e\u0436\u0435\u043d\u0438\u0435<\/li>\n        <li>\u043f\u0430\u0440\u0442\u043d\u0435\u0440\u0441\u043a\u0438\u0435 \u043f\u043e\u0434\u043f\u0438\u0441\u043a\u0438<\/li>\n      <\/ul>\n    <\/li>\n    <li><strong>\u041d\u0430 \u0431\u043e\u0440\u0442\u0443 \u0442\u0440\u0430\u043d\u0441\u043f\u043e\u0440\u0442\u043d\u043e\u0433\u043e \u0441\u0440\u0435\u0434\u0441\u0442\u0432\u0430<\/strong>, \u043a\u043e\u0433\u0434\u0430 \u043f\u0440\u0435\u0434\u043b\u0430\u0433\u0430\u0435\u0442\u0441\u044f \u044d\u0442\u0430 \u043e\u043f\u0446\u0438\u044f<\/li>\n  <\/ul>\n  <p>\u041f\u0440\u0438\u043d\u0438\u043c\u0430\u0435\u043c\u044b\u0435 \u0441\u043f\u043e\u0441\u043e\u0431\u044b \u043e\u043f\u043b\u0430\u0442\u044b:<\/p>\n  <ul>\n    <li>\u0411\u0430\u043d\u043a\u043e\u0432\u0441\u043a\u0430\u044f \u043a\u0430\u0440\u0442\u0430<\/li>\n    <li>\u0420\u0430\u0437\u043d\u043e\u0432\u0438\u0434\u043d\u043e\u0441\u0442\u044c<\/li>\n  <\/ul>\n  <p>\n    \u0412\u0441\u0435 \u0443\u0441\u043b\u0443\u0433\u0438 \u0434\u043e\u043b\u0436\u043d\u044b \u0431\u044b\u0442\u044c \u043e\u043f\u043b\u0430\u0447\u0435\u043d\u044b \u0432 \u043f\u043e\u043b\u043d\u043e\u043c \u043e\u0431\u044a\u0435\u043c\u0435.\n  <\/p>\n\n  <h2>\u0421\u0442\u0430\u0442\u044c\u044f 8 \u2013 \u041f\u0440\u0430\u0432\u043e \u043d\u0430 \u043e\u0442\u043a\u0430\u0437 \u043e\u0442 \u0434\u043e\u0433\u043e\u0432\u043e\u0440\u0430<\/h2>\n  <p>\n    \u0412 \u0441\u043e\u043e\u0442\u0432\u0435\u0442\u0441\u0442\u0432\u0438\u0438 \u0441\u043e \u0441\u0442\u0430\u0442\u044c\u0435\u0439 L221-28 \u041a\u043e\u0434\u0435\u043a\u0441\u0430 \u043e \u0437\u0430\u0449\u0438\u0442\u0435 \u043f\u0440\u0430\u0432 \u043f\u043e\u0442\u0440\u0435\u0431\u0438\u0442\u0435\u043b\u0435\u0439, \u043f\u0440\u0430\u0432\u043e \u043d\u0430 \u043e\u0442\u043a\u0430\u0437 \u043e\u0442 \u0434\u043e\u0433\u043e\u0432\u043e\u0440\u0430 \u043d\u0435 \u0440\u0430\u0441\u043f\u0440\u043e\u0441\u0442\u0440\u0430\u043d\u044f\u0435\u0442\u0441\u044f \u043d\u0430 \u0443\u0441\u043b\u0443\u0433\u0438 \u043f\u0430\u0441\u0441\u0430\u0436\u0438\u0440\u0441\u043a\u0438\u0445 \u043f\u0435\u0440\u0435\u0432\u043e\u0437\u043e\u043a, \u043f\u0440\u0435\u0434\u043e\u0441\u0442\u0430\u0432\u043b\u044f\u0435\u043c\u044b\u0435 \u0432 \u043e\u043f\u0440\u0435\u0434\u0435\u043b\u0435\u043d\u043d\u0443\u044e \u0434\u0430\u0442\u0443 \u0438\u043b\u0438 \u0441 \u043e\u043f\u0440\u0435\u0434\u0435\u043b\u0435\u043d\u043d\u043e\u0439 \u043f\u0435\u0440\u0438\u043e\u0434\u0438\u0447\u043d\u043e\u0441\u0442\u044c\u044e.\n  <\/p>\n\n  <h2>\u0421\u0442\u0430\u0442\u044c\u044f 9 \u2013 \u041e\u0442\u043c\u0435\u043d\u0430 \u0437\u0430\u043a\u0430\u0437\u0430 \u0438 \u043e\u0442\u0441\u0443\u0442\u0441\u0442\u0432\u0438\u0435 \u043a\u043b\u0438\u0435\u043d\u0442\u0430<\/h2>\n  <h3>9.1 \u041e\u0442\u043c\u0435\u043d\u0430<\/h3>\n  <p>\n    \u041e\u0442\u043c\u0435\u043d\u0430 \u0431\u0440\u043e\u043d\u0438\u0440\u043e\u0432\u0430\u043d\u0438\u044f \u043d\u0435\u0432\u043e\u0437\u043c\u043e\u0436\u043d\u0430. <strong>\u0431\u0435\u0441\u043f\u043b\u0430\u0442\u043d\u043e<\/strong>, \u041d\u0435\u0437\u0430\u0432\u0438\u0441\u0438\u043c\u043e \u043e\u0442 \u0437\u0430\u0434\u0435\u0440\u0436\u043a\u0438, \u043f\u0440\u0438 \u0443\u0441\u043b\u043e\u0432\u0438\u0438, \u0447\u0442\u043e \u043a\u043b\u0438\u0435\u043d\u0442 \u0441\u0432\u044f\u0436\u0435\u0442\u0441\u044f \u0441 \u0432\u0430\u043c\u0438 \u0434\u043e \u0437\u0430\u043f\u043b\u0430\u043d\u0438\u0440\u043e\u0432\u0430\u043d\u043d\u043e\u0433\u043e \u0432\u0440\u0435\u043c\u0435\u043d\u0438 \u043e\u043a\u0430\u0437\u0430\u043d\u0438\u044f \u0443\u0441\u043b\u0443\u0433\u0438.\n  <\/p>\n\n  <h3>9.2 \u041e\u0442\u0441\u0443\u0442\u0441\u0442\u0432\u0438\u0435 \u043a\u043b\u0438\u0435\u043d\u0442\u0430 (\u043d\u0435\u044f\u0432\u043a\u0430)<\/h3>\n  <p>\n    \u0412 \u0441\u043b\u0443\u0447\u0430\u0435 \u043e\u0442\u0441\u0443\u0442\u0441\u0442\u0432\u0438\u044f \u043a\u043b\u0438\u0435\u043d\u0442\u0430 \u0432 \u0441\u043e\u0433\u043b\u0430\u0441\u043e\u0432\u0430\u043d\u043d\u043e\u043c \u043c\u0435\u0441\u0442\u0435 \u0438 \u0432\u0440\u0435\u043c\u0435\u043d\u0438, <strong>\u0412\u043e\u0437\u0432\u0440\u0430\u0442 \u0434\u0435\u043d\u0435\u0436\u043d\u044b\u0445 \u0441\u0440\u0435\u0434\u0441\u0442\u0432 \u043d\u0435 \u043f\u0440\u043e\u0438\u0437\u0432\u043e\u0434\u0438\u0442\u0441\u044f.<\/strong>,\u0443\u0441\u043b\u0443\u0433\u0430 \u0441\u0447\u0438\u0442\u0430\u0435\u0442\u0441\u044f \u043f\u043e\u0434\u043b\u0435\u0436\u0430\u0449\u0435\u0439 \u043e\u043f\u043b\u0430\u0442\u0435.\n  <\/p>\n\n  <h2>\u0421\u0442\u0430\u0442\u044c\u044f 10 \u2013 \u0413\u0435\u043e\u0433\u0440\u0430\u0444\u0438\u0447\u0435\u0441\u043a\u0430\u044f \u0437\u043e\u043d\u0430 \u043e\u0431\u0441\u043b\u0443\u0436\u0438\u0432\u0430\u043d\u0438\u044f<\/h2>\n  <ul>\n    <li>\u0422\u0443\u0440\u0438\u0441\u0442\u0438\u0447\u0435\u0441\u043a\u0438\u0435 \u043c\u0430\u0440\u0448\u0440\u0443\u0442\u044b: \u041b\u043e\u0442\u0430\u0440\u0438\u043d\u0433\u0438\u044f \u0438 \u042d\u043b\u044c\u0437\u0430\u0441<\/li>\n    <li>\u0414\u043e\u0441\u0442\u0443\u043f\u043d\u043e \u0432: \u041d\u0430\u043d\u0441\u0438 \u0438 \u043e\u043a\u0440\u0435\u0441\u0442\u043d\u043e\u0441\u0442\u044f\u0445.<\/li>\n    <li>\u041f\u0440\u043e\u0447\u0438\u0435 \u0443\u0441\u043b\u0443\u0433\u0438: \u043f\u0440\u0435\u0434\u043e\u0441\u0442\u0430\u0432\u043b\u044f\u044e\u0442\u0441\u044f \u0432 \u0441\u043e\u043e\u0442\u0432\u0435\u0442\u0441\u0442\u0432\u0438\u0438 \u0441 \u0443\u0441\u043b\u043e\u0432\u0438\u044f\u043c\u0438, \u0443\u043a\u0430\u0437\u0430\u043d\u043d\u044b\u043c\u0438 \u043f\u0440\u0438 \u0431\u0440\u043e\u043d\u0438\u0440\u043e\u0432\u0430\u043d\u0438\u0438.<\/li>\n  <\/ul>\n\n  <h2>\u0421\u0442\u0430\u0442\u044c\u044f 11 \u2013 \u041e\u0442\u0432\u0435\u0442\u0441\u0442\u0432\u0435\u043d\u043d\u043e\u0441\u0442\u044c<\/h2>\n  <p>\n    \u041a\u043e\u043c\u043f\u0430\u043d\u0438\u044f ALEM QUENTIN \u043d\u0435\u0441\u0435\u0442 \u043e\u0431\u044f\u0437\u0430\u0442\u0435\u043b\u044c\u0441\u0442\u0432\u043e \u043f\u043e \u043e\u0431\u0435\u0441\u043f\u0435\u0447\u0435\u043d\u0438\u044e \u0444\u0438\u043d\u0430\u043d\u0441\u043e\u0432\u043e\u0439 \u0441\u043e\u0441\u0442\u043e\u044f\u0442\u0435\u043b\u044c\u043d\u043e\u0441\u0442\u0438.\n  <\/p>\n  <p>\n    \u041a\u043e\u043c\u043f\u0430\u043d\u0438\u044f \u043d\u0435 \u043d\u0435\u0441\u0435\u0442 \u043e\u0442\u0432\u0435\u0442\u0441\u0442\u0432\u0435\u043d\u043d\u043e\u0441\u0442\u0438 \u0437\u0430 \u0437\u0430\u0434\u0435\u0440\u0436\u043a\u0438 \u0438\u043b\u0438 \u043d\u0435\u0432\u044b\u043f\u043e\u043b\u043d\u0435\u043d\u0438\u0435 \u043e\u0431\u044f\u0437\u0430\u0442\u0435\u043b\u044c\u0441\u0442\u0432, \u0432\u044b\u0437\u0432\u0430\u043d\u043d\u044b\u0435 \u043e\u0431\u0441\u0442\u043e\u044f\u0442\u0435\u043b\u044c\u0441\u0442\u0432\u0430\u043c\u0438, \u043d\u0435 \u0437\u0430\u0432\u0438\u0441\u044f\u0449\u0438\u043c\u0438 \u043e\u0442 \u043d\u0435\u0435 (\u043f\u043e\u0433\u043e\u0434\u043d\u044b\u0435 \u0443\u0441\u043b\u043e\u0432\u0438\u044f, \u0442\u0440\u0430\u043d\u0441\u043f\u043e\u0440\u0442\u043d\u0430\u044f \u0441\u0438\u0442\u0443\u0430\u0446\u0438\u044f, \u0438\u0441\u043a\u043b\u044e\u0447\u0438\u0442\u0435\u043b\u044c\u043d\u044b\u0435 \u0441\u043e\u0431\u044b\u0442\u0438\u044f, \u0444\u043e\u0440\u0441-\u043c\u0430\u0436\u043e\u0440\u043d\u044b\u0435 \u043e\u0431\u0441\u0442\u043e\u044f\u0442\u0435\u043b\u044c\u0441\u0442\u0432\u0430).\n  <\/p>\n\n  <h2>\u0421\u0442\u0430\u0442\u044c\u044f 12 \u2013 \u041f\u043e\u0432\u0435\u0434\u0435\u043d\u0438\u0435 \u043f\u043e\u0442\u0440\u0435\u0431\u0438\u0442\u0435\u043b\u0435\u0439<\/h2>\n  <p>\n    \u041b\u044e\u0431\u043e\u0435 \u043e\u043f\u0430\u0441\u043d\u043e\u0435, \u0430\u0433\u0440\u0435\u0441\u0441\u0438\u0432\u043d\u043e\u0435 \u0438\u043b\u0438 \u043f\u0440\u043e\u0442\u0438\u0432\u043e\u043f\u0440\u0430\u0432\u043d\u043e\u0435 \u043f\u043e\u0432\u0435\u0434\u0435\u043d\u0438\u0435 \u043c\u043e\u0436\u0435\u0442 \u043f\u0440\u0438\u0432\u0435\u0441\u0442\u0438 \u043a \u043d\u0435\u043c\u0435\u0434\u043b\u0435\u043d\u043d\u043e\u043c\u0443 \u043f\u0440\u0435\u043a\u0440\u0430\u0449\u0435\u043d\u0438\u044e \u043f\u0440\u0435\u0434\u043e\u0441\u0442\u0430\u0432\u043b\u0435\u043d\u0438\u044f \u0443\u0441\u043b\u0443\u0433\u0438 \u0431\u0435\u0437 \u0432\u043e\u0437\u0432\u0440\u0430\u0442\u0430 \u0434\u0435\u043d\u0435\u0436\u043d\u044b\u0445 \u0441\u0440\u0435\u0434\u0441\u0442\u0432.\n  <\/p>\n\n  <h2>\u0421\u0442\u0430\u0442\u044c\u044f 13 \u2013 \u041f\u0435\u0440\u0441\u043e\u043d\u0430\u043b\u044c\u043d\u044b\u0435 \u0434\u0430\u043d\u043d\u044b\u0435<\/h2>\n  <p>\n    \u0421\u043e\u0431\u0440\u0430\u043d\u043d\u044b\u0435 \u043f\u0435\u0440\u0441\u043e\u043d\u0430\u043b\u044c\u043d\u044b\u0435 \u0434\u0430\u043d\u043d\u044b\u0435 \u0438\u0441\u043f\u043e\u043b\u044c\u0437\u0443\u044e\u0442\u0441\u044f \u0438\u0441\u043a\u043b\u044e\u0447\u0438\u0442\u0435\u043b\u044c\u043d\u043e \u0434\u043b\u044f \u0443\u043f\u0440\u0430\u0432\u043b\u0435\u043d\u0438\u044f \u0431\u0440\u043e\u043d\u0438\u0440\u043e\u0432\u0430\u043d\u0438\u044f\u043c\u0438 \u0438 \u0432 \u0441\u043e\u043e\u0442\u0432\u0435\u0442\u0441\u0442\u0432\u0438\u0438 \u0441 \u0434\u0435\u0439\u0441\u0442\u0432\u0443\u044e\u0449\u0438\u043c\u0438 \u043f\u0440\u0430\u0432\u0438\u043b\u0430\u043c\u0438 \u0437\u0430\u0449\u0438\u0442\u044b \u0434\u0430\u043d\u043d\u044b\u0445.\n  <\/p>\n\n  <h2>\u0421\u0442\u0430\u0442\u044c\u044f 14 \u2013 \u0421\u043f\u043e\u0440\u044b \u0438 \u043f\u0440\u0438\u043c\u0435\u043d\u0438\u043c\u043e\u0435 \u043f\u0440\u0430\u0432\u043e<\/h2>\n  <p>\n    \u041d\u0430\u0441\u0442\u043e\u044f\u0449\u0438\u0435 \u0423\u0441\u043b\u043e\u0432\u0438\u044f \u0440\u0435\u0433\u0443\u043b\u0438\u0440\u0443\u044e\u0442\u0441\u044f \u0444\u0440\u0430\u043d\u0446\u0443\u0437\u0441\u043a\u0438\u043c \u043f\u0440\u0430\u0432\u043e\u043c.\n  <\/p>\n  <p>\n    \u0412 \u0441\u043b\u0443\u0447\u0430\u0435 \u0432\u043e\u0437\u043d\u0438\u043a\u043d\u043e\u0432\u0435\u043d\u0438\u044f \u0441\u043f\u043e\u0440\u0430, \u043f\u0440\u0435\u0436\u0434\u0435 \u0447\u0435\u043c \u043f\u0440\u0435\u0434\u043f\u0440\u0438\u043d\u0438\u043c\u0430\u0442\u044c \u043a\u0430\u043a\u0438\u0435-\u043b\u0438\u0431\u043e \u044e\u0440\u0438\u0434\u0438\u0447\u0435\u0441\u043a\u0438\u0435 \u0434\u0435\u0439\u0441\u0442\u0432\u0438\u044f, \u0431\u0443\u0434\u0435\u0442 \u043f\u0440\u0435\u0434\u043f\u0440\u0438\u043d\u044f\u0442\u0430 \u043f\u043e\u043f\u044b\u0442\u043a\u0430 \u0443\u0440\u0435\u0433\u0443\u043b\u0438\u0440\u043e\u0432\u0430\u0442\u044c \u0435\u0433\u043e \u043c\u0438\u0440\u043d\u044b\u043c \u043f\u0443\u0442\u0435\u043c. \u0412 \u043f\u0440\u043e\u0442\u0438\u0432\u043d\u043e\u043c \u0441\u043b\u0443\u0447\u0430\u0435, \u043a\u043e\u043c\u043f\u0435\u0442\u0435\u043d\u0442\u043d\u044b\u043c\u0438 \u0441\u0443\u0434\u0430\u043c\u0438 \u0431\u0443\u0434\u0443\u0442 \u0441\u0443\u0434\u044b \u0442\u043e\u0439 \u044e\u0440\u0438\u0441\u0434\u0438\u043a\u0446\u0438\u0438, \u0433\u0434\u0435 \u043d\u0430\u0445\u043e\u0434\u0438\u0442\u0441\u044f \u0437\u0430\u0440\u0435\u0433\u0438\u0441\u0442\u0440\u0438\u0440\u043e\u0432\u0430\u043d\u043d\u044b\u0439 \u043e\u0444\u0438\u0441 \u043a\u043e\u043c\u043f\u0430\u043d\u0438\u0438.\n  <\/p>\n\n  <h2>\u0421\u0442\u0430\u0442\u044c\u044f 15 \u2013 \u041f\u0440\u0438\u043d\u044f\u0442\u0438\u0435 \u041e\u0431\u0449\u0438\u0445 \u0443\u0441\u043b\u043e\u0432\u0438\u0439<\/h2>\n  <p>\n    \u041b\u044e\u0431\u043e\u0435 \u0431\u0440\u043e\u043d\u0438\u0440\u043e\u0432\u0430\u043d\u0438\u0435, \u043e\u0444\u043e\u0440\u043c\u043b\u0435\u043d\u043d\u043e\u0435 \u043d\u0430 \u0441\u0430\u0439\u0442\u0435, \u043f\u043e\u0434\u0440\u0430\u0437\u0443\u043c\u0435\u0432\u0430\u0435\u0442 \u043f\u043e\u043b\u043d\u043e\u0435 \u0438 \u0431\u0435\u0437\u043e\u0433\u043e\u0432\u043e\u0440\u043e\u0447\u043d\u043e\u0435 \u043f\u0440\u0438\u043d\u044f\u0442\u0438\u0435 \u043d\u0430\u0441\u0442\u043e\u044f\u0449\u0438\u0445 \u041e\u0431\u0449\u0438\u0445 \u0443\u0441\u043b\u043e\u0432\u0438\u0439 \u043f\u0440\u043e\u0434\u0430\u0436\u0438.\n  <\/p>\n<\/section>\t\t\t\t<\/div>\n\t\t\t\t<\/div>\n\t\t\t\t\t<\/div>\n\t\t\t\t<\/div>\n\t\t\t\t<\/div>","protected":false},"excerpt":{"rendered":"<p>Conditions G\u00e9n\u00e9rales de Vente (CGV) Quentin Chauffeur Priv\u00e9 Article 1 \u2013 Identification de la soci\u00e9t\u00e9 Le site quentin-chauffeur-prive.fr est exploit\u00e9 par : ALEM QUENTIN Soci\u00e9t\u00e9 par actions simplifi\u00e9e \u00e0 associ\u00e9 unique (SASU) Capital social : 3 500 \u20ac Si\u00e8ge social : 5 rue de Cronstadt, 54000 Nancy \u2013 France RCS Nancy : 935 195 982 [&hellip;]<\/p>\n","protected":false},"author":4,"featured_media":0,"parent":0,"menu_order":0,"comment_status":"closed","ping_status":"closed","template":"","meta":{"footnotes":""},"class_list":["post-673","page","type-page","status-publish","hentry"],"aioseo_notices":[],"_links":{"self":[{"href":"https:\/\/quentin-chauffeur-prive.fr\/ru\/wp-json\/wp\/v2\/pages\/673","targetHints":{"allow":["GET"]}}],"collection":[{"href":"https:\/\/quentin-chauffeur-prive.fr\/ru\/wp-json\/wp\/v2\/pages"}],"about":[{"href":"https:\/\/quentin-chauffeur-prive.fr\/ru\/wp-json\/wp\/v2\/types\/page"}],"author":[{"embeddable":true,"href":"https:\/\/quentin-chauffeur-prive.fr\/ru\/wp-json\/wp\/v2\/users\/4"}],"replies":[{"embeddable":true,"href":"https:\/\/quentin-chauffeur-prive.fr\/ru\/wp-json\/wp\/v2\/comments?post=673"}],"version-history":[{"count":4,"href":"https:\/\/quentin-chauffeur-prive.fr\/ru\/wp-json\/wp\/v2\/pages\/673\/revisions"}],"predecessor-version":[{"id":679,"href":"https:\/\/quentin-chauffeur-prive.fr\/ru\/wp-json\/wp\/v2\/pages\/673\/revisions\/679"}],"wp:attachment":[{"href":"https:\/\/quentin-chauffeur-prive.fr\/ru\/wp-json\/wp\/v2\/media?parent=673"}],"curies":[{"name":"wp","href":"https:\/\/api.w.org\/{rel}","templated":true}]}}